{"id":16462,"date":"2023-10-31T08:42:00","date_gmt":"2023-10-31T08:42:00","guid":{"rendered":"https:\/\/mariswiss.com\/?post_type=product&#038;p=16462"},"modified":"2025-07-17T10:24:31","modified_gmt":"2025-07-17T10:24:31","slug":"nlx-baby-buds-cbd-indoor","status":"publish","type":"product","link":"https:\/\/mariswiss.com\/it\/product\/nlx-baby-buds-cbd-indoor\/","title":{"rendered":"NLX baby buds CBD Indoor"},"content":{"rendered":"<p><span style=\"text-decoration: underline;\"><strong>NLX BABY BUDS CBD INDOOR<\/strong><\/span><\/p>\n<ul>\n<li>Origine: Coltivata in Svizzera e coltivata al chiuso. Condizioni ottimali (umidit\u00e0, calore, luce).<\/li>\n<li>Aspetto: fiori piccoli, grandi come popcorn, compatti e chiari, circondati da polline. Fiori leggermente umidi.<\/li>\n<li>Odore\/gusto: odore di legno all'apertura del sacchetto. Quando viene bruciato, odore pepato e sapore forte.<\/li>\n<li>Contenuto di CBD \/ effetti: 14% di CBD per questo fiore. Non troppo potente, ideale per il consumo sia diurno che serale.<\/li>\n<\/ul>","protected":false},"excerpt":{"rendered":"<p><span style=\"text-decoration: underline;\"><strong>NLX BABY BUDS CBD INDOOR<\/strong><\/span><\/p>\n<ul>\n<li>Origine: coltivata in Svizzera in condizioni ottimali (umidit\u00e0, calore, luce, temperatura).<\/li>\n<li>Aspetto: un assortimento di piccoli fiori simili a popcorn. Verde chiaro, fiore piuttosto umido e compatto.<\/li>\n<li>Odore \/ gusto: un odore legnoso quando si apre la busta, tipico della variet\u00e0 NLX, che \u00e8 simile a una V1. Quando viene bruciata, l'odore \u00e8 piuttosto pepato e il sapore \u00e8 molto presente.<\/li>\n<li>Contenuto\/effetti del CBD: 14% di CBD per questo fiore, una potenza relativamente misurata che assicura un leggero rilassamento. Pu\u00f2 essere assunto in qualsiasi momento della giornata.<\/li>\n<\/ul>","protected":false},"featured_media":16467,"comment_status":"open","ping_status":"closed","template":"","meta":{"inline_featured_image":false},"product_cat":[353,354,407],"product_tag":[220,76],"class_list":{"0":"post-16462","1":"product","2":"type-product","3":"status-publish","4":"has-post-thumbnail","6":"product_brand-mari-swiss","7":"product_cat-fleurs-de-cbd","8":"product_cat-indoor","9":"product_cat-mini-buds","10":"product_tag-fleurs-cbd","11":"product_tag-indoor","13":"first","14":"instock","15":"sale","16":"taxable","17":"shipping-taxable","18":"purchasable","19":"product-type-variable"},"jetpack_sharing_enabled":true,"_links":{"self":[{"href":"https:\/\/mariswiss.com\/it\/wp-json\/wp\/v2\/product\/16462","targetHints":{"allow":["GET"]}}],"collection":[{"href":"https:\/\/mariswiss.com\/it\/wp-json\/wp\/v2\/product"}],"about":[{"href":"https:\/\/mariswiss.com\/it\/wp-json\/wp\/v2\/types\/product"}],"replies":[{"embeddable":true,"href":"https:\/\/mariswiss.com\/it\/wp-json\/wp\/v2\/comments?post=16462"}],"wp:featuredmedia":[{"embeddable":true,"href":"https:\/\/mariswiss.com\/it\/wp-json\/wp\/v2\/media\/16467"}],"wp:attachment":[{"href":"https:\/\/mariswiss.com\/it\/wp-json\/wp\/v2\/media?parent=16462"}],"wp:term":[{"taxonomy":"product_cat","embeddable":true,"href":"https:\/\/mariswiss.com\/it\/wp-json\/wp\/v2\/product_cat?post=16462"},{"taxonomy":"product_tag","embeddable":true,"href":"https:\/\/mariswiss.com\/it\/wp-json\/wp\/v2\/product_tag?post=16462"}],"curies":[{"name":"wp","href":"https:\/\/api.w.org\/{rel}","templated":true}]}}