{"id":16493,"date":"2023-10-31T13:24:43","date_gmt":"2023-10-31T13:24:43","guid":{"rendered":"https:\/\/mariswiss.com\/?post_type=product&#038;p=16493"},"modified":"2026-01-29T17:07:21","modified_gmt":"2026-01-29T17:07:21","slug":"gold-mousseux-thcp","status":"publish","type":"product","link":"https:\/\/mariswiss.com\/it\/product\/gold-mousseux-thcp\/","title":{"rendered":"Oro frizzante CBN+"},"content":{"rendered":"<p><span style=\"text-decoration: underline;\"><strong>ORO SCINTILLANTE HSD<\/strong><\/span><\/p>\n<ul>\n<li class=\"lead\">Origine: Preparato in Svizzera nel laboratorio dei nostri coltivatori, da fiori coltivati in casa.<\/li>\n<li class=\"lead\">Aspetto: Un magnifico hashish dorato, morbido e facile da usare.<\/li>\n<li class=\"lead\">Odore\/gusto: una resina leggermente terrosa, dall'odore simile a quello delle cacche di giovent\u00f9. Un gusto pronunciato e pepato quando viene consumata.<\/li>\n<li class=\"lead\">CBD - HSD \/ effetti: 25% CBD, 10% HSD. Si tratta di un hashish potente, che consigliamo di consumare a fine giornata. HSD \u00e8 una miscela di isolati di CBN e CBD e di musimolo naturale e legale. \u00c8 una miscela completamente autorizzata, pi\u00f9 forte e con pi\u00f9 effetti del CBD, ma senza forti effetti psicotropi.<\/li>\n<\/ul>","protected":false},"excerpt":{"rendered":"<p><span style=\"text-decoration: underline;\"><strong>ORO SCINTILLANTE HSD<\/strong><\/span><\/p>\n<ul>\n<li class=\"lead\">Origine: Preparato in Svizzera nel laboratorio dei nostri coltivatori, da fiori coltivati in casa.<\/li>\n<li class=\"lead\">Aspetto: Un magnifico hashish dorato, morbido e facile da usare.<\/li>\n<li class=\"lead\">Odore\/gusto: una resina leggermente terrosa, dall'odore simile a quello delle cacche di giovent\u00f9. Un gusto pronunciato e pepato quando viene consumata.<\/li>\n<li class=\"lead\">CBD - HSD \/ effetti: 25% CBD, 10% HSD. Si tratta di un hashish potente, che consigliamo di consumare a fine giornata. HSD \u00e8 una miscela di isolati di CBN e CBD e di musimolo naturale e legale. \u00c8 una miscela completamente autorizzata, pi\u00f9 forte e con pi\u00f9 effetti del CBD, ma senza forti effetti psicotropi.<\/li>\n<li style=\"list-style-type: none;\"><\/li>\n<\/ul>","protected":false},"featured_media":19307,"comment_status":"open","ping_status":"closed","template":"","meta":{"inline_featured_image":false},"product_cat":[362,360],"product_tag":[244,482,76],"class_list":{"0":"post-16493","1":"product","2":"type-product","3":"status-publish","4":"has-post-thumbnail","6":"product_brand-mari-swiss","7":"product_cat-resines-de-thcp","8":"product_cat-thcp","9":"product_tag-hash","10":"product_tag-hsd","11":"product_tag-indoor","13":"first","14":"instock","15":"sale","16":"taxable","17":"shipping-taxable","18":"purchasable","19":"product-type-variable"},"jetpack_sharing_enabled":true,"_links":{"self":[{"href":"https:\/\/mariswiss.com\/it\/wp-json\/wp\/v2\/product\/16493","targetHints":{"allow":["GET"]}}],"collection":[{"href":"https:\/\/mariswiss.com\/it\/wp-json\/wp\/v2\/product"}],"about":[{"href":"https:\/\/mariswiss.com\/it\/wp-json\/wp\/v2\/types\/product"}],"replies":[{"embeddable":true,"href":"https:\/\/mariswiss.com\/it\/wp-json\/wp\/v2\/comments?post=16493"}],"wp:featuredmedia":[{"embeddable":true,"href":"https:\/\/mariswiss.com\/it\/wp-json\/wp\/v2\/media\/19307"}],"wp:attachment":[{"href":"https:\/\/mariswiss.com\/it\/wp-json\/wp\/v2\/media?parent=16493"}],"wp:term":[{"taxonomy":"product_cat","embeddable":true,"href":"https:\/\/mariswiss.com\/it\/wp-json\/wp\/v2\/product_cat?post=16493"},{"taxonomy":"product_tag","embeddable":true,"href":"https:\/\/mariswiss.com\/it\/wp-json\/wp\/v2\/product_tag?post=16493"}],"curies":[{"name":"wp","href":"https:\/\/api.w.org\/{rel}","templated":true}]}}