{"id":18082,"date":"2024-05-03T09:48:37","date_gmt":"2024-05-03T09:48:37","guid":{"rendered":"https:\/\/mariswiss.com\/?post_type=product&#038;p=18082"},"modified":"2026-04-17T09:04:03","modified_gmt":"2026-04-17T09:04:03","slug":"swiss-premium-black-hash-bio-cbd","status":"publish","type":"product","link":"https:\/\/mariswiss.com\/it\/product\/swiss-premium-black-hash-bio-cbd\/","title":{"rendered":"Hash nero premium svizzero BIO CBD"},"content":{"rendered":"","protected":false},"excerpt":{"rendered":"<div style=\"text-align: left;\">\n<p><strong>Erba nera premium svizzera ORGANICA<\/strong><\/p>\n<ul>\n<li>Origine: Swiss Premium Black Hash BIO \u00e8 prodotto nel cantone di Berna, in Svizzera, dove i fiori di alta qualit\u00e0 sono coltivati in casa secondo i principi dell'agricoltura biologica.<\/li>\n<li>Aspetto: questa resina \u00e8 compatta e leggermente oleosa, quindi molto facile da maneggiare per un uso ottimale.<\/li>\n<li>Odore \/ Gusto: Con il suo gusto pronunciato, questo hashish offre un'esperienza aromatica intensa che delizier\u00e0 gli appassionati di resine autentiche con un carattere distinto.<\/li>\n<li>Contenuto di CBD \/ Effetti: contiene 30% di CBD. Principalmente rilassante, questo hashish \u00e8 ideale per chi cerca un profondo relax, grazie alle sue propriet\u00e0 derivate da fiori organici di alta qualit\u00e0. Un must per gli intenditori alla ricerca di un'esperienza eccezionale.<\/li>\n<\/ul>\n<\/div>","protected":false},"featured_media":18055,"comment_status":"open","ping_status":"closed","template":"","meta":{"inline_featured_image":false},"product_cat":[352,357],"product_tag":[],"class_list":{"0":"post-18082","1":"product","2":"type-product","3":"status-publish","4":"has-post-thumbnail","6":"product_brand-mari-swiss","7":"product_cat-cbd","8":"product_cat-resines-de-cbd","10":"first","11":"instock","12":"sale","13":"taxable","14":"shipping-taxable","15":"purchasable","16":"product-type-variable"},"jetpack_sharing_enabled":true,"_links":{"self":[{"href":"https:\/\/mariswiss.com\/it\/wp-json\/wp\/v2\/product\/18082","targetHints":{"allow":["GET"]}}],"collection":[{"href":"https:\/\/mariswiss.com\/it\/wp-json\/wp\/v2\/product"}],"about":[{"href":"https:\/\/mariswiss.com\/it\/wp-json\/wp\/v2\/types\/product"}],"replies":[{"embeddable":true,"href":"https:\/\/mariswiss.com\/it\/wp-json\/wp\/v2\/comments?post=18082"}],"wp:featuredmedia":[{"embeddable":true,"href":"https:\/\/mariswiss.com\/it\/wp-json\/wp\/v2\/media\/18055"}],"wp:attachment":[{"href":"https:\/\/mariswiss.com\/it\/wp-json\/wp\/v2\/media?parent=18082"}],"wp:term":[{"taxonomy":"product_cat","embeddable":true,"href":"https:\/\/mariswiss.com\/it\/wp-json\/wp\/v2\/product_cat?post=18082"},{"taxonomy":"product_tag","embeddable":true,"href":"https:\/\/mariswiss.com\/it\/wp-json\/wp\/v2\/product_tag?post=18082"}],"curies":[{"name":"wp","href":"https:\/\/api.w.org\/{rel}","templated":true}]}}