{"id":18296,"date":"2024-05-27T14:17:18","date_gmt":"2024-05-27T14:17:18","guid":{"rendered":"https:\/\/mariswiss.com\/?post_type=product&#038;p=18296"},"modified":"2025-07-11T08:16:26","modified_gmt":"2025-07-11T08:16:26","slug":"ocb-bamboo-king-size-slim-papers-100-bamboo","status":"publish","type":"product","link":"https:\/\/mariswiss.com\/it\/product\/ocb-bamboo-king-size-slim-papers-100-bamboo\/","title":{"rendered":"CARTE SOTTILI KING SIZE IN BAMB\u00d9 OCB - 100% BAMB\u00d9"},"content":{"rendered":"","protected":false},"excerpt":{"rendered":"<h2>CARTE SOTTILI KING SIZE IN BAMB\u00d9 OCB<\/h2>\n<p>OCB presenta le foglie di sigaretta realizzate con 100 % di bamb\u00f9!<\/p>\n<p>Il bamb\u00f9 \u00e8 una materia prima che si rinnova rapidamente e la carta che se ne ricava \u00e8 caratterizzata da flessibilit\u00e0 e resistenza allo strappo. Ogni libretto contiene 32 fogli di bamb\u00f9 ultra-fine non sbiancato che brucia in modo uniforme. Questo prodotto \u00e8 vegano e realizzato in Francia.<\/p>\n<p>In poche parole:<\/p>\n<ul>\n<li>Dimensioni del foglio: 44 x 109 mm<\/li>\n<li>Non sbiancato e privo di coloranti<\/li>\n<li>32 fogli per libretto<\/li>\n<li>50 libretti per scatola<\/li>\n<\/ul>","protected":false},"featured_media":18297,"comment_status":"open","ping_status":"closed","template":"","meta":{"inline_featured_image":false},"product_cat":[366,369],"product_tag":[217],"class_list":{"0":"post-18296","1":"product","2":"type-product","3":"status-publish","4":"has-post-thumbnail","6":"product_brand-ocb","7":"product_cat-accessoires","8":"product_cat-feuilles-a-rouler","9":"product_tag-feuilles","11":"first","12":"instock","13":"taxable","14":"shipping-taxable","15":"purchasable","16":"product-type-simple"},"jetpack_sharing_enabled":true,"_links":{"self":[{"href":"https:\/\/mariswiss.com\/it\/wp-json\/wp\/v2\/product\/18296","targetHints":{"allow":["GET"]}}],"collection":[{"href":"https:\/\/mariswiss.com\/it\/wp-json\/wp\/v2\/product"}],"about":[{"href":"https:\/\/mariswiss.com\/it\/wp-json\/wp\/v2\/types\/product"}],"replies":[{"embeddable":true,"href":"https:\/\/mariswiss.com\/it\/wp-json\/wp\/v2\/comments?post=18296"}],"wp:featuredmedia":[{"embeddable":true,"href":"https:\/\/mariswiss.com\/it\/wp-json\/wp\/v2\/media\/18297"}],"wp:attachment":[{"href":"https:\/\/mariswiss.com\/it\/wp-json\/wp\/v2\/media?parent=18296"}],"wp:term":[{"taxonomy":"product_cat","embeddable":true,"href":"https:\/\/mariswiss.com\/it\/wp-json\/wp\/v2\/product_cat?post=18296"},{"taxonomy":"product_tag","embeddable":true,"href":"https:\/\/mariswiss.com\/it\/wp-json\/wp\/v2\/product_tag?post=18296"}],"curies":[{"name":"wp","href":"https:\/\/api.w.org\/{rel}","templated":true}]}}