{"id":19917,"date":"2025-01-17T15:54:59","date_gmt":"2025-01-17T15:54:59","guid":{"rendered":"https:\/\/mariswiss.com\/?post_type=product&#038;p=19917"},"modified":"2025-10-02T14:54:42","modified_gmt":"2025-10-02T14:54:42","slug":"gelato-indoor-cbd","status":"publish","type":"product","link":"https:\/\/mariswiss.com\/it\/product\/gelato-indoor-cbd\/","title":{"rendered":"Gelato Indoor CBD"},"content":{"rendered":"","protected":false},"excerpt":{"rendered":"<h3>Gelato Indoor CBD<\/h3>\n<p><strong>Origine :<\/strong> Cultiv\u00e9e en int\u00e9rieur en Suisse, cette vari\u00e9t\u00e9 se distingue par ses bourgeons assez gros, et surtout une fleur claire et tr\u00e8s jolie<\/p>\n<p><strong>Aspetto :<\/strong> Des buds compactes et tr\u00e8s attirantes, remplies de trichomes.<\/p>\n<p><strong>Odore \/ Gusto :<\/strong> Une explosion de saveurs fruit\u00e9es rappelant le terp\u00e8ne Gelato, et un go\u00fbt l\u00e9g\u00e8rement sucr\u00e9.<\/p>\n<p><strong>Contenuto di CBD \/ Effetti :<\/strong> Questo fiore ha un effetto rilassante grazie all'alto livello di CBD 21%, perfetto per un momento di relax.<\/p>","protected":false},"featured_media":19922,"comment_status":"open","ping_status":"closed","template":"","meta":{"inline_featured_image":false},"product_cat":[352,353,354,15],"product_tag":[],"class_list":{"0":"post-19917","1":"product","2":"type-product","3":"status-publish","4":"has-post-thumbnail","6":"product_brand-mari-swiss","7":"product_cat-cbd","8":"product_cat-fleurs-de-cbd","9":"product_cat-indoor","10":"product_cat-uncategorized","12":"first","13":"instock","14":"sale","15":"taxable","16":"shipping-taxable","17":"purchasable","18":"product-type-variable"},"jetpack_sharing_enabled":true,"_links":{"self":[{"href":"https:\/\/mariswiss.com\/it\/wp-json\/wp\/v2\/product\/19917","targetHints":{"allow":["GET"]}}],"collection":[{"href":"https:\/\/mariswiss.com\/it\/wp-json\/wp\/v2\/product"}],"about":[{"href":"https:\/\/mariswiss.com\/it\/wp-json\/wp\/v2\/types\/product"}],"replies":[{"embeddable":true,"href":"https:\/\/mariswiss.com\/it\/wp-json\/wp\/v2\/comments?post=19917"}],"wp:featuredmedia":[{"embeddable":true,"href":"https:\/\/mariswiss.com\/it\/wp-json\/wp\/v2\/media\/19922"}],"wp:attachment":[{"href":"https:\/\/mariswiss.com\/it\/wp-json\/wp\/v2\/media?parent=19917"}],"wp:term":[{"taxonomy":"product_cat","embeddable":true,"href":"https:\/\/mariswiss.com\/it\/wp-json\/wp\/v2\/product_cat?post=19917"},{"taxonomy":"product_tag","embeddable":true,"href":"https:\/\/mariswiss.com\/it\/wp-json\/wp\/v2\/product_tag?post=19917"}],"curies":[{"name":"wp","href":"https:\/\/api.w.org\/{rel}","templated":true}]}}