{"id":8371,"date":"2023-10-13T12:27:19","date_gmt":"2023-10-13T12:27:19","guid":{"rendered":"https:\/\/mariswiss.com\/?post_type=product&#038;p=8371"},"modified":"2025-07-11T08:19:22","modified_gmt":"2025-07-11T08:19:22","slug":"raw-connoisseur-king-size-slim-filtres","status":"publish","type":"product","link":"https:\/\/mariswiss.com\/it\/product\/raw-connoisseur-king-size-slim-filtres\/","title":{"rendered":"Raw Connoisseur King Size Slim + Filtri"},"content":{"rendered":"<p>RAW King Size Slim + Filtri. 2 elementi essenziali combinati in un'unica confezione per facilitare il vostro consumo. Le lenzuola contengono una miscela ibrida di fibre non sbiancate (non sbiancate con cloro). La carta \u00e8 di colore naturale traslucido e marrone chiaro. Il RAW \u00e8 cos\u00ec sottile che si pu\u00f2 vedere attraverso di esso. Ogni carta presenta la filigrana brevettata CrissCross.<\/p>\n<p>Per garantirvi la migliore esperienza di degustazione possibile, vendiamo solo prodotti di altissima qualit\u00e0, rinomati in tutto il mondo per la loro struttura raffinata e soprattutto realizzati con materiali e materie prime di prima scelta.<\/p>\n<p>Anche i prezzi sono molto interessanti per questo tipo di prodotti, quindi non esitate ad aggiungerli al vostro ordine!<\/p>","protected":false},"excerpt":{"rendered":"<p><strong>32 fogli e 32 filtri per confezione<\/strong><\/p>\n<p>Raw Connoisseur King Size Lenzuola e filtri Slim in un'unica confezione. Il RAW Connoisseur combina due elementi essenziali per il vostro consumo in un unico design.<br \/>\nLa carta RAW contiene una miscela ibrida di fibre non sbiancate (non sbiancate al cloro), di colore marrone chiaro traslucido naturale. RAW \u00e8 cos\u00ec sottile che si pu\u00f2 vedere attraverso di essa. Ogni carta \u00e8 dotata della filigrana brevettata CrissCross. Questa speciale filigrana impedisce l'effetto \"bleed-through\" e preserva le caratteristiche di uniformit\u00e0 di combustione per le quali siamo rinomati.<br \/>\nI filtri RAW sono realizzati con carta 100% senza cloro.<\/p>","protected":false},"featured_media":8372,"comment_status":"open","ping_status":"closed","template":"","meta":{"inline_featured_image":false},"product_cat":[15,366,369],"product_tag":[217,218],"class_list":{"0":"post-8371","1":"product","2":"type-product","3":"status-publish","4":"has-post-thumbnail","6":"product_brand-raw","7":"product_cat-uncategorized","8":"product_cat-accessoires","9":"product_cat-feuilles-a-rouler","10":"product_tag-feuilles","11":"product_tag-filtres","13":"first","14":"outofstock","15":"taxable","16":"shipping-taxable","17":"purchasable","18":"product-type-simple"},"jetpack_sharing_enabled":true,"_links":{"self":[{"href":"https:\/\/mariswiss.com\/it\/wp-json\/wp\/v2\/product\/8371","targetHints":{"allow":["GET"]}}],"collection":[{"href":"https:\/\/mariswiss.com\/it\/wp-json\/wp\/v2\/product"}],"about":[{"href":"https:\/\/mariswiss.com\/it\/wp-json\/wp\/v2\/types\/product"}],"replies":[{"embeddable":true,"href":"https:\/\/mariswiss.com\/it\/wp-json\/wp\/v2\/comments?post=8371"}],"wp:featuredmedia":[{"embeddable":true,"href":"https:\/\/mariswiss.com\/it\/wp-json\/wp\/v2\/media\/8372"}],"wp:attachment":[{"href":"https:\/\/mariswiss.com\/it\/wp-json\/wp\/v2\/media?parent=8371"}],"wp:term":[{"taxonomy":"product_cat","embeddable":true,"href":"https:\/\/mariswiss.com\/it\/wp-json\/wp\/v2\/product_cat?post=8371"},{"taxonomy":"product_tag","embeddable":true,"href":"https:\/\/mariswiss.com\/it\/wp-json\/wp\/v2\/product_tag?post=8371"}],"curies":[{"name":"wp","href":"https:\/\/api.w.org\/{rel}","templated":true}]}}