{"id":8847,"date":"2023-10-13T12:28:58","date_gmt":"2023-10-13T12:28:58","guid":{"rendered":"https:\/\/mariswiss.com\/?post_type=product&#038;p=8847"},"modified":"2025-07-11T08:18:32","modified_gmt":"2025-07-11T08:18:32","slug":"filtres-a-charbon-active-actitube-extra-slim-6mm","status":"publish","type":"product","link":"https:\/\/mariswiss.com\/it\/product\/filtres-a-charbon-active-actitube-extra-slim-6mm\/","title":{"rendered":"Actitube| Filtri a carbone attivo extra sottili da 6 mm"},"content":{"rendered":"<p>- Dimensioni del filtro: 6 x 27 mm<br \/>\n- Tappi in ceramica su entrambi i lati<br \/>\n- 50 filtri per confezione<\/p>\n<p><strong>Consigli per l'inverno :<\/strong><\/p>\n<p>A temperature inferiori a 5\u00b0C, il filtro pu\u00f2 bloccarsi. Ci\u00f2 \u00e8 dovuto alla condensazione del fumo all'interno del filtro.<\/p>\n<p>Per questo motivo \u00e8 consigliabile fumare al chiuso durante la stagione fredda o tenere il fumo fuori casa.\u00a0<a href=\"https:\/\/mariswiss.com\/it\/product-category\/accessoires\/filtres\/\">filtro<\/a>\u00a0finch\u00e9 non lo si accende.<\/p>\n<p>Per garantirvi la migliore esperienza di degustazione possibile, vendiamo solo prodotti di altissima qualit\u00e0. Per la loro realizzazione vengono utilizzati materiali pregiati, riconosciuti in tutto il mondo.<\/p>\n<p>Anche i prezzi sono molto interessanti per questo tipo di prodotti, quindi non esitate ad aggiungerli al vostro ordine!<\/p>","protected":false},"excerpt":{"rendered":"<p>Filtri a carbone <a href=\"https:\/\/mariswiss.com\/it\/product\/filtres-a-charbon-active-actitube-slim-compact-travel-size\/\"><strong>ActiTube<\/strong><\/a> <strong>Extra<\/strong> <strong>Sottile<\/strong>\u00a0sono stati progettati per filtrare gran parte delle sostanze nocive utilizzando il carbone attivo.<\/p>\n<p>Per questi filtri, actiTube ha ridotto il grado di riempimento. Di conseguenza, la protezione delle vie respiratorie \u00e8 ridotta, ma si ottiene comunque il GUSTO PIENO del fumo dei roll-up.<\/p>\n<p>Ha la particolarit\u00e0 di trattenere alcuni elementi come la nicotina e il catrame, che si formano quando le sigarette vengono bruciate, oltre ad altre sostanze nocive.<\/p>\n<p>Quando il fumo passa attraverso un filtro a carbone attivo, gran parte del catrame nocivo presente nel fumo si attacca al carbone attivo.<\/p>\n<p>Il fumo \u00e8 meno nocivo, raffreddato da una punta in ceramica che lo rende pi\u00f9 morbido, il gusto del tabacco \u00e8 attenuato ma non quello dell'erba e l'effetto \"hit\" non viene alterato.<\/p>","protected":false},"featured_media":9974,"comment_status":"open","ping_status":"closed","template":"","meta":{"inline_featured_image":false},"product_cat":[15,366,368],"product_tag":[217,218],"class_list":{"0":"post-8847","1":"product","2":"type-product","3":"status-publish","4":"has-post-thumbnail","6":"product_brand-actitube","7":"product_cat-uncategorized","8":"product_cat-accessoires","9":"product_cat-filtres","10":"product_tag-feuilles","11":"product_tag-filtres","13":"first","14":"instock","15":"sale","16":"taxable","17":"shipping-taxable","18":"purchasable","19":"product-type-simple"},"jetpack_sharing_enabled":true,"_links":{"self":[{"href":"https:\/\/mariswiss.com\/it\/wp-json\/wp\/v2\/product\/8847","targetHints":{"allow":["GET"]}}],"collection":[{"href":"https:\/\/mariswiss.com\/it\/wp-json\/wp\/v2\/product"}],"about":[{"href":"https:\/\/mariswiss.com\/it\/wp-json\/wp\/v2\/types\/product"}],"replies":[{"embeddable":true,"href":"https:\/\/mariswiss.com\/it\/wp-json\/wp\/v2\/comments?post=8847"}],"wp:featuredmedia":[{"embeddable":true,"href":"https:\/\/mariswiss.com\/it\/wp-json\/wp\/v2\/media\/9974"}],"wp:attachment":[{"href":"https:\/\/mariswiss.com\/it\/wp-json\/wp\/v2\/media?parent=8847"}],"wp:term":[{"taxonomy":"product_cat","embeddable":true,"href":"https:\/\/mariswiss.com\/it\/wp-json\/wp\/v2\/product_cat?post=8847"},{"taxonomy":"product_tag","embeddable":true,"href":"https:\/\/mariswiss.com\/it\/wp-json\/wp\/v2\/product_tag?post=8847"}],"curies":[{"name":"wp","href":"https:\/\/api.w.org\/{rel}","templated":true}]}}