{"id":16212,"date":"2023-10-03T12:59:53","date_gmt":"2023-10-03T12:59:53","guid":{"rendered":"https:\/\/mariswiss.com\/?page_id=16212"},"modified":"2024-12-05T15:16:10","modified_gmt":"2024-12-05T15:16:10","slug":"conditions-generales","status":"publish","type":"page","link":"https:\/\/mariswiss.com\/nl\/conditions-generales\/","title":{"rendered":"Algemene voorwaarden (AV)"},"content":{"rendered":"<h1>Algemene voorwaarden (AV)<\/h1>\n<p>Door onze website te gebruiken en er producten of diensten van te kopen, gaat u automatisch akkoord met onze algemene voorwaarden en bevestigt u dat u minstens 18 jaar oud bent.<\/p>\n<p><strong>1. Registratie<\/strong><br \/>\nU bent zelf verantwoordelijk voor de juistheid en volledigheid van de gegevens die u verstrekt wanneer u zich registreert op de site.<br \/>\nIndien nodig zult u ons informeren over wijzigingen in de verstrekte gegevens door het profiel zo snel mogelijk bij te werken.<br \/>\nWanneer u zich registreert, wordt u gevraagd een wachtwoord te kiezen waarmee u onze site kunt gebruiken. Dit wachtwoord is strikt vertrouwelijk. Het mag niet worden doorgegeven aan derden.<br \/>\nU bent als enige verantwoordelijk voor het gebruik, de opslag en de beveiliging van uw wachtwoord.<br \/>\nAls u weet of vermoedt dat een derde partij toegang heeft tot uw wachtwoord, breng ons dan onmiddellijk op de hoogte.<\/p>\n<p><strong>2. Prijzen<\/strong><br \/>\nDe prijzen op onze site zijn in Euro (EUR), Zwitserse Franc (CHF) en Pond Sterling (\u00a3).<br \/>\nDe prijs op de productbladen is exclusief transport.<br \/>\n<em>Prijzen kunnen zonder voorafgaande kennisgeving worden gewijzigd.<\/em><\/p>\n<p><strong>3. Levering<\/strong><br \/>\nJe bestelling wordt binnen 24 tot 48 uur na ontvangst van betaling verzonden. Zodra je bestelling is verzonden, ontvang je een e-mail met het volgnummer.<br \/>\nJe kunt je trackingnummer ook vinden in je persoonlijke gedeelte op onze site, onder \"bestellingen\".<br \/>\nJe bestelling wordt geleverd op het adres dat bij de bestelling is opgegeven.<br \/>\nWe versturen je bestelling per prioritypost met een trackingnummer.<br \/>\nJe bestelling kan in verschillende pakketten worden verzonden.<br \/>\nDe verzendtijd is 3 (drie) tot 5 (vijf) werkdagen, of langer afhankelijk van de omstandigheden.<\/p>\n<p><strong>4. Retourbeleid<\/strong><br \/>\nIn het onwaarschijnlijke geval dat je niet tevreden bent met de kwaliteit van onze producten, bieden we een terugbetalingsservice:<\/p>\n<p>U moet binnen 7 dagen na ontvangst contact met ons opnemen door een e-mail te sturen naar <a href=\"mailto:hello@mariswiss.com\">hello@mariswiss.com<\/a> . Geef ons je bestelreferentie en beschrijf waarom je je geld terug wilt. We zijn niet verantwoordelijk voor verlies of schade als je dit niet doet.<br \/>\nRetourneer het product in de originele, ongeopende verpakking. Als een artikel gebruikt\/geopend is, kunnen we geen retouren accepteren.<br \/>\nGeretourneerde artikelen worden gecontroleerd op defecten en worden vervangen of vergoed als er een defect wordt geconstateerd.<br \/>\nDe restitutie is voor de kosten van het product en exclusief alle porto-, verpakkings- en verzendkosten.<br \/>\nRestituties worden over het algemeen gecrediteerd via dezelfde betaalmethode als de aankoop.<br \/>\nWe accepteren geen retourzendingen van producten als je de smaak of geur niet lekker vindt.<\/p>\n<p><strong>5. Terugbetaling<\/strong><\/p>\n<p>Als je om wat voor reden dan ook je geld terug wilt, neem dan contact met ons op via het volgende e-mailadres: <a href=\"mailto:hello@mariswiss.com\">hello@mariswiss.com<\/a> en we zullen op je verzoek reageren. Restituties worden per geval en met onweerlegbaar bewijs uitgevoerd.<\/p>\n<p><strong>6. Fout bij verzending<\/strong><br \/>\n- Je moet de geleverde bestelling onmiddellijk controleren.<\/p>\n<p>- Als het artikel niet overeenkomt met het bestelde artikel, kan dit te wijten zijn aan een verzendfout. Je hebt dan drie (3) werkdagen de tijd om ons van de fout op de hoogte te stellen.<\/p>\n<p>- In het geval van een verzendfout waarvoor wij verantwoordelijk zijn, stellen we per geval een compensatieoplossing voor.<\/p>\n<p><strong>7. Betaalmethoden<\/strong><br \/>\nWe raden de volgende betaalmethode aan:<\/p>\n<p>Creditcards (Visa, MasterCard, American Express)<br \/>\nBankoverschrijving: IBAN : FR76 3000 4006 8300 0102 5141 293. BIC : BNPAFRPPXXX<br \/>\n* Uw creditcardnummer wordt doorgestuurd naar de betaalservers. Uw betaling wordt direct uitgevoerd in een beveiligde omgeving zonder langs de server www.mariswiss.com te gaan, wat garandeert dat uw creditcardnummers alleen bekend zijn bij onze bankpartner.<\/p>\n<p><strong>8. Aansprakelijkheid van de klant<\/strong><br \/>\nHoud er rekening mee dat wij geen medisch advies of diagnose mogen geven. We raden je aan om je arts te raadplegen voordat je begint met het consumeren van producten die CBD bevatten. We herinneren u er ook aan dat wanneer u een aankoop doet, u zich verplicht de regels te respecteren, meerderjarig te zijn en op de hoogte te zijn van de geldende wetten in uw land met betrekking tot CBD.<\/p>\n<p>De klant aanvaardt de verantwoordelijkheid voor:<\/p>\n<p>Persoonlijk letsel,<br \/>\nSchadevergoeding en rente,<br \/>\nStrafmaatregelen,<br \/>\nVerlies van winst of inkomsten,<br \/>\nVerlies van gebruik van een product of apparatuur,<br \/>\nVerlies van eigendom als gevolg van de aankoop, het gebruik of het misbruik van een product.<br \/>\nMariswiss.com, haar eigenaren, agenten en werknemers kunnen niet verantwoordelijk worden gehouden voor de acties van haar klanten.<\/p>\n<p><strong>9. Gegevensbeleid<\/strong><br \/>\nLees onze pagina met Privacybeleid aandachtig door.<\/p>\n<p><strong>10. Wijziging van onze algemene voorwaarden<\/strong><br \/>\nWe kunnen onze algemene voorwaarden van tijd tot tijd wijzigen (bijwerken). We brengen u op de hoogte van wijzigingen door het nieuwe privacybeleid op deze pagina te plaatsen.<br \/>\nRaadpleeg deze pagina regelmatig wanneer u onze service gebruikt.<br \/>\nWe raden je aan dit privacybeleid regelmatig te raadplegen om kennis te nemen van eventuele wijzigingen. Wijzigingen in dit privacybeleid worden van kracht zodra ze op deze pagina zijn gepubliceerd.<\/p>\n<p><strong>11. Contact en klantenservice<\/strong><br \/>\nNeem voor meer informatie contact met ons op via e-mail op <a href=\"mailto:contact@mariswiss.com\">contatc@mariswiss.com<\/a> of op onze <a href=\"https:\/\/ticket.mariswiss.com\/\">Neem contact met ons op voor meer informatie.<\/a><\/p>","protected":false},"excerpt":{"rendered":"<p>Conditions g\u00e9n\u00e9rales (CVG) L\u2019utilisation de notre site web et l\u2019achat de produits ou services sur celui-ci, confirme automatiquement que vous acceptez nos conditions g\u00e9n\u00e9rales et que vous confirmez que vous avez au moins 18 ans. 1. Inscription Vous \u00eates seul responsable de l\u2019exactitude et de l\u2019exhaustivit\u00e9 des donn\u00e9es que vous fournissez lors de votre inscription [&#8230;]","protected":false},"author":2,"featured_media":0,"parent":0,"menu_order":0,"comment_status":"closed","ping_status":"closed","template":"","meta":{"inline_featured_image":false,"footnotes":""},"class_list":["post-16212","page","type-page","status-publish","hentry"],"jetpack_sharing_enabled":true,"_links":{"self":[{"href":"https:\/\/mariswiss.com\/nl\/wp-json\/wp\/v2\/pages\/16212","targetHints":{"allow":["GET"]}}],"collection":[{"href":"https:\/\/mariswiss.com\/nl\/wp-json\/wp\/v2\/pages"}],"about":[{"href":"https:\/\/mariswiss.com\/nl\/wp-json\/wp\/v2\/types\/page"}],"author":[{"embeddable":true,"href":"https:\/\/mariswiss.com\/nl\/wp-json\/wp\/v2\/users\/2"}],"replies":[{"embeddable":true,"href":"https:\/\/mariswiss.com\/nl\/wp-json\/wp\/v2\/comments?post=16212"}],"version-history":[{"count":7,"href":"https:\/\/mariswiss.com\/nl\/wp-json\/wp\/v2\/pages\/16212\/revisions"}],"predecessor-version":[{"id":19794,"href":"https:\/\/mariswiss.com\/nl\/wp-json\/wp\/v2\/pages\/16212\/revisions\/19794"}],"wp:attachment":[{"href":"https:\/\/mariswiss.com\/nl\/wp-json\/wp\/v2\/media?parent=16212"}],"curies":[{"name":"wp","href":"https:\/\/api.w.org\/{rel}","templated":true}]}}