{"id":8371,"date":"2023-10-13T12:27:19","date_gmt":"2023-10-13T12:27:19","guid":{"rendered":"https:\/\/mariswiss.com\/?post_type=product&#038;p=8371"},"modified":"2025-07-11T08:19:22","modified_gmt":"2025-07-11T08:19:22","slug":"raw-connoisseur-king-size-slim-filtres","status":"publish","type":"product","link":"https:\/\/mariswiss.com\/nl\/product\/raw-connoisseur-king-size-slim-filtres\/","title":{"rendered":"Raw Connoisseur King Size Slim + Filters"},"content":{"rendered":"<p>RAW King Size Slim + Filters. 2 essenti\u00eble elementen gecombineerd in \u00e9\u00e9n verpakking om je verbruik te vergemakkelijken. De vellen bevatten een hybride mix van ongebleekte vezels (niet gebleekt met chloor). Het papier heeft een natuurlijke doorschijnende lichtbruine kleur. De RAW is zo dun dat je er doorheen kunt kijken. Elk papier heeft het gepatenteerde CrissCross watermerk.<\/p>\n<p>Om ervoor te zorgen dat je de best mogelijke proefervaring krijgt, verkopen we alleen producten van uitstekende kwaliteit, die wereldwijd bekend staan om hun fijne structuur en die bovenal gemaakt zijn van eersteklas materialen en grondstoffen.<\/p>\n<p>De prijzen zijn ook erg aantrekkelijk voor dit soort producten, dus aarzel niet om ze aan je bestelling toe te voegen!<\/p>","protected":false},"excerpt":{"rendered":"<p><strong>32 vellen en 32 filters per verpakking<\/strong><\/p>\n<p>Raw Connoisseur King Size Slim vellen en filters in \u00e9\u00e9n verpakking. De RAW Connoisseur combineert twee essenti\u00eble elementen voor je consumptie in \u00e9\u00e9n ontwerp.<br \/>\nRAW-papier bevat een hybride mix van ongebleekte vezels (niet met chloor gebleekt), het papier heeft een natuurlijke doorschijnende lichtbruine kleur. RAW is zo dun dat je er doorheen kunt kijken. Elk papier is voorzien van het gepatenteerde CrissCross-watermerk. Dit speciale watermerk voorkomt doorschijnen en behoudt de gelijkmatige brandeigenschappen waar we bekend om staan.<br \/>\nRAW-filters zijn gemaakt van 100% chloorvrij papier.<\/p>","protected":false},"featured_media":8372,"comment_status":"open","ping_status":"closed","template":"","meta":{"inline_featured_image":false},"product_cat":[15,366,369],"product_tag":[217,218],"class_list":{"0":"post-8371","1":"product","2":"type-product","3":"status-publish","4":"has-post-thumbnail","6":"product_brand-raw","7":"product_cat-uncategorized","8":"product_cat-accessoires","9":"product_cat-feuilles-a-rouler","10":"product_tag-feuilles","11":"product_tag-filtres","13":"first","14":"outofstock","15":"taxable","16":"shipping-taxable","17":"purchasable","18":"product-type-simple"},"jetpack_sharing_enabled":true,"_links":{"self":[{"href":"https:\/\/mariswiss.com\/nl\/wp-json\/wp\/v2\/product\/8371","targetHints":{"allow":["GET"]}}],"collection":[{"href":"https:\/\/mariswiss.com\/nl\/wp-json\/wp\/v2\/product"}],"about":[{"href":"https:\/\/mariswiss.com\/nl\/wp-json\/wp\/v2\/types\/product"}],"replies":[{"embeddable":true,"href":"https:\/\/mariswiss.com\/nl\/wp-json\/wp\/v2\/comments?post=8371"}],"wp:featuredmedia":[{"embeddable":true,"href":"https:\/\/mariswiss.com\/nl\/wp-json\/wp\/v2\/media\/8372"}],"wp:attachment":[{"href":"https:\/\/mariswiss.com\/nl\/wp-json\/wp\/v2\/media?parent=8371"}],"wp:term":[{"taxonomy":"product_cat","embeddable":true,"href":"https:\/\/mariswiss.com\/nl\/wp-json\/wp\/v2\/product_cat?post=8371"},{"taxonomy":"product_tag","embeddable":true,"href":"https:\/\/mariswiss.com\/nl\/wp-json\/wp\/v2\/product_tag?post=8371"}],"curies":[{"name":"wp","href":"https:\/\/api.w.org\/{rel}","templated":true}]}}