{"id":10,"date":"2023-10-03T11:47:05","date_gmt":"2023-10-03T11:47:05","guid":{"rendered":"https:\/\/mariswiss.com\/?page_id=10"},"modified":"2024-03-18T11:27:24","modified_gmt":"2024-03-18T11:27:24","slug":"livraison-retour","status":"publish","type":"page","link":"https:\/\/mariswiss.com\/pt\/livraison-retour\/","title":{"rendered":"Entrega + Devolu\u00e7\u00f5es"},"content":{"rendered":"<div class=\"row\"  id=\"row-275859438\">\n\n\t<div id=\"col-1411862837\" class=\"col medium-8 small-12 large-8\"  >\n\t\t\t\t<div class=\"col-inner\"  >\n\t\t\t\n\t\t\t\n<div class=\"container section-title-container\" ><h1 class=\"section-title section-title-bold-center\"><b><\/b><span class=\"section-title-main\" >Prepara\u00e7\u00e3o das parcelas<\/span><b><\/b><\/h1><\/div>\n<p>As encomendas s\u00e3o geralmente expedidas no prazo de 2 (dois) dias ap\u00f3s a rece\u00e7\u00e3o do pagamento e s\u00e3o enviadas via Colissimo com rastreio e entrega sem assinatura.<br \/>\n- As encomendas s\u00e3o enviadas via Colissimo com rastreio e entrega sem assinatura. Os pacotes tamb\u00e9m podem ser enviados via Colissimo com rastreamento e entrega sem assinatura.<br \/>\n- Seja qual for o m\u00e9todo de entrega escolhido, enviar-lhe-emos uma hiperliga\u00e7\u00e3o para seguir a sua encomenda.<\/p>\n<div class=\"container section-title-container\" ><h1 class=\"section-title section-title-bold-center\"><b><\/b><span class=\"section-title-main\" >Entrega<\/span><b><\/b><\/h1><\/div>\n<p>Encontrar\u00e1 abaixo as taxas de entrega, as condi\u00e7\u00f5es de entrega gratuita e os prazos de entrega previstos:<\/p>\n\t<div id=\"text-816896036\" class=\"text\">\n\t\t\n<table class=\"shipping-table\" style=\"height: 252px;\" width=\"292\">\n<tbody>\n<tr>\n<th style=\"text-align: center;\">pa\u00eds<\/th>\n<th style=\"text-align: center;\">Despesas de envio<\/th>\n<th style=\"text-align: center;\">Livre de<\/th>\n<th style=\"text-align: center;\">Prazos<\/th>\n<\/tr>\n<tr>\n<td style=\"text-align: center;\"><strong>Fran\u00e7a metropolitana<\/strong><\/td>\n<td class=\"price\" style=\"text-align: center;\"><strong>4.95 \u20ac<\/strong><\/td>\n<td class=\"price\" style=\"text-align: center;\"><strong>50 \u20ac<\/strong><\/td>\n<td class=\"time\" style=\"text-align: center;\"><strong>48 a 72 horas<\/strong><\/td>\n<\/tr>\n<tr>\n<td style=\"text-align: center;\"><strong>No estrangeiro<\/strong><\/td>\n<td class=\"price\" style=\"text-align: center;\"><strong>13.10 \u20ac<\/strong><\/td>\n<td class=\"price\" style=\"text-align: center;\"><strong>95 \u20ac<\/strong><\/td>\n<td class=\"time\" style=\"text-align: center;\"><strong>5 a 10 dias<\/strong><\/td>\n<\/tr>\n<tr>\n<td style=\"text-align: center;\"><strong>Europa<\/strong><\/td>\n<td class=\"price\" style=\"text-align: center;\"><strong>10 \u20ac<\/strong><\/td>\n<td class=\"price\" style=\"text-align: center;\"><strong>70 \u20ac<\/strong><\/td>\n<td class=\"time\" style=\"text-align: center;\"><strong>4 a 7 dias<\/strong><\/td>\n<\/tr>\n<tr>\n<td style=\"text-align: center;\"><strong>REINO UNIDO<\/strong><\/td>\n<td class=\"price\" style=\"text-align: center;\"><strong>10\u20ac<\/strong><\/td>\n<td class=\"price\" style=\"text-align: center;\"><strong>70\u20ac<\/strong><\/td>\n<td class=\"time\" style=\"text-align: center;\"><strong>4 a 8 dias<\/strong><\/td>\n<\/tr>\n<tr>\n<td style=\"text-align: center;\"><strong>Su\u00ed\u00e7a<\/strong><\/td>\n<td class=\"price\" style=\"text-align: center;\"><strong>5 \u20ac<\/strong><\/td>\n<td class=\"price\" style=\"text-align: center;\"><strong>50 \u20ac<\/strong><\/td>\n<td class=\"time\" style=\"text-align: center;\"><strong>48 a 72 horas<\/strong><\/td>\n<\/tr>\n<\/tbody>\n<\/table>\n\t\t\n<style>\n#text-816896036 {\n  font-size: 0.8rem;\n}\n<\/style>\n\t<\/div>\n\t\n\t\t<\/div>\n\t\t\t\t\t<\/div>\n\n\t\n\n\t<div id=\"col-507354337\" class=\"col medium-4 small-12 large-4\"  >\n\t\t\t\t<div class=\"col-inner\"  >\n\t\t\t\n\t\t\t\n\t<div class=\"img has-hover x md-x lg-x y md-y lg-y\" id=\"image_1063595765\">\n\t\t\t\t\t\t\t\t<div class=\"img-inner dark\" >\n\t\t\t<img decoding=\"async\" width=\"800\" height=\"800\" src=\"https:\/\/i0.wp.com\/mariswiss.com\/wp-content\/uploads\/2023\/10\/Untitled-design-13-min.jpg?resize=800%2C800&#038;ssl=1\" class=\"attachment-original size-original\" alt=\"Entrega de CBD\" srcset=\"https:\/\/i0.wp.com\/mariswiss.com\/wp-content\/uploads\/2023\/10\/Untitled-design-13-min.jpg?w=800&amp;ssl=1 800w, https:\/\/i0.wp.com\/mariswiss.com\/wp-content\/uploads\/2023\/10\/Untitled-design-13-min.jpg?resize=400%2C400&amp;ssl=1 400w, https:\/\/i0.wp.com\/mariswiss.com\/wp-content\/uploads\/2023\/10\/Untitled-design-13-min.jpg?resize=280%2C280&amp;ssl=1 280w, https:\/\/i0.wp.com\/mariswiss.com\/wp-content\/uploads\/2023\/10\/Untitled-design-13-min.jpg?resize=768%2C768&amp;ssl=1 768w, https:\/\/i0.wp.com\/mariswiss.com\/wp-content\/uploads\/2023\/10\/Untitled-design-13-min.jpg?resize=510%2C510&amp;ssl=1 510w, https:\/\/i0.wp.com\/mariswiss.com\/wp-content\/uploads\/2023\/10\/Untitled-design-13-min.jpg?resize=100%2C100&amp;ssl=1 100w\" sizes=\"(max-width: 800px) 100vw, 800px\" title=\"\" data-recalc-dims=\"1\">\t\t\t\t\t\t\n\t\t\t\t\t<\/div>\n\t\t\t\t\t\t\t\t\n<style>\n#image_1063595765 {\n  width: 100%;\n}\n<\/style>\n\t<\/div>\n\t\n\t\t<\/div>\n\t\t\t\t\t<\/div>\n\n\t\n<\/div>\n<div class=\"container section-title-container\" ><h1 class=\"section-title section-title-bold-center\"><b><\/b><span class=\"section-title-main\" >PAGAMENTO<\/span><b><\/b><\/h1><\/div>\n<div class=\"row\"  id=\"row-1950388761\">\n\n\t<div id=\"col-80276572\" class=\"col medium-4 small-12 large-4\"  >\n\t\t\t\t<div class=\"col-inner\"  >\n\t\t\t\n\t\t\t\n\t<div class=\"img has-hover x md-x lg-x y md-y lg-y\" id=\"image_2087256822\">\n\t\t\t\t\t\t\t\t<div class=\"img-inner dark\" >\n\t\t\t<img decoding=\"async\" width=\"768\" height=\"768\" src=\"https:\/\/i0.wp.com\/mariswiss.com\/wp-content\/uploads\/2023\/10\/Untitled-design-14.jpg?fit=768%2C768&amp;ssl=1\" class=\"attachment-medium_large size-medium_large\" alt=\"PAGAMENTO seguro da CBD\" srcset=\"https:\/\/i0.wp.com\/mariswiss.com\/wp-content\/uploads\/2023\/10\/Untitled-design-14.jpg?w=800&amp;ssl=1 800w, https:\/\/i0.wp.com\/mariswiss.com\/wp-content\/uploads\/2023\/10\/Untitled-design-14.jpg?resize=400%2C400&amp;ssl=1 400w, https:\/\/i0.wp.com\/mariswiss.com\/wp-content\/uploads\/2023\/10\/Untitled-design-14.jpg?resize=280%2C280&amp;ssl=1 280w, https:\/\/i0.wp.com\/mariswiss.com\/wp-content\/uploads\/2023\/10\/Untitled-design-14.jpg?resize=768%2C768&amp;ssl=1 768w, https:\/\/i0.wp.com\/mariswiss.com\/wp-content\/uploads\/2023\/10\/Untitled-design-14.jpg?resize=510%2C510&amp;ssl=1 510w, https:\/\/i0.wp.com\/mariswiss.com\/wp-content\/uploads\/2023\/10\/Untitled-design-14.jpg?resize=100%2C100&amp;ssl=1 100w\" sizes=\"(max-width: 768px) 100vw, 768px\" title=\"\">\t\t\t\t\t\t\n\t\t\t\t\t<\/div>\n\t\t\t\t\t\t\t\t\n<style>\n#image_2087256822 {\n  width: 73%;\n}\n<\/style>\n\t<\/div>\n\t\n\t\t<\/div>\n\t\t\t\t\t<\/div>\n\n\t\n\n\t<div id=\"col-589060052\" class=\"col medium-8 small-12 large-8\"  >\n\t\t\t\t<div class=\"col-inner\"  >\n\t\t\t\n\t\t\t\n<p>Oferecemos os seguintes m\u00e9todos de pagamento:<\/p>\n<p>- Cart\u00f5es de cr\u00e9dito (Visa, MasterCard, American Express)<br \/>\n- Transfer\u00eancia banc\u00e1ria<\/p>\n<p><em>*O seu n\u00famero de cart\u00e3o de cr\u00e9dito \u00e9 encaminhado para os servidores de pagamento. O seu pagamento \u00e9 efectuado diretamente num ambiente seguro sem passar pelo nosso servidor, o que garante que os n\u00fameros do seu cart\u00e3o de cr\u00e9dito s\u00f3 s\u00e3o conhecidos pelo nosso parceiro banc\u00e1rio.<\/em><\/p>\n\t\t<\/div>\n\t\t\t\t\t<\/div>\n\n\t\n<\/div>\n<div class=\"container section-title-container\" ><h1 class=\"section-title section-title-bold-center\"><b><\/b><span class=\"section-title-main\" >DEVOLU\u00c7\u00d5ES E REEMBOLSOS<\/span><b><\/b><\/h1><\/div>\n<div class=\"row row-collapse row-full-width align-middle\"  id=\"row-468989059\">\n\n\t<div id=\"col-1006983448\" class=\"col medium-6 small-12 large-6\"  >\n\t\t\t\t<div class=\"col-inner\"  >\n\t\t\t\n\t\t\t\n<p>Na eventualidade improv\u00e1vel de n\u00e3o ficar satisfeito com a qualidade dos nossos produtos, oferecemos um servi\u00e7o de reembolso:<\/p>\n<ul>\n<li>Deve contactar-nos no prazo de 7 dias ap\u00f3s a rece\u00e7\u00e3o, enviando uma mensagem de correio eletr\u00f3nico para <a href=\"mailto:hello@mariswiss.com\">hello@mariswiss.com<\/a>. Indicando-nos o n\u00famero da sua encomenda e descrevendo os motivos pelos quais pretende o reembolso.<\/li>\n<li>Devolver o produto na sua embalagem original e fechada. Se um artigo tiver sido utilizado\/aberto, n\u00e3o podemos aceitar devolu\u00e7\u00f5es.<\/li>\n<li>Os artigos devolvidos ser\u00e3o inspeccionados quanto a defeitos e substitu\u00eddos ou reembolsados se for identificado um defeito.<\/li>\n<li>O reembolso corresponder\u00e1 ao custo do produto e exclui todos os custos de envio, embalagem e expedi\u00e7\u00e3o.<\/li>\n<li>Os reembolsos ser\u00e3o creditados utilizando o mesmo m\u00e9todo de pagamento da compra.<\/li>\n<li><strong>N\u00e3o aceitamos devolu\u00e7\u00f5es de produtos se n\u00e3o gostar do sabor ou do cheiro.<\/strong><\/li>\n<\/ul>\n<h3 id=\"h-5-remboursement\" class=\"wp-block-heading\"><strong>Reembolso<\/strong><\/h3>\n<ul>\n<li>Se, por qualquer motivo, necessitar de um reembolso, contacte-nos atrav\u00e9s do seguinte endere\u00e7o de correio eletr\u00f3nico: <a href=\"mailto:hello@mariswiss.com\">hello@mariswiss.com<\/a> e responderemos ao seu pedido. Os reembolsos ser\u00e3o efectuados caso a caso e mediante prova irrefut\u00e1vel.<\/li>\n<\/ul>\n\t\t<\/div>\n\t\t\t\t\n<style>\n#col-1006983448 > .col-inner {\n  padding: 5% 5% 5% 5%;\n  max-width: 520px;\n}\n<\/style>\n\t<\/div>\n\n\t\n\n\t<div id=\"col-1614702589\" class=\"col medium-6 small-12 large-6\"  >\n\t\t\t\t<div class=\"col-inner\"  >\n\t\t\t\n\t\t\t\n\t<div class=\"img has-hover x md-x lg-x y md-y lg-y\" id=\"image_949715378\">\n\t\t\t\t\t\t\t\t<div class=\"img-inner dark\" >\n\t\t\t<img decoding=\"async\" width=\"800\" height=\"800\" src=\"https:\/\/i0.wp.com\/mariswiss.com\/wp-content\/uploads\/2023\/10\/efund-1.jpg?fit=800%2C800&amp;ssl=1\" class=\"attachment-large size-large\" alt=\"\" srcset=\"https:\/\/i0.wp.com\/mariswiss.com\/wp-content\/uploads\/2023\/10\/efund-1.jpg?w=800&amp;ssl=1 800w, https:\/\/i0.wp.com\/mariswiss.com\/wp-content\/uploads\/2023\/10\/efund-1.jpg?resize=400%2C400&amp;ssl=1 400w, https:\/\/i0.wp.com\/mariswiss.com\/wp-content\/uploads\/2023\/10\/efund-1.jpg?resize=280%2C280&amp;ssl=1 280w, https:\/\/i0.wp.com\/mariswiss.com\/wp-content\/uploads\/2023\/10\/efund-1.jpg?resize=768%2C768&amp;ssl=1 768w, https:\/\/i0.wp.com\/mariswiss.com\/wp-content\/uploads\/2023\/10\/efund-1.jpg?resize=510%2C510&amp;ssl=1 510w, https:\/\/i0.wp.com\/mariswiss.com\/wp-content\/uploads\/2023\/10\/efund-1.jpg?resize=100%2C100&amp;ssl=1 100w\" sizes=\"(max-width: 800px) 100vw, 800px\" title=\"\">\t\t\t\t\t\t\n\t\t\t\t\t<\/div>\n\t\t\t\t\t\t\t\t\n<style>\n#image_949715378 {\n  width: 100%;\n}\n<\/style>\n\t<\/div>\n\t\n\t\t<\/div>\n\t\t\t\t\t<\/div>\n\n\t\n<\/div>","protected":false},"excerpt":{"rendered":"","protected":false},"author":2,"featured_media":0,"parent":0,"menu_order":0,"comment_status":"closed","ping_status":"closed","template":"","meta":{"inline_featured_image":false,"footnotes":""},"class_list":["post-10","page","type-page","status-publish","hentry"],"jetpack_sharing_enabled":true,"_links":{"self":[{"href":"https:\/\/mariswiss.com\/pt\/wp-json\/wp\/v2\/pages\/10","targetHints":{"allow":["GET"]}}],"collection":[{"href":"https:\/\/mariswiss.com\/pt\/wp-json\/wp\/v2\/pages"}],"about":[{"href":"https:\/\/mariswiss.com\/pt\/wp-json\/wp\/v2\/types\/page"}],"author":[{"embeddable":true,"href":"https:\/\/mariswiss.com\/pt\/wp-json\/wp\/v2\/users\/2"}],"replies":[{"embeddable":true,"href":"https:\/\/mariswiss.com\/pt\/wp-json\/wp\/v2\/comments?post=10"}],"version-history":[{"count":15,"href":"https:\/\/mariswiss.com\/pt\/wp-json\/wp\/v2\/pages\/10\/revisions"}],"predecessor-version":[{"id":17591,"href":"https:\/\/mariswiss.com\/pt\/wp-json\/wp\/v2\/pages\/10\/revisions\/17591"}],"wp:attachment":[{"href":"https:\/\/mariswiss.com\/pt\/wp-json\/wp\/v2\/media?parent=10"}],"curies":[{"name":"wp","href":"https:\/\/api.w.org\/{rel}","templated":true}]}}