{"id":16180,"date":"2023-10-02T06:59:01","date_gmt":"2023-10-02T06:59:01","guid":{"rendered":"https:\/\/mariswiss.com\/?page_id=16180"},"modified":"2024-12-05T15:25:42","modified_gmt":"2024-12-05T15:25:42","slug":"qui-sommes-nous","status":"publish","type":"page","link":"https:\/\/mariswiss.com\/pt\/qui-sommes-nous\/","title":{"rendered":"Quem somos n\u00f3s?"},"content":{"rendered":"<h1>Sobre MariSwiss: A sua fonte de confian\u00e7a para a can\u00e1bis legal de qualidade su\u00ed\u00e7a e mundial<\/h1>\n<p>Bem-vindo \u00e0 MariSwiss, uma empresa europeia dedicada a fornecer produtos de can\u00e1bis legal de qualidade desde 2022. Estamos orgulhosos do nosso compromisso com a excel\u00eancia, sustentabilidade e satisfa\u00e7\u00e3o do cliente. Nesta p\u00e1gina, convidamo-lo a saber mais sobre a nossa hist\u00f3ria, o nosso compromisso com a qualidade su\u00ed\u00e7a, a nossa gama de produtos, o nosso servi\u00e7o de transporte europeu, a nossa equipa apaixonada e como nos contactar com quaisquer perguntas ou pedidos.<\/p>\n<div class=\"ux-logo has-hover align-middle ux_logo inline-block\" style=\"max-width: 100%!important; width: 230px!important\"><a class=\"ux-logo-link block image-\" title=\"\" href=\"https:\/\/mariswiss.com\/pt\/\" style=\"padding: 15px;\"><img decoding=\"async\" src=\"https:\/\/i0.wp.com\/mariswiss.com\/wp-content\/uploads\/2023\/10\/MariSwiss-B-scaled.jpg?w=1020&#038;ssl=1\" title=\"\" alt=\"\" class=\"ux-logo-image block\" style=\"height:200px;\" data-recalc-dims=\"1\"><\/a><\/div>\n<h2>A hist\u00f3ria de MariSwiss<\/h2>\n<p>A hist\u00f3ria da MariSwiss come\u00e7ou em 2022 com uma vis\u00e3o clara: tornar-se um l\u00edder na ind\u00fastria da can\u00e1bis legal. Fundada por entusiastas da can\u00e1bis com uma paix\u00e3o pela qualidade su\u00ed\u00e7a, a nossa empresa evoluiu rapidamente para satisfazer a crescente necessidade do mercado de produtos de can\u00e1bis legal de alta qualidade.<\/p>\n<h2>O nosso compromisso com a qualidade<\/h2>\n<p>Na MariSwiss, a qualidade \u00e9 a nossa palavra de ordem. Acreditamos na pureza da natureza na Su\u00ed\u00e7a e noutros lugares, e \u00e9 por isso que alguns dos nossos produtos de can\u00e1bis legal prov\u00eam de cultivos biol\u00f3gicos su\u00ed\u00e7os. Outros v\u00eam de outras partes do mundo (Uruguai, Fran\u00e7a, It\u00e1lia), com um rigor de produ\u00e7\u00e3o que escolhemos a dedo. Estamos determinados a manter os mais elevados padr\u00f5es de controlo de qualidade para cada produto que oferecemos. Trabalhamos em estreita colabora\u00e7\u00e3o com os produtores locais que partilham a nossa paix\u00e3o por uma cultura sustent\u00e1vel e respeitadora do ambiente.<\/p>\n<h2>A nossa gama de produtos<\/h2>\n<p>Temos o orgulho de lhe oferecer uma gama diversificada de produtos de can\u00e1bis legal, concebidos para satisfazer as suas necessidades individuais. Quer esteja \u00e0 procura de flores de can\u00e1bis de primeira qualidade, extractos potentes, \u00f3leos refinados ou comest\u00edveis deliciosos, a MariSwiss tem o que precisa. Cada um dos nossos produtos \u00e9 cuidadosamente selecionado pela sua qualidade e potencial para proporcionar uma experi\u00eancia de consumo excecional.<\/p>\n<h2>Expedi\u00e7\u00e3o na Europa<\/h2>\n<p>Na MariSwiss, a nossa miss\u00e3o \u00e9 tornar os nossos produtos de can\u00e1bis legal acess\u00edveis a um p\u00fablico mais vasto na Europa. Temos o prazer de anunciar que oferecemos um servi\u00e7o de envio fi\u00e1vel e seguro para muitos pa\u00edses europeus. Com a nossa experi\u00eancia em log\u00edstica, estamos empenhados em garantir que as suas encomendas chegam em seguran\u00e7a \u00e0 sua porta.<\/p>\n<h2>A nossa equipa<\/h2>\n<p>A nossa equipa \u00e9 composta por profissionais apaixonados e dedicados que partilham a mesma vis\u00e3o de qualidade e inova\u00e7\u00e3o. Desde o cultivo at\u00e9 \u00e0 distribui\u00e7\u00e3o, cada membro da nossa equipa traz uma experi\u00eancia valiosa para garantir que a MariSwiss continua a ser uma refer\u00eancia na ind\u00fastria legal da can\u00e1bis.<\/p>\n<h2>Compromisso com a sustentabilidade<\/h2>\n<p>Na MariSwiss, compreendemos a import\u00e2ncia da sustentabilidade na ind\u00fastria da can\u00e1bis. \u00c9 por isso que estamos empenhados em reduzir a nossa pegada ambiental tanto quanto poss\u00edvel. Os nossos produtores utilizam pr\u00e1ticas agr\u00edcolas amigas do ambiente, e utilizamos embalagens recicl\u00e1veis para reduzir o desperd\u00edcio de pl\u00e1stico. Estamos empenhados em contribuir para um futuro mais verde, ao mesmo tempo que lhe fornecemos os melhores produtos de can\u00e1bis legal.<\/p>\n<h2>Inova\u00e7\u00e3o e investiga\u00e7\u00e3o<\/h2>\n<p>Acreditamos na inova\u00e7\u00e3o cont\u00ednua para melhorar os nossos produtos e satisfazer as necessidades em constante mudan\u00e7a dos nossos clientes. A nossa equipa de investiga\u00e7\u00e3o e desenvolvimento trabalha incansavelmente para desenvolver novas variedades de can\u00e1bis, m\u00e9todos de extra\u00e7\u00e3o avan\u00e7ados e produtos inovadores. Mantemo-nos na vanguarda da ind\u00fastria da can\u00e1bis legal.<\/p>\n<h2>Comunidade e responsabilidade social<\/h2>\n<p>MariSwiss orgulha-se de ser parte integrante da comunidade. Estamos empenhados em apoiar as iniciativas locais e em dar um contributo positivo para a nossa sociedade. Al\u00e9m disso, defendemos o uso respons\u00e1vel da can\u00e1bis legal e promovemos informa\u00e7\u00e3o educacional para ajudar os nossos clientes a tomar decis\u00f5es informadas.<\/p>\n<h2>Contactar-nos<\/h2>\n<p>Ficamos sempre satisfeitos por ouvir os nossos clientes e responder \u00e0s suas perguntas. N\u00e3o hesite em contactar-nos para quaisquer informa\u00e7\u00f5es, apoio ou quest\u00f5es sobre produtos. Pode contactar-nos por correio eletr\u00f3nico em [endere\u00e7o de correio eletr\u00f3nico] ou por telefone em [n\u00famero de telefone]. Tamb\u00e9m estamos presentes nas redes sociais, onde pode seguir-nos para obter as \u00faltimas not\u00edcias e actualiza\u00e7\u00f5es.<\/p>\n<p>Obrigado por escolher a MariSwiss para as suas necessidades de produtos de can\u00e1bis legal de qualidade su\u00ed\u00e7a. Estamos ansiosos por servi-lo e proporcionar-lhe uma experi\u00eancia excecional em cada etapa do processo.<\/p>","protected":false},"excerpt":{"rendered":"<p>\u00c0 propos de MariSwiss : Votre Source de Confiance pour le Cannabis L\u00e9gal de Qualit\u00e9 Suisse et Monde Bienvenue chez MariSwiss, une soci\u00e9t\u00e9 europ\u00e9enne d\u00e9di\u00e9e \u00e0 l&#8217;offre de produits de cannabis l\u00e9gal de qualit\u00e9 depuis 2022. Nous sommes fiers de notre engagement envers l&#8217;excellence, la durabilit\u00e9 et la satisfaction de nos clients. Dans cette page, [&#8230;]","protected":false},"author":2,"featured_media":16175,"parent":0,"menu_order":0,"comment_status":"closed","ping_status":"closed","template":"","meta":{"inline_featured_image":false,"footnotes":""},"class_list":["post-16180","page","type-page","status-publish","has-post-thumbnail","hentry"],"jetpack_sharing_enabled":true,"_links":{"self":[{"href":"https:\/\/mariswiss.com\/pt\/wp-json\/wp\/v2\/pages\/16180","targetHints":{"allow":["GET"]}}],"collection":[{"href":"https:\/\/mariswiss.com\/pt\/wp-json\/wp\/v2\/pages"}],"about":[{"href":"https:\/\/mariswiss.com\/pt\/wp-json\/wp\/v2\/types\/page"}],"author":[{"embeddable":true,"href":"https:\/\/mariswiss.com\/pt\/wp-json\/wp\/v2\/users\/2"}],"replies":[{"embeddable":true,"href":"https:\/\/mariswiss.com\/pt\/wp-json\/wp\/v2\/comments?post=16180"}],"version-history":[{"count":13,"href":"https:\/\/mariswiss.com\/pt\/wp-json\/wp\/v2\/pages\/16180\/revisions"}],"predecessor-version":[{"id":19797,"href":"https:\/\/mariswiss.com\/pt\/wp-json\/wp\/v2\/pages\/16180\/revisions\/19797"}],"wp:featuredmedia":[{"embeddable":true,"href":"https:\/\/mariswiss.com\/pt\/wp-json\/wp\/v2\/media\/16175"}],"wp:attachment":[{"href":"https:\/\/mariswiss.com\/pt\/wp-json\/wp\/v2\/media?parent=16180"}],"curies":[{"name":"wp","href":"https:\/\/api.w.org\/{rel}","templated":true}]}}