{"id":16212,"date":"2023-10-03T12:59:53","date_gmt":"2023-10-03T12:59:53","guid":{"rendered":"https:\/\/mariswiss.com\/?page_id=16212"},"modified":"2024-12-05T15:16:10","modified_gmt":"2024-12-05T15:16:10","slug":"conditions-generales","status":"publish","type":"page","link":"https:\/\/mariswiss.com\/pt\/conditions-generales\/","title":{"rendered":"Termos e condi\u00e7\u00f5es gerais (TCG)"},"content":{"rendered":"<h1>Termos e condi\u00e7\u00f5es gerais (TCG)<\/h1>\n<p>Ao utilizar o nosso s\u00edtio Web e ao adquirir produtos ou servi\u00e7os a partir dele, o utilizador aceita automaticamente os nossos termos e condi\u00e7\u00f5es e confirma que tem pelo menos 18 anos de idade.<\/p>\n<p><strong>1. Registo<\/strong><br \/>\nO utilizador \u00e9 o \u00fanico respons\u00e1vel pela exatid\u00e3o e integridade dos dados que fornece ao registar-se no s\u00edtio.<br \/>\nSe necess\u00e1rio, informar-nos-\u00e1 de quaisquer altera\u00e7\u00f5es aos dados fornecidos, actualizando o perfil o mais rapidamente poss\u00edvel.<br \/>\nQuando se regista, tem de escolher uma palavra-passe que lhe permita utilizar o nosso s\u00edtio. Esta palavra-passe \u00e9 estritamente confidencial. N\u00e3o deve ser divulgada a terceiros.<br \/>\nO utilizador \u00e9 o \u00fanico respons\u00e1vel pela utiliza\u00e7\u00e3o, armazenamento e seguran\u00e7a da sua palavra-passe.<br \/>\nSe souber ou suspeitar que um terceiro tem acesso \u00e0 sua palavra-passe, informe-nos imediatamente.<\/p>\n<p><strong>2. Pr\u00e9mios<\/strong><br \/>\nOs pre\u00e7os apresentados no nosso s\u00edtio s\u00e3o em euros (EUR), francos su\u00ed\u00e7os (CHF) e libras esterlinas (\u00a3).<br \/>\nO pre\u00e7o indicado nas fichas de produto n\u00e3o inclui o transporte.<br \/>\n<em>Os pre\u00e7os est\u00e3o sujeitos a altera\u00e7\u00f5es sem aviso pr\u00e9vio.<\/em><\/p>\n<p><strong>3. Entrega<\/strong><br \/>\nA sua encomenda ser\u00e1 enviada no prazo de 24 a 48 horas ap\u00f3s a rece\u00e7\u00e3o do pagamento. Assim que a sua encomenda for expedida, receber\u00e1 um e-mail com o seu n\u00famero de seguimento.<br \/>\nPode tamb\u00e9m encontrar o seu n\u00famero de seguimento na sua sec\u00e7\u00e3o pessoal no nosso site, em \"encomendas\".<br \/>\nA sua encomenda ser\u00e1 entregue no endere\u00e7o indicado na encomenda.<br \/>\nEnviamos a sua encomenda por correio priorit\u00e1rio com um n\u00famero de seguimento.<br \/>\nA sua encomenda pode ser enviada em v\u00e1rias embalagens.<br \/>\nO prazo de expedi\u00e7\u00e3o \u00e9 de 3 (tr\u00eas) a 5 (cinco) dias \u00fateis, ou mais, consoante as circunst\u00e2ncias.<\/p>\n<p><strong>4. Pol\u00edtica de devolu\u00e7\u00e3o<\/strong><br \/>\nNa eventualidade improv\u00e1vel de n\u00e3o ficar satisfeito com a qualidade dos nossos produtos, oferecemos um servi\u00e7o de reembolso:<\/p>\n<p>Deve contactar-nos no prazo de 7 dias ap\u00f3s a rece\u00e7\u00e3o, enviando uma mensagem de correio eletr\u00f3nico para <a href=\"mailto:hello@mariswiss.com\">hello@mariswiss.com<\/a> . Indicando-nos a refer\u00eancia da encomenda e descrevendo a raz\u00e3o pela qual pretende o reembolso. N\u00e3o seremos respons\u00e1veis por qualquer perda ou dano se n\u00e3o o fizer.<br \/>\nDevolver o produto na sua embalagem original e fechada. Se um artigo tiver sido utilizado\/aberto, n\u00e3o podemos aceitar devolu\u00e7\u00f5es.<br \/>\nOs artigos devolvidos ser\u00e3o inspeccionados quanto a defeitos e substitu\u00eddos ou reembolsados se for identificado um defeito.<br \/>\nO reembolso corresponder\u00e1 ao custo do produto e exclui todos os custos de envio, embalagem e expedi\u00e7\u00e3o.<br \/>\nOs reembolsos ser\u00e3o geralmente creditados utilizando o mesmo m\u00e9todo de pagamento da compra.<br \/>\nN\u00e3o aceitamos devolu\u00e7\u00f5es de produtos se n\u00e3o gostar do sabor ou do cheiro.<\/p>\n<p><strong>5. Reembolso<\/strong><\/p>\n<p>Se, por qualquer motivo, necessitar de um reembolso, contacte-nos atrav\u00e9s do seguinte endere\u00e7o de correio eletr\u00f3nico: <a href=\"mailto:hello@mariswiss.com\">hello@mariswiss.com<\/a> e responderemos ao seu pedido. Os reembolsos ser\u00e3o efectuados caso a caso e mediante prova irrefut\u00e1vel.<\/p>\n<p><strong>6. Erro de expedi\u00e7\u00e3o<\/strong><br \/>\n- \u00c9 necess\u00e1rio verificar imediatamente a encomenda entregue.<\/p>\n<p>- Se o artigo n\u00e3o corresponder ao artigo encomendado, tal pode dever-se a um erro de expedi\u00e7\u00e3o. Disp\u00f5e ent\u00e3o de tr\u00eas (3) dias \u00fateis para nos comunicar o erro.<\/p>\n<p>- Em caso de erro de expedi\u00e7\u00e3o da nossa responsabilidade, proporemos uma solu\u00e7\u00e3o de indemniza\u00e7\u00e3o caso a caso.<\/p>\n<p><strong>7. M\u00e9todos de pagamento<\/strong><br \/>\nSugerimos o seguinte m\u00e9todo de pagamento:<\/p>\n<p>Cart\u00f5es de cr\u00e9dito (Visa, MasterCard, American Express)<br \/>\nTransfer\u00eancia banc\u00e1ria: IBAN: FR76 3000 4006 8300 0102 5141 293. BIC : BNPAFRPPXXX<br \/>\n* O seu n\u00famero de cart\u00e3o de cr\u00e9dito \u00e9 encaminhado para os servidores de pagamento. O seu pagamento \u00e9 efectuado diretamente num ambiente seguro, sem passar pelo servidor www.mariswiss.com, o que garante que os n\u00fameros do seu cart\u00e3o de cr\u00e9dito s\u00f3 s\u00e3o conhecidos pelo nosso parceiro banc\u00e1rio.<\/p>\n<p><strong>8. Responsabilidade do cliente<\/strong><br \/>\nNote-se que n\u00e3o estamos autorizados a fornecer aconselhamento ou diagn\u00f3stico m\u00e9dico. Aconselhamo-lo a consultar o seu m\u00e9dico antes de come\u00e7ar a consumir produtos que contenham CBD. Recordamos tamb\u00e9m que, quando se compromete a efetuar uma compra, compromete-se a respeitar as regras, a ser maior de idade e a conhecer as leis em vigor no seu pa\u00eds relativas ao CBD.<\/p>\n<p>O cliente aceita a responsabilidade por:<\/p>\n<p>Danos pessoais,<br \/>\nDanos e juros,<br \/>\nMedidas punitivas,<br \/>\nPerda de lucros ou de receitas,<br \/>\nPerda de utiliza\u00e7\u00e3o de um produto ou equipamento,<br \/>\nPerda de bens resultante da compra, utiliza\u00e7\u00e3o ou utiliza\u00e7\u00e3o incorrecta de um produto.<br \/>\nA Mariswiss.com, os seus propriet\u00e1rios, agentes e empregados n\u00e3o podem ser responsabilizados pelas ac\u00e7\u00f5es dos seus clientes.<\/p>\n<p><strong>9. Pol\u00edtica de dados<\/strong><br \/>\nLeia atentamente a nossa p\u00e1gina Pol\u00edtica de privacidade.<\/p>\n<p><strong>10. Altera\u00e7\u00e3o dos nossos termos e condi\u00e7\u00f5es gerais<\/strong><br \/>\nPodemos alterar (atualizar) os nossos termos e condi\u00e7\u00f5es de tempos a tempos. Notific\u00e1-lo-emos de quaisquer altera\u00e7\u00f5es, publicando a nova pol\u00edtica de privacidade nesta p\u00e1gina.<br \/>\nConsulte frequentemente esta p\u00e1gina quando utilizar o nosso servi\u00e7o.<br \/>\nAconselhamos o utilizador a consultar regularmente esta pol\u00edtica de confidencialidade para tomar conhecimento de quaisquer altera\u00e7\u00f5es. As altera\u00e7\u00f5es a esta pol\u00edtica de confidencialidade entram em vigor assim que forem publicadas nesta p\u00e1gina.<\/p>\n<p><strong>11. Contacto e servi\u00e7o de apoio ao cliente<\/strong><br \/>\nPara mais informa\u00e7\u00f5es, contacte-nos por correio eletr\u00f3nico para <a href=\"mailto:contact@mariswiss.com\">contatc@mariswiss.com<\/a> ou no nosso <a href=\"https:\/\/ticket.mariswiss.com\/\">Contacte-nos para mais informa\u00e7\u00f5es.<\/a><\/p>","protected":false},"excerpt":{"rendered":"<p>Conditions g\u00e9n\u00e9rales (CVG) L\u2019utilisation de notre site web et l\u2019achat de produits ou services sur celui-ci, confirme automatiquement que vous acceptez nos conditions g\u00e9n\u00e9rales et que vous confirmez que vous avez au moins 18 ans. 1. Inscription Vous \u00eates seul responsable de l\u2019exactitude et de l\u2019exhaustivit\u00e9 des donn\u00e9es que vous fournissez lors de votre inscription [&#8230;]","protected":false},"author":2,"featured_media":0,"parent":0,"menu_order":0,"comment_status":"closed","ping_status":"closed","template":"","meta":{"inline_featured_image":false,"footnotes":""},"class_list":["post-16212","page","type-page","status-publish","hentry"],"jetpack_sharing_enabled":true,"_links":{"self":[{"href":"https:\/\/mariswiss.com\/pt\/wp-json\/wp\/v2\/pages\/16212","targetHints":{"allow":["GET"]}}],"collection":[{"href":"https:\/\/mariswiss.com\/pt\/wp-json\/wp\/v2\/pages"}],"about":[{"href":"https:\/\/mariswiss.com\/pt\/wp-json\/wp\/v2\/types\/page"}],"author":[{"embeddable":true,"href":"https:\/\/mariswiss.com\/pt\/wp-json\/wp\/v2\/users\/2"}],"replies":[{"embeddable":true,"href":"https:\/\/mariswiss.com\/pt\/wp-json\/wp\/v2\/comments?post=16212"}],"version-history":[{"count":7,"href":"https:\/\/mariswiss.com\/pt\/wp-json\/wp\/v2\/pages\/16212\/revisions"}],"predecessor-version":[{"id":19794,"href":"https:\/\/mariswiss.com\/pt\/wp-json\/wp\/v2\/pages\/16212\/revisions\/19794"}],"wp:attachment":[{"href":"https:\/\/mariswiss.com\/pt\/wp-json\/wp\/v2\/media?parent=16212"}],"curies":[{"name":"wp","href":"https:\/\/api.w.org\/{rel}","templated":true}]}}