{"id":16396,"date":"2023-10-18T11:57:06","date_gmt":"2023-10-18T11:57:06","guid":{"rendered":"https:\/\/mariswiss.com\/?page_id=16396"},"modified":"2024-04-02T12:43:15","modified_gmt":"2024-04-02T12:43:15","slug":"programme-de-fidelite","status":"publish","type":"page","link":"https:\/\/mariswiss.com\/pt\/programme-de-fidelite\/","title":{"rendered":"Programa de fideliza\u00e7\u00e3o"},"content":{"rendered":"<ol>\n<li>Como \u00e9 que o sistema funciona?\n<ul>\n<li>Cada euro gasto no nosso s\u00edtio d\u00e1-lhe 1 ponto.<\/li>\n<\/ul>\n<\/li>\n<li>Deixe um coment\u00e1rio sobre a nossa loja para ganhar 20 pontos.<\/li>\n<li>Registe-se como cliente na nossa loja e receba 100 pontos.<\/li>\n<li>Depois, com estes pontos, pode fazer compras com desconto no nosso s\u00edtio Web, ou mesmo fazer uma encomenda gratuita se tiver pontos suficientes.\n<ul>\n<li>1 gasto = 1 ponto<\/li>\n<li>1 coment\u00e1rio publicado = 20 pontos<\/li>\n<li>Registar uma conta de cliente = 100 pontos<\/li>\n<\/ul>\n<\/li>\n<li>Depois de receber a sua encomenda, se estiver satisfeito com os produtos e o servi\u00e7o, pode deixar uma avalia\u00e7\u00e3o de 5 estrelas na seguinte p\u00e1gina: [Trustpilot link]. Se o fizer, receber\u00e1 100 pontos de fidelidade, equivalentes a 5 euros de desconto na sua pr\u00f3xima encomenda.\n<ul>\n<li>100 pontos = 5 euros de desconto na sua pr\u00f3xima encomenda<\/li>\n<\/ul>\n<\/li>\n<li>Quer acumular mais pontos? Publique coment\u00e1rios sobre os produtos que comprou e cada coment\u00e1rio dar-lhe-\u00e1 20 pontos.<\/li>\n<li>Para verificar o seu saldo de pontos, basta iniciar sess\u00e3o na sua conta e selecionar \"Pontos\" no menu principal.<\/li>\n<li>Para saber como utilizar os seus pontos, visite a nossa p\u00e1gina dedicada.<\/li>\n<\/ol>","protected":false},"excerpt":{"rendered":"<p>Comment fonctionne ce syst\u00e8me ? Chaque euro que vous d\u00e9pensez sur notre site vous rapporte 1 point. Laissez un avis sur notre boutique pour accumuler 20 points. Enregistrez-vous en tant que client sur notre boutique et recevez 100 points. Ensuite, avec ces points, vous pouvez effectuer des achats \u00e0 prix r\u00e9duit sur notre site web, [&#8230;]","protected":false},"author":2,"featured_media":0,"parent":0,"menu_order":0,"comment_status":"closed","ping_status":"closed","template":"","meta":{"inline_featured_image":false,"footnotes":""},"class_list":["post-16396","page","type-page","status-publish","hentry"],"jetpack_sharing_enabled":true,"_links":{"self":[{"href":"https:\/\/mariswiss.com\/pt\/wp-json\/wp\/v2\/pages\/16396","targetHints":{"allow":["GET"]}}],"collection":[{"href":"https:\/\/mariswiss.com\/pt\/wp-json\/wp\/v2\/pages"}],"about":[{"href":"https:\/\/mariswiss.com\/pt\/wp-json\/wp\/v2\/types\/page"}],"author":[{"embeddable":true,"href":"https:\/\/mariswiss.com\/pt\/wp-json\/wp\/v2\/users\/2"}],"replies":[{"embeddable":true,"href":"https:\/\/mariswiss.com\/pt\/wp-json\/wp\/v2\/comments?post=16396"}],"version-history":[{"count":4,"href":"https:\/\/mariswiss.com\/pt\/wp-json\/wp\/v2\/pages\/16396\/revisions"}],"predecessor-version":[{"id":16403,"href":"https:\/\/mariswiss.com\/pt\/wp-json\/wp\/v2\/pages\/16396\/revisions\/16403"}],"wp:attachment":[{"href":"https:\/\/mariswiss.com\/pt\/wp-json\/wp\/v2\/media?parent=16396"}],"curies":[{"name":"wp","href":"https:\/\/api.w.org\/{rel}","templated":true}]}}