{"id":19726,"date":"2024-11-23T08:38:05","date_gmt":"2024-11-23T08:38:05","guid":{"rendered":"https:\/\/mariswiss.com\/?page_id=19726"},"modified":"2024-12-05T15:11:47","modified_gmt":"2024-12-05T15:11:47","slug":"mention-legal","status":"publish","type":"page","link":"https:\/\/mariswiss.com\/pt\/mention-legal\/","title":{"rendered":"Informa\u00e7\u00e3o jur\u00eddica"},"content":{"rendered":"<p>Em conformidade com as disposi\u00e7\u00f5es dos artigos 6-III e 19 da Lei n.\u00ba 2004-575, de 21 de junho de 2004, relativa \u00e0 confian\u00e7a na economia digital, conhecida como L.C.E.N., informamos os utilizadores e visitantes do s\u00edtio Web https:\/\/www.mariswiss.com das seguintes informa\u00e7\u00f5es:<\/p>\n<p><strong>Informa\u00e7\u00f5es legais :<br \/>\n<\/strong><br \/>\nNome da empresa: Eco Brothers S\u00e0rl<br \/>\nEndere\u00e7o:13 Route d'annemasse, 74160 SAINT-JULIEN-EN-GENEVOIS, Fran\u00e7a.<br \/>\nTel: +33 (0)679 82 40 78<br \/>\nCapital de : 10 000 EUROS<br \/>\nSIRET : 901 440 503 R.C.S. : Thonon-les-Bains<br \/>\nN\u00famero de IVA intracomunit\u00e1rio: FR30901440503<br \/>\nEndere\u00e7o de correio eletr\u00f3nico: contact@mariswiss.com<\/p>\n<p>O criador do s\u00edtio \u00e9: Mari Swiss<br \/>\nA pessoa respons\u00e1vel pela publica\u00e7\u00e3o \u00e9 o seu Presidente e Diretor-Geral<br \/>\nContactar o respons\u00e1vel pela publica\u00e7\u00e3o: contact@mariswiss.com<\/p>\n<p>Contactar o Webmaster: pode utilizar o formul\u00e1rio de contacto no s\u00edtio.<\/p>\n<p>O anfitri\u00e3o do s\u00edtio Web \u00e9: 1&amp;1 IONOS Inc, 701 Lee Road, Suite 300, Chesterbrook, PA 19087, EUA<\/p>","protected":false},"excerpt":{"rendered":"<p>Conform\u00e9ment aux dispositions des articles 6-III et 19 de la Loi n\u00b0 2004-575 du 21 juin 2004 pour la Confiance dans l\u2019\u00e9conomie num\u00e9rique, dite L.C.E.N., nous portons \u00e0 la connaissance des utilisateurs et visiteurs du site : https:\/\/www.mariswiss.com les informations suivantes : Informations l\u00e9gales : Nom de la Soci\u00e9t\u00e9 : Eco Brothers S\u00e0rl Adresse :13 [&#8230;]","protected":false},"author":81,"featured_media":0,"parent":0,"menu_order":0,"comment_status":"closed","ping_status":"closed","template":"","meta":{"inline_featured_image":false,"footnotes":""},"class_list":["post-19726","page","type-page","status-publish","hentry"],"jetpack_sharing_enabled":true,"_links":{"self":[{"href":"https:\/\/mariswiss.com\/pt\/wp-json\/wp\/v2\/pages\/19726","targetHints":{"allow":["GET"]}}],"collection":[{"href":"https:\/\/mariswiss.com\/pt\/wp-json\/wp\/v2\/pages"}],"about":[{"href":"https:\/\/mariswiss.com\/pt\/wp-json\/wp\/v2\/types\/page"}],"author":[{"embeddable":true,"href":"https:\/\/mariswiss.com\/pt\/wp-json\/wp\/v2\/users\/81"}],"replies":[{"embeddable":true,"href":"https:\/\/mariswiss.com\/pt\/wp-json\/wp\/v2\/comments?post=19726"}],"version-history":[{"count":3,"href":"https:\/\/mariswiss.com\/pt\/wp-json\/wp\/v2\/pages\/19726\/revisions"}],"predecessor-version":[{"id":19792,"href":"https:\/\/mariswiss.com\/pt\/wp-json\/wp\/v2\/pages\/19726\/revisions\/19792"}],"wp:attachment":[{"href":"https:\/\/mariswiss.com\/pt\/wp-json\/wp\/v2\/media?parent=19726"}],"curies":[{"name":"wp","href":"https:\/\/api.w.org\/{rel}","templated":true}]}}