{"id":16351,"date":"2023-10-17T14:45:51","date_gmt":"2023-10-17T14:45:51","guid":{"rendered":"https:\/\/mariswiss.com\/?post_type=product&#038;p=16351"},"modified":"2025-07-11T08:18:30","modified_gmt":"2025-07-11T08:18:30","slug":"gorilla-glue-cbd-indoor","status":"publish","type":"product","link":"https:\/\/mariswiss.com\/pt\/product\/gorilla-glue-cbd-indoor\/","title":{"rendered":"Gorilla Glue CBD interior"},"content":{"rendered":"<p class=\"thin-font alt-font\"><span style=\"text-decoration: underline;\"><strong>GORILLA GLUE CBD INDOOR<\/strong><\/span><\/p>\n<ul>\n<li>Origem: Cultivada em interior na Su\u00ed\u00e7a (cant\u00e3o de Berna). Temperatura, humidade e luz perfeitas<\/li>\n<li>Aspeto: Magn\u00edficas flores grandes, cheias de pistilos cor de laranja e brancos. Flores compactas, de cor verde clara.<\/li>\n<li>Odor\/sabor: um odor c\u00edtrico agrad\u00e1vel quando se abre a saqueta. Sabor pronunciado quando consumido.<\/li>\n<li>Conte\u00fado\/efeitos do CBD: uma flor bastante poderosa com 17% de CBD, que certamente o relaxar\u00e1 ao m\u00e1ximo.<\/li>\n<\/ul>","protected":false},"excerpt":{"rendered":"<p><span style=\"text-decoration: underline;\"><strong>GORILLA GLUE CBD INDOOR<\/strong><\/span><\/p>\n<ul>\n<li>Origem: Cultivada em interior na Su\u00ed\u00e7a (cant\u00e3o de Berna). Temperatura, humidade e luz perfeitas<\/li>\n<li>Aspeto: Magn\u00edficas flores grandes, cheias de pistilos cor de laranja e brancos. Flores compactas, de cor verde clara.<\/li>\n<li>Odor\/sabor: um odor c\u00edtrico agrad\u00e1vel quando se abre a saqueta. Sabor pronunciado quando consumido.<\/li>\n<li>Conte\u00fado\/efeitos do CBD: uma flor bastante poderosa com 17% de CBD, que certamente o relaxar\u00e1 ao m\u00e1ximo.<\/li>\n<\/ul>","protected":false},"featured_media":20087,"comment_status":"open","ping_status":"closed","template":"","meta":{"inline_featured_image":false},"product_cat":[353,354],"product_tag":[220,76],"class_list":{"0":"post-16351","1":"product","2":"type-product","3":"status-publish","4":"has-post-thumbnail","6":"product_brand-mari-swiss","7":"product_cat-fleurs-de-cbd","8":"product_cat-indoor","9":"product_tag-fleurs-cbd","10":"product_tag-indoor","12":"first","13":"instock","14":"sale","15":"taxable","16":"shipping-taxable","17":"purchasable","18":"product-type-variable"},"jetpack_sharing_enabled":true,"_links":{"self":[{"href":"https:\/\/mariswiss.com\/pt\/wp-json\/wp\/v2\/product\/16351","targetHints":{"allow":["GET"]}}],"collection":[{"href":"https:\/\/mariswiss.com\/pt\/wp-json\/wp\/v2\/product"}],"about":[{"href":"https:\/\/mariswiss.com\/pt\/wp-json\/wp\/v2\/types\/product"}],"replies":[{"embeddable":true,"href":"https:\/\/mariswiss.com\/pt\/wp-json\/wp\/v2\/comments?post=16351"}],"wp:featuredmedia":[{"embeddable":true,"href":"https:\/\/mariswiss.com\/pt\/wp-json\/wp\/v2\/media\/20087"}],"wp:attachment":[{"href":"https:\/\/mariswiss.com\/pt\/wp-json\/wp\/v2\/media?parent=16351"}],"wp:term":[{"taxonomy":"product_cat","embeddable":true,"href":"https:\/\/mariswiss.com\/pt\/wp-json\/wp\/v2\/product_cat?post=16351"},{"taxonomy":"product_tag","embeddable":true,"href":"https:\/\/mariswiss.com\/pt\/wp-json\/wp\/v2\/product_tag?post=16351"}],"curies":[{"name":"wp","href":"https:\/\/api.w.org\/{rel}","templated":true}]}}