{"id":16436,"date":"2023-10-24T15:03:16","date_gmt":"2023-10-24T15:03:16","guid":{"rendered":"https:\/\/mariswiss.com\/?post_type=product&#038;p=16436"},"modified":"2025-07-11T08:17:56","modified_gmt":"2025-07-11T08:17:56","slug":"strawberry-cbd-greenhouse","status":"publish","type":"product","link":"https:\/\/mariswiss.com\/pt\/product\/strawberry-cbd-greenhouse\/","title":{"rendered":"Estufa de morango CBD"},"content":{"rendered":"<p><span style=\"text-decoration: underline;\"><strong>ESTUFA DE CBD DE MORANGO<\/strong><\/span><\/p>\n<ul>\n<li>Origem: Cultivada na Su\u00ed\u00e7a (cant\u00e3o de Valais) em estufa. Clima temperado, ideal para o cultivo de flores.<\/li>\n<li>Aspeto: Flores grandes, verdes escuras e compactas, com pequenos tricomas cor de laranja que se destacam.<\/li>\n<li>Odor \/ Sabor: Como o seu nome indica, \u00e9 uma flor com um aroma doce a morango. Quando queimada, surgem notas frutadas e amadeiradas.<\/li>\n<li>Teor\/efeitos do CBD: 14% de CBD para esta flor. N\u00e3o demasiado potente, ideal para consumo diurno e noturno.<\/li>\n<\/ul>","protected":false},"excerpt":{"rendered":"<p><span style=\"text-decoration: underline;\"><strong>ESTUFA DE CBD DE MORANGO<\/strong><\/span><\/p>\n<ul>\n<li>Origem: Cultivado na Su\u00ed\u00e7a (cant\u00e3o de Valais) em estufa. Clima temperado<\/li>\n<li>Aspeto: Flores grandes, verde-escuras, compactas, com tricomas alaranjados proeminentes.<\/li>\n<li>Odor \/ Sabor: Como o nome indica, um aroma doce a morango. Ao arder, surgem notas frutadas e amadeiradas.<\/li>\n<li>Conte\u00fado\/efeitos do CBD: 15% de CBD para esta flor, uma pot\u00eancia relativamente medida que garantir\u00e1 um ligeiro relaxamento.<\/li>\n<\/ul>","protected":false},"featured_media":16441,"comment_status":"open","ping_status":"closed","template":"","meta":{"inline_featured_image":false},"product_cat":[353,355],"product_tag":[220,227],"class_list":{"0":"post-16436","1":"product","2":"type-product","3":"status-publish","4":"has-post-thumbnail","6":"product_brand-mari-swiss","7":"product_cat-fleurs-de-cbd","8":"product_cat-greenhouse","9":"product_tag-fleurs-cbd","10":"product_tag-greenhouse","12":"first","13":"instock","14":"sale","15":"taxable","16":"shipping-taxable","17":"purchasable","18":"product-type-variable"},"jetpack_sharing_enabled":true,"_links":{"self":[{"href":"https:\/\/mariswiss.com\/pt\/wp-json\/wp\/v2\/product\/16436","targetHints":{"allow":["GET"]}}],"collection":[{"href":"https:\/\/mariswiss.com\/pt\/wp-json\/wp\/v2\/product"}],"about":[{"href":"https:\/\/mariswiss.com\/pt\/wp-json\/wp\/v2\/types\/product"}],"replies":[{"embeddable":true,"href":"https:\/\/mariswiss.com\/pt\/wp-json\/wp\/v2\/comments?post=16436"}],"wp:featuredmedia":[{"embeddable":true,"href":"https:\/\/mariswiss.com\/pt\/wp-json\/wp\/v2\/media\/16441"}],"wp:attachment":[{"href":"https:\/\/mariswiss.com\/pt\/wp-json\/wp\/v2\/media?parent=16436"}],"wp:term":[{"taxonomy":"product_cat","embeddable":true,"href":"https:\/\/mariswiss.com\/pt\/wp-json\/wp\/v2\/product_cat?post=16436"},{"taxonomy":"product_tag","embeddable":true,"href":"https:\/\/mariswiss.com\/pt\/wp-json\/wp\/v2\/product_tag?post=16436"}],"curies":[{"name":"wp","href":"https:\/\/api.w.org\/{rel}","templated":true}]}}