{"id":16442,"date":"2023-10-31T08:12:12","date_gmt":"2023-10-31T08:12:12","guid":{"rendered":"https:\/\/mariswiss.com\/?post_type=product&#038;p=16442"},"modified":"2025-07-11T08:17:55","modified_gmt":"2025-07-11T08:17:55","slug":"queen-purple-cbd-greenhouse-copy","status":"publish","type":"product","link":"https:\/\/mariswiss.com\/pt\/product\/queen-purple-cbd-greenhouse-copy\/","title":{"rendered":"Estufa Queen Purple CBD"},"content":{"rendered":"<p><span style=\"text-decoration: underline;\"><strong>ESTUFA QUEEN PURPLE CBD<\/strong><\/span><\/p>\n<ul>\n<li>Origem: Cultivada na Su\u00ed\u00e7a (cant\u00e3o de Valais) em estufa. Clima temperado, ideal para o cultivo de flores.<\/li>\n<li>Aspeto: Flores grandes, verde-escuras, com bonitos reflexos roxos.<\/li>\n<li>Odor \/ Sabor: Um cheiro bastante floral e frutado quando se abre a saqueta. Quando consumida, tem um sabor agradavelmente doce.<\/li>\n<li>Teor\/efeitos do CBD: 16% de CBD para esta flor. N\u00e3o demasiado potente, ideal para consumo diurno e noturno.<\/li>\n<\/ul>","protected":false},"excerpt":{"rendered":"<p><span style=\"text-decoration: underline;\"><strong>ESTUFA QUEEN PURPLE CBD<\/strong><\/span><\/p>\n<ul>\n<li>Origem: Cultivado na Su\u00ed\u00e7a (cant\u00e3o de Valais) em estufa. Clima temperado<\/li>\n<li>Aspeto: Flores grandes, verde-escuras, com bonitos reflexos roxos.<\/li>\n<li>Cheiro \/ sabor: Um cheiro muito floral e frutado. Quando queimado, reconhece-se uma flor suave e doce.<\/li>\n<li>Conte\u00fado\/efeitos do CBD: 16% de CBD para esta flor, uma pot\u00eancia relativamente medida que garantir\u00e1 um ligeiro relaxamento.<\/li>\n<\/ul>","protected":false},"featured_media":16447,"comment_status":"open","ping_status":"closed","template":"","meta":{"inline_featured_image":false},"product_cat":[353,355],"product_tag":[220,227],"class_list":{"0":"post-16442","1":"product","2":"type-product","3":"status-publish","4":"has-post-thumbnail","6":"product_brand-mari-swiss","7":"product_cat-fleurs-de-cbd","8":"product_cat-greenhouse","9":"product_tag-fleurs-cbd","10":"product_tag-greenhouse","12":"first","13":"outofstock","14":"sale","15":"taxable","16":"shipping-taxable","17":"purchasable","18":"product-type-variable"},"jetpack_sharing_enabled":true,"_links":{"self":[{"href":"https:\/\/mariswiss.com\/pt\/wp-json\/wp\/v2\/product\/16442","targetHints":{"allow":["GET"]}}],"collection":[{"href":"https:\/\/mariswiss.com\/pt\/wp-json\/wp\/v2\/product"}],"about":[{"href":"https:\/\/mariswiss.com\/pt\/wp-json\/wp\/v2\/types\/product"}],"replies":[{"embeddable":true,"href":"https:\/\/mariswiss.com\/pt\/wp-json\/wp\/v2\/comments?post=16442"}],"wp:featuredmedia":[{"embeddable":true,"href":"https:\/\/mariswiss.com\/pt\/wp-json\/wp\/v2\/media\/16447"}],"wp:attachment":[{"href":"https:\/\/mariswiss.com\/pt\/wp-json\/wp\/v2\/media?parent=16442"}],"wp:term":[{"taxonomy":"product_cat","embeddable":true,"href":"https:\/\/mariswiss.com\/pt\/wp-json\/wp\/v2\/product_cat?post=16442"},{"taxonomy":"product_tag","embeddable":true,"href":"https:\/\/mariswiss.com\/pt\/wp-json\/wp\/v2\/product_tag?post=16442"}],"curies":[{"name":"wp","href":"https:\/\/api.w.org\/{rel}","templated":true}]}}