{"id":16448,"date":"2023-10-31T08:18:07","date_gmt":"2023-10-31T08:18:07","guid":{"rendered":"https:\/\/mariswiss.com\/?post_type=product&#038;p=16448"},"modified":"2026-03-15T20:35:07","modified_gmt":"2026-03-15T20:35:07","slug":"blueberry-mini-buds-cbd-indoor","status":"publish","type":"product","link":"https:\/\/mariswiss.com\/pt\/product\/blueberry-mini-buds-cbd-indoor\/","title":{"rendered":"Mini bot\u00f5es de mirtilo CBD Indoor"},"content":{"rendered":"<p><span style=\"text-decoration: underline;\"><strong>BLUEBERRY MINI BUDS CBD INDOOR<\/strong><\/span><\/p>\n<ul>\n<li>Origem: Cultivada na Su\u00ed\u00e7a e cultivada no interior. Condi\u00e7\u00f5es \u00f3ptimas (humidade, calor, luz).<\/li>\n<li>Aspeto: Flores pequenas, do tamanho de uma pipoca, compactas e claras, com pequenos reflexos coloridos, devido aos pistilos presentes nas flores.<\/li>\n<li>Cheiro \/ sabor: Um cheiro frutado t\u00edpico da variedade de mirtilo quando a saqueta \u00e9 aberta. Quando consumida, sente-se uma agrad\u00e1vel do\u00e7ura.<\/li>\n<li>Teor\/efeitos do CBD: 16% de CBD para esta flor. N\u00e3o demasiado potente, ideal para consumo diurno e noturno.<\/li>\n<\/ul>","protected":false},"excerpt":{"rendered":"<p><span style=\"text-decoration: underline;\"><strong>BLUEBERRY MINI BUDS CBD INDOOR<\/strong><\/span><\/p>\n<ul>\n<li>Origem: Cultivada em interior na Su\u00ed\u00e7a em condi\u00e7\u00f5es \u00f3ptimas (humidade, calor, luz, temperatura).<\/li>\n<li>Aspeto: Um conjunto de pequenas flores do tipo pipoca. Verde claro, com bonitos reflexos coloridos devido aos pistilos da flor.<\/li>\n<li>Cheiro \/ sabor: Cheiro frutado, t\u00edpico da variedade mirtilo. Muito f\u00e1cil de comer, com um travo frutado (mirtilo, frutos vermelhos).<\/li>\n<li>Conte\u00fado\/efeitos do CBD: 16% de CBD para esta flor, uma pot\u00eancia relativamente medida que garante um ligeiro relaxamento. Pode ser tomada a qualquer altura do dia.<\/li>\n<\/ul>","protected":false},"featured_media":16453,"comment_status":"open","ping_status":"closed","template":"","meta":{"inline_featured_image":false},"product_cat":[353,354,407],"product_tag":[220,76],"class_list":{"0":"post-16448","1":"product","2":"type-product","3":"status-publish","4":"has-post-thumbnail","6":"product_brand-mari-swiss","7":"product_cat-fleurs-de-cbd","8":"product_cat-indoor","9":"product_cat-mini-buds","10":"product_tag-fleurs-cbd","11":"product_tag-indoor","13":"first","14":"instock","15":"sale","16":"taxable","17":"shipping-taxable","18":"purchasable","19":"product-type-variable"},"jetpack_sharing_enabled":true,"_links":{"self":[{"href":"https:\/\/mariswiss.com\/pt\/wp-json\/wp\/v2\/product\/16448","targetHints":{"allow":["GET"]}}],"collection":[{"href":"https:\/\/mariswiss.com\/pt\/wp-json\/wp\/v2\/product"}],"about":[{"href":"https:\/\/mariswiss.com\/pt\/wp-json\/wp\/v2\/types\/product"}],"replies":[{"embeddable":true,"href":"https:\/\/mariswiss.com\/pt\/wp-json\/wp\/v2\/comments?post=16448"}],"wp:featuredmedia":[{"embeddable":true,"href":"https:\/\/mariswiss.com\/pt\/wp-json\/wp\/v2\/media\/16453"}],"wp:attachment":[{"href":"https:\/\/mariswiss.com\/pt\/wp-json\/wp\/v2\/media?parent=16448"}],"wp:term":[{"taxonomy":"product_cat","embeddable":true,"href":"https:\/\/mariswiss.com\/pt\/wp-json\/wp\/v2\/product_cat?post=16448"},{"taxonomy":"product_tag","embeddable":true,"href":"https:\/\/mariswiss.com\/pt\/wp-json\/wp\/v2\/product_tag?post=16448"}],"curies":[{"name":"wp","href":"https:\/\/api.w.org\/{rel}","templated":true}]}}