{"id":16462,"date":"2023-10-31T08:42:00","date_gmt":"2023-10-31T08:42:00","guid":{"rendered":"https:\/\/mariswiss.com\/?post_type=product&#038;p=16462"},"modified":"2025-07-17T10:24:31","modified_gmt":"2025-07-17T10:24:31","slug":"nlx-baby-buds-cbd-indoor","status":"publish","type":"product","link":"https:\/\/mariswiss.com\/pt\/product\/nlx-baby-buds-cbd-indoor\/","title":{"rendered":"NLX baby buds CBD Indoor"},"content":{"rendered":"<p><span style=\"text-decoration: underline;\"><strong>NLX BABY BUDS CBD INDOOR<\/strong><\/span><\/p>\n<ul>\n<li>Origem: Cultivada na Su\u00ed\u00e7a e cultivada no interior. Condi\u00e7\u00f5es \u00f3ptimas (humidade, calor, luz).<\/li>\n<li>Aspeto: Flores pequenas, do tamanho de uma pipoca, compactas e claras, rodeadas de p\u00f3len. Flores ligeiramente h\u00famidas.<\/li>\n<li>Odor \/ Sabor: Um cheiro a madeira quando se abre o saco. Quando queimado, um cheiro a pimenta e um sabor forte.<\/li>\n<li>Teor\/efeitos do CBD: 14% de CBD para esta flor. N\u00e3o demasiado potente, ideal para consumo diurno e noturno.<\/li>\n<\/ul>","protected":false},"excerpt":{"rendered":"<p><span style=\"text-decoration: underline;\"><strong>NLX BABY BUDS CBD INDOOR<\/strong><\/span><\/p>\n<ul>\n<li>Origem: Cultivada em interior na Su\u00ed\u00e7a em condi\u00e7\u00f5es \u00f3ptimas (humidade, calor, luz, temperatura).<\/li>\n<li>Aspeto: Um conjunto de flores pequenas, semelhantes a pipocas. Verde claro, uma flor bastante h\u00famida e compacta.<\/li>\n<li>Cheiro \/ sabor: Um cheiro a madeira quando se abre a bolsa, t\u00edpico da variedade NLX, que \u00e9 semelhante a uma V1. Quando queimada, o cheiro \u00e9 bastante apimentado e o sabor \u00e9 muito presente.<\/li>\n<li>Conte\u00fado\/efeitos do CBD: 14% de CBD para esta flor, uma pot\u00eancia relativamente medida que garante um ligeiro relaxamento. Pode ser tomada a qualquer altura do dia.<\/li>\n<\/ul>","protected":false},"featured_media":16467,"comment_status":"open","ping_status":"closed","template":"","meta":{"inline_featured_image":false},"product_cat":[353,354,407],"product_tag":[220,76],"class_list":{"0":"post-16462","1":"product","2":"type-product","3":"status-publish","4":"has-post-thumbnail","6":"product_brand-mari-swiss","7":"product_cat-fleurs-de-cbd","8":"product_cat-indoor","9":"product_cat-mini-buds","10":"product_tag-fleurs-cbd","11":"product_tag-indoor","13":"first","14":"instock","15":"sale","16":"taxable","17":"shipping-taxable","18":"purchasable","19":"product-type-variable"},"jetpack_sharing_enabled":true,"_links":{"self":[{"href":"https:\/\/mariswiss.com\/pt\/wp-json\/wp\/v2\/product\/16462","targetHints":{"allow":["GET"]}}],"collection":[{"href":"https:\/\/mariswiss.com\/pt\/wp-json\/wp\/v2\/product"}],"about":[{"href":"https:\/\/mariswiss.com\/pt\/wp-json\/wp\/v2\/types\/product"}],"replies":[{"embeddable":true,"href":"https:\/\/mariswiss.com\/pt\/wp-json\/wp\/v2\/comments?post=16462"}],"wp:featuredmedia":[{"embeddable":true,"href":"https:\/\/mariswiss.com\/pt\/wp-json\/wp\/v2\/media\/16467"}],"wp:attachment":[{"href":"https:\/\/mariswiss.com\/pt\/wp-json\/wp\/v2\/media?parent=16462"}],"wp:term":[{"taxonomy":"product_cat","embeddable":true,"href":"https:\/\/mariswiss.com\/pt\/wp-json\/wp\/v2\/product_cat?post=16462"},{"taxonomy":"product_tag","embeddable":true,"href":"https:\/\/mariswiss.com\/pt\/wp-json\/wp\/v2\/product_tag?post=16462"}],"curies":[{"name":"wp","href":"https:\/\/api.w.org\/{rel}","templated":true}]}}