{"id":16468,"date":"2023-10-31T08:55:14","date_gmt":"2023-10-31T08:55:14","guid":{"rendered":"https:\/\/mariswiss.com\/?post_type=product&#038;p=16468"},"modified":"2025-12-05T14:59:57","modified_gmt":"2025-12-05T14:59:57","slug":"candy-baby-buds-cbd-indoor","status":"publish","type":"product","link":"https:\/\/mariswiss.com\/pt\/product\/candy-baby-buds-cbd-indoor\/","title":{"rendered":"Candy baby buds CBD Indoor"},"content":{"rendered":"<p><span style=\"text-decoration: underline;\"><strong>CANDY BABY BUDS CBD INDOOR<\/strong><\/span><\/p>\n<ul>\n<li>Origem: Cultivada na Su\u00ed\u00e7a e cultivada no interior. Condi\u00e7\u00f5es \u00f3ptimas (humidade, calor, luz).<\/li>\n<li>Aspeto: Um conjunto de pequenas flores verde-escuras. V\u00eaem-se muitos tricomas cor de laranja.<\/li>\n<li>Cheiro\/sabor: Esta flor tem um aroma frutado, semelhante ao da variedade OG. Sugest\u00f5es de citrinos e um sabor doce quando consumida.<\/li>\n<li>Teor\/efeitos do CBD: 14% de CBD para esta flor. N\u00e3o demasiado potente, ideal para consumo diurno e noturno.<\/li>\n<\/ul>","protected":false},"excerpt":{"rendered":"<p><span style=\"text-decoration: underline;\"><strong>CANDY BABY BUDS CBD INDOOR (nova colheita)<\/strong><\/span><\/p>\n<ul>\n<li>Origem: Flor h\u00edbrida colombiana baseada na gen\u00e9tica da Orange Gelato.<\/li>\n<li>Aspeto: Um conjunto de pequenas flores. Ligeiramente verde escuro com tricomas cor de laranja.<\/li>\n<li>Cheiro\/sabor: Esta flor tem um aroma frutado, semelhante ao da variedade OG. Sugest\u00f5es de citrinos e um sabor doce quando consumida.<\/li>\n<li>Conte\u00fado\/efeitos do CBD: 14% de CBD para esta flor, uma pot\u00eancia relativamente medida que garante um ligeiro relaxamento. Pode ser tomada a qualquer altura do dia.<\/li>\n<\/ul>","protected":false},"featured_media":16473,"comment_status":"open","ping_status":"closed","template":"","meta":{"inline_featured_image":false},"product_cat":[353,354,407],"product_tag":[220,76],"class_list":{"0":"post-16468","1":"product","2":"type-product","3":"status-publish","4":"has-post-thumbnail","6":"product_brand-mari-swiss","7":"product_cat-fleurs-de-cbd","8":"product_cat-indoor","9":"product_cat-mini-buds","10":"product_tag-fleurs-cbd","11":"product_tag-indoor","13":"first","14":"instock","15":"sale","16":"taxable","17":"shipping-taxable","18":"purchasable","19":"product-type-variable"},"jetpack_sharing_enabled":true,"_links":{"self":[{"href":"https:\/\/mariswiss.com\/pt\/wp-json\/wp\/v2\/product\/16468","targetHints":{"allow":["GET"]}}],"collection":[{"href":"https:\/\/mariswiss.com\/pt\/wp-json\/wp\/v2\/product"}],"about":[{"href":"https:\/\/mariswiss.com\/pt\/wp-json\/wp\/v2\/types\/product"}],"replies":[{"embeddable":true,"href":"https:\/\/mariswiss.com\/pt\/wp-json\/wp\/v2\/comments?post=16468"}],"wp:featuredmedia":[{"embeddable":true,"href":"https:\/\/mariswiss.com\/pt\/wp-json\/wp\/v2\/media\/16473"}],"wp:attachment":[{"href":"https:\/\/mariswiss.com\/pt\/wp-json\/wp\/v2\/media?parent=16468"}],"wp:term":[{"taxonomy":"product_cat","embeddable":true,"href":"https:\/\/mariswiss.com\/pt\/wp-json\/wp\/v2\/product_cat?post=16468"},{"taxonomy":"product_tag","embeddable":true,"href":"https:\/\/mariswiss.com\/pt\/wp-json\/wp\/v2\/product_tag?post=16468"}],"curies":[{"name":"wp","href":"https:\/\/api.w.org\/{rel}","templated":true}]}}