{"id":16529,"date":"2023-11-03T15:05:33","date_gmt":"2023-11-03T15:05:33","guid":{"rendered":"https:\/\/mariswiss.com\/?post_type=product&#038;p=16529"},"modified":"2025-07-11T08:17:44","modified_gmt":"2025-07-11T08:17:44","slug":"black-caramello-hash","status":"publish","type":"product","link":"https:\/\/mariswiss.com\/pt\/product\/black-caramello-hash\/","title":{"rendered":"Haxixe de Caramelo Preto CBD"},"content":{"rendered":"<p><span style=\"text-decoration: underline;\"><strong>HAXIXE DE CARAMELO PRETO<\/strong><\/span><\/p>\n<ul>\n<li>Origem: Preparado na Su\u00ed\u00e7a, no laborat\u00f3rio dos nossos produtores, a partir de flores cultivadas no interior.<\/li>\n<li>Aspeto: \u00c9 uma resina castanha escura, macia e muito f\u00e1cil de utilizar.<\/li>\n<li>Cheiro \/ sabor: Um cheiro a pimenta muito original, diferente dos outros haxixes. Quando consumido, tem um sabor ligeiramente picante.<\/li>\n<li>Conte\u00fado\/efeitos do CBD: 25% de CBD. Este \u00e9 um haxixe poderoso que te vai relaxar da maneira que precisas.<\/li>\n<\/ul>","protected":false},"excerpt":{"rendered":"<p><span style=\"text-decoration: underline;\"><strong>HAXIXE DE CARAMELO PRETO<\/strong><\/span><\/p>\n<ul>\n<li class=\"lead\">Origem: Preparado na Su\u00ed\u00e7a, no laborat\u00f3rio dos nossos produtores, a partir de flores cultivadas no interior.<\/li>\n<li class=\"lead\">Aspeto: \u00c9 uma resina castanha escura, macia e muito f\u00e1cil de utilizar.<\/li>\n<li class=\"lead\">Cheiro \/ sabor: Um cheiro a pimenta muito original, diferente dos outros haxixes. Quando consumido, tem um sabor ligeiramente picante.<\/li>\n<li class=\"lead\">Conte\u00fado\/efeitos do CBD: 25% de CBD. Este \u00e9 um haxixe poderoso que te vai relaxar da maneira que precisas.<\/li>\n<li style=\"list-style-type: none;\"><\/li>\n<\/ul>","protected":false},"featured_media":16534,"comment_status":"open","ping_status":"closed","template":"","meta":{"inline_featured_image":false},"product_cat":[357],"product_tag":[244,76],"class_list":{"0":"post-16529","1":"product","2":"type-product","3":"status-publish","4":"has-post-thumbnail","6":"product_brand-mari-swiss","7":"product_cat-resines-de-cbd","8":"product_tag-hash","9":"product_tag-indoor","11":"first","12":"instock","13":"sale","14":"taxable","15":"shipping-taxable","16":"purchasable","17":"product-type-variable"},"jetpack_sharing_enabled":true,"_links":{"self":[{"href":"https:\/\/mariswiss.com\/pt\/wp-json\/wp\/v2\/product\/16529","targetHints":{"allow":["GET"]}}],"collection":[{"href":"https:\/\/mariswiss.com\/pt\/wp-json\/wp\/v2\/product"}],"about":[{"href":"https:\/\/mariswiss.com\/pt\/wp-json\/wp\/v2\/types\/product"}],"replies":[{"embeddable":true,"href":"https:\/\/mariswiss.com\/pt\/wp-json\/wp\/v2\/comments?post=16529"}],"wp:featuredmedia":[{"embeddable":true,"href":"https:\/\/mariswiss.com\/pt\/wp-json\/wp\/v2\/media\/16534"}],"wp:attachment":[{"href":"https:\/\/mariswiss.com\/pt\/wp-json\/wp\/v2\/media?parent=16529"}],"wp:term":[{"taxonomy":"product_cat","embeddable":true,"href":"https:\/\/mariswiss.com\/pt\/wp-json\/wp\/v2\/product_cat?post=16529"},{"taxonomy":"product_tag","embeddable":true,"href":"https:\/\/mariswiss.com\/pt\/wp-json\/wp\/v2\/product_tag?post=16529"}],"curies":[{"name":"wp","href":"https:\/\/api.w.org\/{rel}","templated":true}]}}