{"id":16535,"date":"2023-11-03T15:15:13","date_gmt":"2023-11-03T15:15:13","guid":{"rendered":"https:\/\/mariswiss.com\/?post_type=product&#038;p=16535"},"modified":"2026-01-29T11:02:10","modified_gmt":"2026-01-29T11:02:10","slug":"red-lebanese-hash","status":"publish","type":"product","link":"https:\/\/mariswiss.com\/pt\/product\/red-lebanese-hash\/","title":{"rendered":"Haxixe vermelho do L\u00edbano CBN"},"content":{"rendered":"<p><span style=\"text-decoration: underline;\"><strong>HAXIXE VERMELHO LIBAN\u00caS<\/strong><\/span><\/p>\n<ul>\n<li class=\"lead\">Origem: Preparado na Su\u00ed\u00e7a, no laborat\u00f3rio dos nossos produtores, a partir de flores cultivadas no interior.<\/li>\n<li class=\"lead\">Aspeto: Resina castanha clara com notas de ocre vermelho. De dureza m\u00e9dia, \u00e9 f\u00e1cil de utilizar. Adi\u00e7\u00e3o de CBNolat.<\/li>\n<li class=\"lead\">Odor \/ Sabor: Um cheiro forte e amadeirado. Quando queimado, tem o cheiro de merda velha.<\/li>\n<li class=\"lead\">Efeitos do CBD: 25% de CBD. Este \u00e9 um haxixe poderoso que te vai relaxar da maneira que precisas.<\/li>\n<\/ul>","protected":false},"excerpt":{"rendered":"<p><span style=\"text-decoration: underline;\"><strong>RED LEBANESE HASH CBN<\/strong><\/span><\/p>\n<ul>\n<li class=\"lead\">Origem: Preparado na Su\u00ed\u00e7a, no laborat\u00f3rio dos nossos produtores, a partir de flores cultivadas no interior.<\/li>\n<li class=\"lead\">Aspeto: Resina castanha clara com notas de ocre vermelho. De dureza m\u00e9dia, \u00e9 f\u00e1cil de utilizar. Adi\u00e7\u00e3o de CBNolat.<\/li>\n<li class=\"lead\">Odor \/ Sabor: Um cheiro forte e amadeirado. Quando queimado, tem o cheiro de merda velha.<\/li>\n<li class=\"lead\">Efeitos do CBD: 25% de CBD. Este \u00e9 um haxixe poderoso que te vai relaxar da maneira que precisas.<\/li>\n<li style=\"list-style-type: none;\"><\/li>\n<\/ul>","protected":false},"featured_media":19305,"comment_status":"open","ping_status":"closed","template":"","meta":{"inline_featured_image":false},"product_cat":[357,360,362],"product_tag":[244,482,76],"class_list":{"0":"post-16535","1":"product","2":"type-product","3":"status-publish","4":"has-post-thumbnail","6":"product_brand-mari-swiss","7":"product_cat-resines-de-cbd","8":"product_cat-thcp","9":"product_cat-resines-de-thcp","10":"product_tag-hash","11":"product_tag-hsd","12":"product_tag-indoor","14":"first","15":"instock","16":"sale","17":"taxable","18":"shipping-taxable","19":"purchasable","20":"product-type-variable"},"jetpack_sharing_enabled":true,"_links":{"self":[{"href":"https:\/\/mariswiss.com\/pt\/wp-json\/wp\/v2\/product\/16535","targetHints":{"allow":["GET"]}}],"collection":[{"href":"https:\/\/mariswiss.com\/pt\/wp-json\/wp\/v2\/product"}],"about":[{"href":"https:\/\/mariswiss.com\/pt\/wp-json\/wp\/v2\/types\/product"}],"replies":[{"embeddable":true,"href":"https:\/\/mariswiss.com\/pt\/wp-json\/wp\/v2\/comments?post=16535"}],"wp:featuredmedia":[{"embeddable":true,"href":"https:\/\/mariswiss.com\/pt\/wp-json\/wp\/v2\/media\/19305"}],"wp:attachment":[{"href":"https:\/\/mariswiss.com\/pt\/wp-json\/wp\/v2\/media?parent=16535"}],"wp:term":[{"taxonomy":"product_cat","embeddable":true,"href":"https:\/\/mariswiss.com\/pt\/wp-json\/wp\/v2\/product_cat?post=16535"},{"taxonomy":"product_tag","embeddable":true,"href":"https:\/\/mariswiss.com\/pt\/wp-json\/wp\/v2\/product_tag?post=16535"}],"curies":[{"name":"wp","href":"https:\/\/api.w.org\/{rel}","templated":true}]}}