{"id":16559,"date":"2023-11-07T14:01:27","date_gmt":"2023-11-07T14:01:27","guid":{"rendered":"https:\/\/mariswiss.com\/?post_type=product&#038;p=16559"},"modified":"2026-04-17T09:04:12","modified_gmt":"2026-04-17T09:04:12","slug":"charas","status":"publish","type":"product","link":"https:\/\/mariswiss.com\/pt\/product\/charas\/","title":{"rendered":"Charas CBD"},"content":{"rendered":"<p><span style=\"text-decoration: underline;\"><strong>CHARAS<\/strong><\/span><\/p>\n<ul>\n<li>Origem: Preparado na Su\u00ed\u00e7a, no laborat\u00f3rio dos nossos produtores, a partir de flores cultivadas no interior e de forma totalmente biol\u00f3gica, sem utiliza\u00e7\u00e3o de pesticidas.<\/li>\n<li>Aspeto: um belo haxixe preto, bastante duro, pelo que deve ser aquecido antes de ser utilizado.<\/li>\n<li>Cheiro \/ sabor: Um cheiro amadeirado e apimentado muito carater\u00edstico e bastante diferente dos nossos outros hashes. Um produto excecional<\/li>\n<li>Conte\u00fado\/efeitos do CBD: 22% de CBD neste haxixe, pelo que o relaxamento \u00e9 muito evidente durante o consumo.<\/li>\n<\/ul>","protected":false},"excerpt":{"rendered":"<p><span style=\"text-decoration: underline;\"><strong>CHARAS<\/strong><\/span><\/p>\n<ul>\n<li class=\"lead\">Origem: Preparado na Su\u00ed\u00e7a, no laborat\u00f3rio dos nossos produtores, a partir de flores cultivadas no interior e de forma totalmente biol\u00f3gica, sem utiliza\u00e7\u00e3o de pesticidas.<\/li>\n<li class=\"lead\"><span style=\"font-size: 20.16px;\">Aspeto:<\/span><span style=\"font-size: 20.16px;\"> Um belo haxixe preto, bastante duro, pelo que \u00e9 necess\u00e1rio aquec\u00ea-lo antes de o utilizar.<\/span><\/li>\n<li class=\"lead\">Cheiro \/ sabor: Um cheiro amadeirado e apimentado muito carater\u00edstico e bastante diferente dos nossos outros hashes. Um produto excecional<\/li>\n<li class=\"lead\">Conte\u00fado\/efeitos do CBD: 22% de CBD neste haxixe, pelo que o relaxamento \u00e9 muito evidente durante o consumo.<\/li>\n<li style=\"list-style-type: none;\"><\/li>\n<\/ul>","protected":false},"featured_media":16564,"comment_status":"open","ping_status":"closed","template":"","meta":{"inline_featured_image":false},"product_cat":[357],"product_tag":[244,76],"class_list":{"0":"post-16559","1":"product","2":"type-product","3":"status-publish","4":"has-post-thumbnail","6":"product_brand-mari-swiss","7":"product_cat-resines-de-cbd","8":"product_tag-hash","9":"product_tag-indoor","11":"first","12":"instock","13":"sale","14":"taxable","15":"shipping-taxable","16":"purchasable","17":"product-type-variable"},"jetpack_sharing_enabled":true,"_links":{"self":[{"href":"https:\/\/mariswiss.com\/pt\/wp-json\/wp\/v2\/product\/16559","targetHints":{"allow":["GET"]}}],"collection":[{"href":"https:\/\/mariswiss.com\/pt\/wp-json\/wp\/v2\/product"}],"about":[{"href":"https:\/\/mariswiss.com\/pt\/wp-json\/wp\/v2\/types\/product"}],"replies":[{"embeddable":true,"href":"https:\/\/mariswiss.com\/pt\/wp-json\/wp\/v2\/comments?post=16559"}],"wp:featuredmedia":[{"embeddable":true,"href":"https:\/\/mariswiss.com\/pt\/wp-json\/wp\/v2\/media\/16564"}],"wp:attachment":[{"href":"https:\/\/mariswiss.com\/pt\/wp-json\/wp\/v2\/media?parent=16559"}],"wp:term":[{"taxonomy":"product_cat","embeddable":true,"href":"https:\/\/mariswiss.com\/pt\/wp-json\/wp\/v2\/product_cat?post=16559"},{"taxonomy":"product_tag","embeddable":true,"href":"https:\/\/mariswiss.com\/pt\/wp-json\/wp\/v2\/product_tag?post=16559"}],"curies":[{"name":"wp","href":"https:\/\/api.w.org\/{rel}","templated":true}]}}