{"id":17240,"date":"2024-01-06T13:29:22","date_gmt":"2024-01-06T13:29:22","guid":{"rendered":"https:\/\/mariswiss.com\/?post_type=product&#038;p=17240"},"modified":"2026-04-17T09:04:07","modified_gmt":"2026-04-17T09:04:07","slug":"purplematic-cbd-green-house","status":"publish","type":"product","link":"https:\/\/mariswiss.com\/pt\/product\/purplematic-cbd-green-house\/","title":{"rendered":"Purplematic CBD - Casa verde"},"content":{"rendered":"","protected":false},"excerpt":{"rendered":"<p><span style=\"text-decoration: underline;\"><strong>PURPLEMATIC CBD GREENHOUSE<\/strong><\/span><\/p>\n<ul>\n<li>Origem: Esta variedade \u00e9 cultivada em estufas no cant\u00e3o de Valais, na Su\u00ed\u00e7a.<\/li>\n<li>Aspeto: Tem bot\u00f5es grandes, verde-claros, com uma <a href=\"https:\/\/mariswiss.com\/pt\/product\/queen-purple-cbd-greenhouse-copy\/\">p\u00farpura<\/a>de acordo com o seu nome. A manicura \u00e9 feita \u00e0 m\u00e3o.<\/li>\n<li>Odor \/ Sabor: \u00c9 uma flor com notas frutadas e amadeiradas. O aroma a p\u00eassego \u00e9 muito carater\u00edstico quando consumido.<\/li>\n<li>Teor de CBD \/ efeitos: Esta flor tem um teor de CBD de 19,75%.<\/li>\n<\/ul>","protected":false},"featured_media":17350,"comment_status":"open","ping_status":"closed","template":"","meta":{"inline_featured_image":false},"product_cat":[353,355],"product_tag":[220,76],"class_list":{"0":"post-17240","1":"product","2":"type-product","3":"status-publish","4":"has-post-thumbnail","6":"product_brand-mari-swiss","7":"product_cat-fleurs-de-cbd","8":"product_cat-greenhouse","9":"product_tag-fleurs-cbd","10":"product_tag-indoor","12":"first","13":"instock","14":"sale","15":"taxable","16":"shipping-taxable","17":"purchasable","18":"product-type-variable"},"jetpack_sharing_enabled":true,"_links":{"self":[{"href":"https:\/\/mariswiss.com\/pt\/wp-json\/wp\/v2\/product\/17240","targetHints":{"allow":["GET"]}}],"collection":[{"href":"https:\/\/mariswiss.com\/pt\/wp-json\/wp\/v2\/product"}],"about":[{"href":"https:\/\/mariswiss.com\/pt\/wp-json\/wp\/v2\/types\/product"}],"replies":[{"embeddable":true,"href":"https:\/\/mariswiss.com\/pt\/wp-json\/wp\/v2\/comments?post=17240"}],"wp:featuredmedia":[{"embeddable":true,"href":"https:\/\/mariswiss.com\/pt\/wp-json\/wp\/v2\/media\/17350"}],"wp:attachment":[{"href":"https:\/\/mariswiss.com\/pt\/wp-json\/wp\/v2\/media?parent=17240"}],"wp:term":[{"taxonomy":"product_cat","embeddable":true,"href":"https:\/\/mariswiss.com\/pt\/wp-json\/wp\/v2\/product_cat?post=17240"},{"taxonomy":"product_tag","embeddable":true,"href":"https:\/\/mariswiss.com\/pt\/wp-json\/wp\/v2\/product_tag?post=17240"}],"curies":[{"name":"wp","href":"https:\/\/api.w.org\/{rel}","templated":true}]}}