{"id":17380,"date":"2024-02-01T16:15:57","date_gmt":"2024-02-01T16:15:57","guid":{"rendered":"https:\/\/mariswiss.com\/?post_type=product&#038;p=17380"},"modified":"2026-04-17T09:04:06","modified_gmt":"2026-04-17T09:04:06","slug":"frosty-cake-cbd","status":"publish","type":"product","link":"https:\/\/mariswiss.com\/pt\/product\/frosty-cake-cbd\/","title":{"rendered":"Bolo gelado de CBD"},"content":{"rendered":"<p><span style=\"text-decoration: underline;\"><strong>BOLO GELADO CBD<\/strong><\/span><\/p>\n<p>A Frosty Cake CBD \u00e9 a mais recente adi\u00e7\u00e3o ao nosso cat\u00e1logo de CBD. \u00c9 uma flor de tipo criog\u00e9nico, por isso \u00e9 muito clara e queimada, e apresenta-se sob a forma de cabe\u00e7as de erva muito grandes.<\/p>\n<p>\u00c9 um prazer, que faz lembrar uma flor natural e amadeirada.<\/p>\n<p>Um must para os conhecedores de bons produtos de CBD<\/p>","protected":false},"excerpt":{"rendered":"<p><span style=\"text-decoration: underline;\"><strong>BOLO GELADO CBD<\/strong><\/span><\/p>\n<ul>\n<li>Origem: A Frosty Cake CBD \u00e9 uma flor magn\u00edfica cultivada em estufas na Su\u00ed\u00e7a franc\u00f3fona. Tem uma cor verde muito clara, devido ao seu cultivo semi-hidrop\u00f3nico.<\/li>\n<li>Aspeto: Bot\u00f5es muito grandes e fofos, f\u00e1ceis de esmigalhar.<\/li>\n<li>Aroma \/ Sabor: Flor com um aroma muito natural e amadeirado. Ser\u00e1 muito apreciada pelos amantes de flores muito florais e terrosas.<\/li>\n<li>Teor de CBD: 13% de CBD para esta flor de estufa de qualidade muito elevada<\/li>\n<\/ul>","protected":false},"featured_media":20086,"comment_status":"open","ping_status":"closed","template":"","meta":{"inline_featured_image":false},"product_cat":[352,353,355],"product_tag":[220,227],"class_list":{"0":"post-17380","1":"product","2":"type-product","3":"status-publish","4":"has-post-thumbnail","6":"product_brand-mari-swiss","7":"product_cat-cbd","8":"product_cat-fleurs-de-cbd","9":"product_cat-greenhouse","10":"product_tag-fleurs-cbd","11":"product_tag-greenhouse","13":"first","14":"instock","15":"sale","16":"taxable","17":"shipping-taxable","18":"purchasable","19":"product-type-variable","20":"has-default-attributes"},"jetpack_sharing_enabled":true,"_links":{"self":[{"href":"https:\/\/mariswiss.com\/pt\/wp-json\/wp\/v2\/product\/17380","targetHints":{"allow":["GET"]}}],"collection":[{"href":"https:\/\/mariswiss.com\/pt\/wp-json\/wp\/v2\/product"}],"about":[{"href":"https:\/\/mariswiss.com\/pt\/wp-json\/wp\/v2\/types\/product"}],"replies":[{"embeddable":true,"href":"https:\/\/mariswiss.com\/pt\/wp-json\/wp\/v2\/comments?post=17380"}],"wp:featuredmedia":[{"embeddable":true,"href":"https:\/\/mariswiss.com\/pt\/wp-json\/wp\/v2\/media\/20086"}],"wp:attachment":[{"href":"https:\/\/mariswiss.com\/pt\/wp-json\/wp\/v2\/media?parent=17380"}],"wp:term":[{"taxonomy":"product_cat","embeddable":true,"href":"https:\/\/mariswiss.com\/pt\/wp-json\/wp\/v2\/product_cat?post=17380"},{"taxonomy":"product_tag","embeddable":true,"href":"https:\/\/mariswiss.com\/pt\/wp-json\/wp\/v2\/product_tag?post=17380"}],"curies":[{"name":"wp","href":"https:\/\/api.w.org\/{rel}","templated":true}]}}