{"id":18082,"date":"2024-05-03T09:48:37","date_gmt":"2024-05-03T09:48:37","guid":{"rendered":"https:\/\/mariswiss.com\/?post_type=product&#038;p=18082"},"modified":"2025-07-15T15:51:09","modified_gmt":"2025-07-15T15:51:09","slug":"swiss-premium-black-hash-bio-cbd","status":"publish","type":"product","link":"https:\/\/mariswiss.com\/pt\/product\/swiss-premium-black-hash-bio-cbd\/","title":{"rendered":"Haxixe Preto Premium Su\u00ed\u00e7o BIO CBD"},"content":{"rendered":"","protected":false},"excerpt":{"rendered":"<div style=\"text-align: left;\">\n<p><strong>Feno de ab\u00f3bora preto premium su\u00ed\u00e7o ORG\u00c2NICO<\/strong><\/p>\n<ul>\n<li>Origem: O Swiss Premium Black Hash BIO \u00e9 produzido no cant\u00e3o de Berna, na Su\u00ed\u00e7a, onde as flores de alta qualidade s\u00e3o cultivadas no interior, de acordo com os princ\u00edpios da agricultura biol\u00f3gica.<\/li>\n<li>Aspeto: Esta resina \u00e9 compacta e ligeiramente oleosa, o que a torna muito f\u00e1cil de manusear para uma utiliza\u00e7\u00e3o \u00f3ptima.<\/li>\n<li>Cheiro \/ Sabor: Com o seu sabor pronunciado, este haxixe oferece uma experi\u00eancia arom\u00e1tica intensa que ir\u00e1 deliciar os f\u00e3s de resinas aut\u00eanticas com um car\u00e1cter distinto.<\/li>\n<li>Teor de CBD \/ Efeitos: Cont\u00e9m 30% de CBD. Principalmente relaxante, este haxixe \u00e9 ideal para quem procura um relaxamento profundo, gra\u00e7as \u00e0s suas propriedades derivadas de flores org\u00e2nicas de alta qualidade. Um must para os conhecedores que procuram uma experi\u00eancia excecional.<\/li>\n<\/ul>\n<\/div>","protected":false},"featured_media":18055,"comment_status":"open","ping_status":"closed","template":"","meta":{"inline_featured_image":false},"product_cat":[352,357],"product_tag":[],"class_list":{"0":"post-18082","1":"product","2":"type-product","3":"status-publish","4":"has-post-thumbnail","6":"product_brand-mari-swiss","7":"product_cat-cbd","8":"product_cat-resines-de-cbd","10":"first","11":"instock","12":"sale","13":"taxable","14":"shipping-taxable","15":"purchasable","16":"product-type-variable"},"jetpack_sharing_enabled":true,"_links":{"self":[{"href":"https:\/\/mariswiss.com\/pt\/wp-json\/wp\/v2\/product\/18082","targetHints":{"allow":["GET"]}}],"collection":[{"href":"https:\/\/mariswiss.com\/pt\/wp-json\/wp\/v2\/product"}],"about":[{"href":"https:\/\/mariswiss.com\/pt\/wp-json\/wp\/v2\/types\/product"}],"replies":[{"embeddable":true,"href":"https:\/\/mariswiss.com\/pt\/wp-json\/wp\/v2\/comments?post=18082"}],"wp:featuredmedia":[{"embeddable":true,"href":"https:\/\/mariswiss.com\/pt\/wp-json\/wp\/v2\/media\/18055"}],"wp:attachment":[{"href":"https:\/\/mariswiss.com\/pt\/wp-json\/wp\/v2\/media?parent=18082"}],"wp:term":[{"taxonomy":"product_cat","embeddable":true,"href":"https:\/\/mariswiss.com\/pt\/wp-json\/wp\/v2\/product_cat?post=18082"},{"taxonomy":"product_tag","embeddable":true,"href":"https:\/\/mariswiss.com\/pt\/wp-json\/wp\/v2\/product_tag?post=18082"}],"curies":[{"name":"wp","href":"https:\/\/api.w.org\/{rel}","templated":true}]}}