{"id":18088,"date":"2024-05-03T09:49:49","date_gmt":"2024-05-03T09:49:49","guid":{"rendered":"https:\/\/mariswiss.com\/?post_type=product&#038;p=18088"},"modified":"2025-07-15T15:50:47","modified_gmt":"2025-07-15T15:50:47","slug":"swiss-premium-brown-hash-bio-cbd","status":"publish","type":"product","link":"https:\/\/mariswiss.com\/pt\/product\/swiss-premium-brown-hash-bio-cbd\/","title":{"rendered":"Haxixe castanho premium su\u00ed\u00e7o BIO CBD"},"content":{"rendered":"","protected":false},"excerpt":{"rendered":"<div style=\"text-align: left;\">\n<p><strong>Feno de ab\u00f3bora preto premium su\u00ed\u00e7o ORG\u00c2NICO<\/strong><\/p>\n<ul>\n<li>Origem: O Swiss Premium Brown Hash BIO \u00e9 produzido no cant\u00e3o de Berna, na Su\u00ed\u00e7a, onde as flores de alta qualidade s\u00e3o cultivadas no interior, de acordo com os princ\u00edpios da agricultura biol\u00f3gica.<\/li>\n<li>Aspeto: De cor ligeiramente castanha escura, esta resina \u00e9 semi-macia e muito pr\u00e1tica de utilizar. \u00c9 f\u00e1cil de manusear, o que a torna uma escolha ideal para uma utiliza\u00e7\u00e3o f\u00e1cil e limpa.<\/li>\n<li>Odor \/ Sabor: Tem um sabor agrad\u00e1vel. <span style=\"font-size: 14.4px;\">doce.<\/span><\/li>\n<li>Teor de CBD \/ Efeitos: cont\u00e9m 29% de CBD. Com um teor de CBD de 27%, a Swiss Premium Brown Hash BIO garante um relaxamento profundo. \u00c9 uma resina perfeitamente adequada para quem procura relaxar enquanto desfruta de um produto com um sabor distinto.<\/li>\n<\/ul>\n<\/div>","protected":false},"featured_media":18054,"comment_status":"open","ping_status":"closed","template":"","meta":{"inline_featured_image":false},"product_cat":[352,357],"product_tag":[],"class_list":{"0":"post-18088","1":"product","2":"type-product","3":"status-publish","4":"has-post-thumbnail","6":"product_brand-mari-swiss","7":"product_cat-cbd","8":"product_cat-resines-de-cbd","10":"first","11":"instock","12":"sale","13":"taxable","14":"shipping-taxable","15":"purchasable","16":"product-type-variable"},"jetpack_sharing_enabled":true,"_links":{"self":[{"href":"https:\/\/mariswiss.com\/pt\/wp-json\/wp\/v2\/product\/18088","targetHints":{"allow":["GET"]}}],"collection":[{"href":"https:\/\/mariswiss.com\/pt\/wp-json\/wp\/v2\/product"}],"about":[{"href":"https:\/\/mariswiss.com\/pt\/wp-json\/wp\/v2\/types\/product"}],"replies":[{"embeddable":true,"href":"https:\/\/mariswiss.com\/pt\/wp-json\/wp\/v2\/comments?post=18088"}],"wp:featuredmedia":[{"embeddable":true,"href":"https:\/\/mariswiss.com\/pt\/wp-json\/wp\/v2\/media\/18054"}],"wp:attachment":[{"href":"https:\/\/mariswiss.com\/pt\/wp-json\/wp\/v2\/media?parent=18088"}],"wp:term":[{"taxonomy":"product_cat","embeddable":true,"href":"https:\/\/mariswiss.com\/pt\/wp-json\/wp\/v2\/product_cat?post=18088"},{"taxonomy":"product_tag","embeddable":true,"href":"https:\/\/mariswiss.com\/pt\/wp-json\/wp\/v2\/product_tag?post=18088"}],"curies":[{"name":"wp","href":"https:\/\/api.w.org\/{rel}","templated":true}]}}