{"id":18294,"date":"2024-05-27T14:13:49","date_gmt":"2024-05-27T14:13:49","guid":{"rendered":"https:\/\/mariswiss.com\/?post_type=product&#038;p=18294"},"modified":"2025-07-16T14:02:25","modified_gmt":"2025-07-16T14:02:25","slug":"the-bulldog-brown-king-size","status":"publish","type":"product","link":"https:\/\/mariswiss.com\/pt\/product\/the-bulldog-brown-king-size\/","title":{"rendered":"The Bulldog Brown King Size"},"content":{"rendered":"<p>Estes pap\u00e9is da marca de culto \"The Bulldog\" s\u00e3o feitos de c\u00e2nhamo natural e n\u00e3o s\u00e3o branqueados.<\/p>\n<p>A combust\u00e3o \u00e9 particularmente lenta.<\/p>\n<p>Os Bulldog leaves fizeram a sua reputa\u00e7\u00e3o no seu famoso caf\u00e9 em Amesterd\u00e3o.<\/p>","protected":false},"excerpt":{"rendered":"<h2><strong>The Bulldog Brown King Size len\u00e7\u00f3is finos n\u00e3o branqueados<\/strong><\/h2>\n<ul>\n<li><span style=\"color: #333333;\">Dimens\u00f5es: 107\u00d744 mm<\/span><\/li>\n<li>Peso: 14 g\/m2<\/li>\n<li>Cada caderno cont\u00e9m 33 folhas<\/li>\n<li>Formato fino<\/li>\n<li>Sem cloro<\/li>\n<li>N\u00e3o branqueado<\/li>\n<\/ul>","protected":false},"featured_media":18295,"comment_status":"open","ping_status":"closed","template":"","meta":{"inline_featured_image":false},"product_cat":[366,369],"product_tag":[217],"class_list":{"0":"post-18294","1":"product","2":"type-product","3":"status-publish","4":"has-post-thumbnail","6":"product_brand-bulldog","7":"product_cat-accessoires","8":"product_cat-feuilles-a-rouler","9":"product_tag-feuilles","11":"first","12":"instock","13":"taxable","14":"shipping-taxable","15":"purchasable","16":"product-type-simple"},"jetpack_sharing_enabled":true,"_links":{"self":[{"href":"https:\/\/mariswiss.com\/pt\/wp-json\/wp\/v2\/product\/18294","targetHints":{"allow":["GET"]}}],"collection":[{"href":"https:\/\/mariswiss.com\/pt\/wp-json\/wp\/v2\/product"}],"about":[{"href":"https:\/\/mariswiss.com\/pt\/wp-json\/wp\/v2\/types\/product"}],"replies":[{"embeddable":true,"href":"https:\/\/mariswiss.com\/pt\/wp-json\/wp\/v2\/comments?post=18294"}],"wp:featuredmedia":[{"embeddable":true,"href":"https:\/\/mariswiss.com\/pt\/wp-json\/wp\/v2\/media\/18295"}],"wp:attachment":[{"href":"https:\/\/mariswiss.com\/pt\/wp-json\/wp\/v2\/media?parent=18294"}],"wp:term":[{"taxonomy":"product_cat","embeddable":true,"href":"https:\/\/mariswiss.com\/pt\/wp-json\/wp\/v2\/product_cat?post=18294"},{"taxonomy":"product_tag","embeddable":true,"href":"https:\/\/mariswiss.com\/pt\/wp-json\/wp\/v2\/product_tag?post=18294"}],"curies":[{"name":"wp","href":"https:\/\/api.w.org\/{rel}","templated":true}]}}