{"id":18296,"date":"2024-05-27T14:17:18","date_gmt":"2024-05-27T14:17:18","guid":{"rendered":"https:\/\/mariswiss.com\/?post_type=product&#038;p=18296"},"modified":"2026-04-17T09:04:00","modified_gmt":"2026-04-17T09:04:00","slug":"ocb-bamboo-king-size-slim-papers-100-bamboo","status":"publish","type":"product","link":"https:\/\/mariswiss.com\/pt\/product\/ocb-bamboo-king-size-slim-papers-100-bamboo\/","title":{"rendered":"PAP\u00c9IS OCB BAMBOO KING SIZE SLIM - 100% BAMBOO"},"content":{"rendered":"","protected":false},"excerpt":{"rendered":"<h2>PAP\u00c9IS OCB BAMBOO KING SIZE SLIM<\/h2>\n<p>Aqui a OCB apresenta folhas de cigarro feitas de 100 % de bambu!<\/p>\n<p>O bambu \u00e9 uma mat\u00e9ria-prima que se renova rapidamente e o papel fabricado a partir dele caracteriza-se tamb\u00e9m pela sua flexibilidade e resist\u00eancia ao rasgamento. Cada caderno cont\u00e9m 32 folhas de bambu cru, ultrafino, que queima uniformemente. Este produto \u00e9 vegan e fabricado em Fran\u00e7a.<\/p>\n<p>Em poucas palavras:<\/p>\n<ul>\n<li>Tamanho da folha: 44 x 109 mm<\/li>\n<li>N\u00e3o branqueado e sem corantes<\/li>\n<li>32 folhas por caderno<\/li>\n<li>50 cadernos por caixa<\/li>\n<\/ul>","protected":false},"featured_media":18297,"comment_status":"open","ping_status":"closed","template":"","meta":{"inline_featured_image":false},"product_cat":[366,369],"product_tag":[217],"class_list":{"0":"post-18296","1":"product","2":"type-product","3":"status-publish","4":"has-post-thumbnail","6":"product_brand-ocb","7":"product_cat-accessoires","8":"product_cat-feuilles-a-rouler","9":"product_tag-feuilles","11":"first","12":"instock","13":"taxable","14":"shipping-taxable","15":"purchasable","16":"product-type-simple"},"jetpack_sharing_enabled":true,"_links":{"self":[{"href":"https:\/\/mariswiss.com\/pt\/wp-json\/wp\/v2\/product\/18296","targetHints":{"allow":["GET"]}}],"collection":[{"href":"https:\/\/mariswiss.com\/pt\/wp-json\/wp\/v2\/product"}],"about":[{"href":"https:\/\/mariswiss.com\/pt\/wp-json\/wp\/v2\/types\/product"}],"replies":[{"embeddable":true,"href":"https:\/\/mariswiss.com\/pt\/wp-json\/wp\/v2\/comments?post=18296"}],"wp:featuredmedia":[{"embeddable":true,"href":"https:\/\/mariswiss.com\/pt\/wp-json\/wp\/v2\/media\/18297"}],"wp:attachment":[{"href":"https:\/\/mariswiss.com\/pt\/wp-json\/wp\/v2\/media?parent=18296"}],"wp:term":[{"taxonomy":"product_cat","embeddable":true,"href":"https:\/\/mariswiss.com\/pt\/wp-json\/wp\/v2\/product_cat?post=18296"},{"taxonomy":"product_tag","embeddable":true,"href":"https:\/\/mariswiss.com\/pt\/wp-json\/wp\/v2\/product_tag?post=18296"}],"curies":[{"name":"wp","href":"https:\/\/api.w.org\/{rel}","templated":true}]}}