{"id":18370,"date":"2024-05-31T13:02:57","date_gmt":"2024-05-31T13:02:57","guid":{"rendered":"https:\/\/mariswiss.com\/?post_type=product&#038;p=18370"},"modified":"2026-03-31T14:40:07","modified_gmt":"2026-03-31T14:40:07","slug":"mango-haze-cbd-indoor","status":"publish","type":"product","link":"https:\/\/mariswiss.com\/pt\/product\/mango-haze-cbd-indoor\/","title":{"rendered":"Mango Haze CBD de interior"},"content":{"rendered":"","protected":false},"excerpt":{"rendered":"<p><strong>Mango Haze CBD de interior<\/strong><\/p>\n<ul>\n<li>\n<div>Origem: Esta variedade \u00e9 cultivada em interior no cant\u00e3o de Valais, na Su\u00ed\u00e7a.<\/div>\n<\/li>\n<li>\n<div>Aspeto: Esta flor tem um aspeto soberbo: compacta, verde claro brilhante com pistilos cor de laranja.<\/div>\n<\/li>\n<li>\n<div>Cheiro \/ Sabor: Assim que abrir a saqueta, ser\u00e1 saudado pelo cheiro delicioso, doce e ex\u00f3tico que \u00e9 carater\u00edstico da variedade Mango.<\/div>\n<\/li>\n<li>\n<div>Conte\u00fado de CBD \/ Efeitos : Com um teor de CBD de 28%, promete um relaxamento profundo e apreci\u00e1vel.<\/div>\n<\/li>\n<\/ul>","protected":false},"featured_media":18372,"comment_status":"open","ping_status":"closed","template":"","meta":{"inline_featured_image":false},"product_cat":[352,353,354],"product_tag":[76],"class_list":{"0":"post-18370","1":"product","2":"type-product","3":"status-publish","4":"has-post-thumbnail","6":"product_brand-mari-swiss","7":"product_cat-cbd","8":"product_cat-fleurs-de-cbd","9":"product_cat-indoor","10":"product_tag-indoor","12":"first","13":"instock","14":"sale","15":"taxable","16":"shipping-taxable","17":"purchasable","18":"product-type-variable"},"jetpack_sharing_enabled":true,"_links":{"self":[{"href":"https:\/\/mariswiss.com\/pt\/wp-json\/wp\/v2\/product\/18370","targetHints":{"allow":["GET"]}}],"collection":[{"href":"https:\/\/mariswiss.com\/pt\/wp-json\/wp\/v2\/product"}],"about":[{"href":"https:\/\/mariswiss.com\/pt\/wp-json\/wp\/v2\/types\/product"}],"replies":[{"embeddable":true,"href":"https:\/\/mariswiss.com\/pt\/wp-json\/wp\/v2\/comments?post=18370"}],"wp:featuredmedia":[{"embeddable":true,"href":"https:\/\/mariswiss.com\/pt\/wp-json\/wp\/v2\/media\/18372"}],"wp:attachment":[{"href":"https:\/\/mariswiss.com\/pt\/wp-json\/wp\/v2\/media?parent=18370"}],"wp:term":[{"taxonomy":"product_cat","embeddable":true,"href":"https:\/\/mariswiss.com\/pt\/wp-json\/wp\/v2\/product_cat?post=18370"},{"taxonomy":"product_tag","embeddable":true,"href":"https:\/\/mariswiss.com\/pt\/wp-json\/wp\/v2\/product_tag?post=18370"}],"curies":[{"name":"wp","href":"https:\/\/api.w.org\/{rel}","templated":true}]}}