{"id":18881,"date":"2024-07-23T17:53:01","date_gmt":"2024-07-23T17:53:01","guid":{"rendered":"https:\/\/mariswiss.com\/?post_type=product&#038;p=18881"},"modified":"2025-07-15T15:47:24","modified_gmt":"2025-07-15T15:47:24","slug":"tangie-dream-cbd-indoor","status":"publish","type":"product","link":"https:\/\/mariswiss.com\/pt\/product\/tangie-dream-cbd-indoor\/","title":{"rendered":"Tangie Dream CBD interior"},"content":{"rendered":"","protected":false},"excerpt":{"rendered":"<p><strong>Tangie CBD Indoor<\/strong><\/p>\n<p><strong>Origem<\/strong> Cultivada no interior do cant\u00e3o de Vaud, na Su\u00ed\u00e7a, esta variedade distingue-se pela sua beleza e qualidade excecional.<\/p>\n<p><strong>Aspeto<\/strong> Uma flor magn\u00edfica, compacta, verde escura, pontilhada de belos pistilos cor de laranja.<\/p>\n<p><strong>Odor \/ Sabor<\/strong> Todo o poder desta flor pode ser sentido quando a bebemos. Uma verdadeira flor de car\u00e1cter, com notas picantes e um travo a frutos ex\u00f3ticos.<\/p>\n<p><strong>N\u00edvel de CBD \/ Efeitos<\/strong> Esta flor tem um teor de CBD de 23%, oferecendo efeitos poderosos e relaxantes.<\/p>","protected":false},"featured_media":18886,"comment_status":"open","ping_status":"closed","template":"","meta":{"inline_featured_image":false},"product_cat":[353,352,354],"product_tag":[76],"class_list":{"0":"post-18881","1":"product","2":"type-product","3":"status-publish","4":"has-post-thumbnail","6":"product_brand-mari-swiss","7":"product_cat-fleurs-de-cbd","8":"product_cat-cbd","9":"product_cat-indoor","10":"product_tag-indoor","12":"first","13":"instock","14":"sale","15":"taxable","16":"shipping-taxable","17":"purchasable","18":"product-type-variable"},"jetpack_sharing_enabled":true,"_links":{"self":[{"href":"https:\/\/mariswiss.com\/pt\/wp-json\/wp\/v2\/product\/18881","targetHints":{"allow":["GET"]}}],"collection":[{"href":"https:\/\/mariswiss.com\/pt\/wp-json\/wp\/v2\/product"}],"about":[{"href":"https:\/\/mariswiss.com\/pt\/wp-json\/wp\/v2\/types\/product"}],"replies":[{"embeddable":true,"href":"https:\/\/mariswiss.com\/pt\/wp-json\/wp\/v2\/comments?post=18881"}],"wp:featuredmedia":[{"embeddable":true,"href":"https:\/\/mariswiss.com\/pt\/wp-json\/wp\/v2\/media\/18886"}],"wp:attachment":[{"href":"https:\/\/mariswiss.com\/pt\/wp-json\/wp\/v2\/media?parent=18881"}],"wp:term":[{"taxonomy":"product_cat","embeddable":true,"href":"https:\/\/mariswiss.com\/pt\/wp-json\/wp\/v2\/product_cat?post=18881"},{"taxonomy":"product_tag","embeddable":true,"href":"https:\/\/mariswiss.com\/pt\/wp-json\/wp\/v2\/product_tag?post=18881"}],"curies":[{"name":"wp","href":"https:\/\/api.w.org\/{rel}","templated":true}]}}