{"id":18887,"date":"2024-07-23T18:10:56","date_gmt":"2024-07-23T18:10:56","guid":{"rendered":"https:\/\/mariswiss.com\/?post_type=product&#038;p=18887"},"modified":"2025-07-15T15:47:05","modified_gmt":"2025-07-15T15:47:05","slug":"cali-cheese-cbd-greenhouse","status":"publish","type":"product","link":"https:\/\/mariswiss.com\/pt\/product\/cali-cheese-cbd-greenhouse\/","title":{"rendered":"Cali Cheese CBD Greenhouse (estufa)"},"content":{"rendered":"","protected":false},"excerpt":{"rendered":"<p><strong>Cali Cheese CBD Greenhouse (estufa)<\/strong><\/p>\n<p><strong>Origem<\/strong> Esta variedade prov\u00e9m de uma estufa em Biel, onde as condi\u00e7\u00f5es frescas, o solo limpo e bem conservado e as estufas de nova gera\u00e7\u00e3o garantem uma qualidade \u00f3ptima.<\/p>\n<p><strong>Aspeto<\/strong> Uma flor grande com uma cor verde ligeiramente escura.<\/p>\n<p><strong>Odor \/ Sabor<\/strong> O seu sabor natural e carater\u00edstico torna-o f\u00e1cil de reconhecer, oferecendo uma excelente rela\u00e7\u00e3o qualidade\/pre\u00e7o.<\/p>\n<p><strong>N\u00edvel de CBD \/ Efeitos<\/strong> Esta flor tem um teor de CBD de 17%, oferecendo efeitos relaxantes moderados.<\/p>","protected":false},"featured_media":20085,"comment_status":"open","ping_status":"closed","template":"","meta":{"inline_featured_image":false},"product_cat":[353,352,355],"product_tag":[227],"class_list":{"0":"post-18887","1":"product","2":"type-product","3":"status-publish","4":"has-post-thumbnail","6":"product_brand-mari-swiss","7":"product_cat-fleurs-de-cbd","8":"product_cat-cbd","9":"product_cat-greenhouse","10":"product_tag-greenhouse","12":"first","13":"instock","14":"sale","15":"taxable","16":"shipping-taxable","17":"purchasable","18":"product-type-variable"},"jetpack_sharing_enabled":true,"_links":{"self":[{"href":"https:\/\/mariswiss.com\/pt\/wp-json\/wp\/v2\/product\/18887","targetHints":{"allow":["GET"]}}],"collection":[{"href":"https:\/\/mariswiss.com\/pt\/wp-json\/wp\/v2\/product"}],"about":[{"href":"https:\/\/mariswiss.com\/pt\/wp-json\/wp\/v2\/types\/product"}],"replies":[{"embeddable":true,"href":"https:\/\/mariswiss.com\/pt\/wp-json\/wp\/v2\/comments?post=18887"}],"wp:featuredmedia":[{"embeddable":true,"href":"https:\/\/mariswiss.com\/pt\/wp-json\/wp\/v2\/media\/20085"}],"wp:attachment":[{"href":"https:\/\/mariswiss.com\/pt\/wp-json\/wp\/v2\/media?parent=18887"}],"wp:term":[{"taxonomy":"product_cat","embeddable":true,"href":"https:\/\/mariswiss.com\/pt\/wp-json\/wp\/v2\/product_cat?post=18887"},{"taxonomy":"product_tag","embeddable":true,"href":"https:\/\/mariswiss.com\/pt\/wp-json\/wp\/v2\/product_tag?post=18887"}],"curies":[{"name":"wp","href":"https:\/\/api.w.org\/{rel}","templated":true}]}}