{"id":19290,"date":"2024-09-10T13:12:57","date_gmt":"2024-09-10T13:12:57","guid":{"rendered":"https:\/\/mariswiss.com\/?post_type=product&#038;p=19290"},"modified":"2026-04-17T09:03:56","modified_gmt":"2026-04-17T09:03:56","slug":"hq-x-ct-indoor-cbn","status":"publish","type":"product","link":"https:\/\/mariswiss.com\/pt\/product\/hq-x-ct-indoor-cbn\/","title":{"rendered":"HQ x CT indoor CBN"},"content":{"rendered":"","protected":false},"excerpt":{"rendered":"<p><strong>HQ x CT indoor CBN<\/strong><\/p>\n<p><strong>Origem<\/strong> Esta variedade \u00e9 cultivada no interior por produtores apaixonados e empenhados, garantindo a melhor qualidade poss\u00edvel da Su\u00ed\u00e7a.<\/p>\n<p><strong>Aspeto<\/strong> Flores leves, grandes e compactas. A brancura prov\u00e9m da HSD, uma mistura inteligente de isolados de CBD e p\u00f3len natural.<\/p>\n<p><strong style=\"font-size: 14.4px;\">Odor \/ Sabor<\/strong><span style=\"font-size: 14.4px;\"> Cannatonic: \u00c9 uma h\u00edbrida de Cannatonic e Harlequin, por isso \u00e9 uma flor muito saborosa e ligeiramente doce com toques de Haze.<\/span><\/p>\n<p><strong>N\u00edveis e efeitos do CBD<\/strong> : Cette fleur affiche un taux de CBD de 16%, et 10% de CBN<\/p>","protected":false},"featured_media":19295,"comment_status":"open","ping_status":"closed","template":"","meta":{"inline_featured_image":false},"product_cat":[360,361],"product_tag":[76,252],"class_list":{"0":"post-19290","1":"product","2":"type-product","3":"status-publish","4":"has-post-thumbnail","6":"product_cat-thcp","7":"product_cat-fleurs-de-thcp","8":"product_tag-indoor","9":"product_tag-mini-buds","11":"first","12":"outofstock","13":"sale","14":"taxable","15":"shipping-taxable","16":"purchasable","17":"product-type-variable"},"jetpack_sharing_enabled":true,"_links":{"self":[{"href":"https:\/\/mariswiss.com\/pt\/wp-json\/wp\/v2\/product\/19290","targetHints":{"allow":["GET"]}}],"collection":[{"href":"https:\/\/mariswiss.com\/pt\/wp-json\/wp\/v2\/product"}],"about":[{"href":"https:\/\/mariswiss.com\/pt\/wp-json\/wp\/v2\/types\/product"}],"replies":[{"embeddable":true,"href":"https:\/\/mariswiss.com\/pt\/wp-json\/wp\/v2\/comments?post=19290"}],"wp:featuredmedia":[{"embeddable":true,"href":"https:\/\/mariswiss.com\/pt\/wp-json\/wp\/v2\/media\/19295"}],"wp:attachment":[{"href":"https:\/\/mariswiss.com\/pt\/wp-json\/wp\/v2\/media?parent=19290"}],"wp:term":[{"taxonomy":"product_cat","embeddable":true,"href":"https:\/\/mariswiss.com\/pt\/wp-json\/wp\/v2\/product_cat?post=19290"},{"taxonomy":"product_tag","embeddable":true,"href":"https:\/\/mariswiss.com\/pt\/wp-json\/wp\/v2\/product_tag?post=19290"}],"curies":[{"name":"wp","href":"https:\/\/api.w.org\/{rel}","templated":true}]}}