{"id":19297,"date":"2024-09-10T13:30:43","date_gmt":"2024-09-10T13:30:43","guid":{"rendered":"https:\/\/mariswiss.com\/?post_type=product&#038;p=19297"},"modified":"2025-12-05T15:00:02","modified_gmt":"2025-12-05T15:00:02","slug":"tropical-greenhouse-cbn","status":"publish","type":"product","link":"https:\/\/mariswiss.com\/pt\/product\/tropical-greenhouse-cbn\/","title":{"rendered":"Tropical Greenhouse CBN"},"content":{"rendered":"","protected":false},"excerpt":{"rendered":"<p><strong>Tropical Greenhouse CBN<\/strong><\/p>\n<p><strong>Origem<\/strong> Esta variedade \u00e9 cultivada em estufas su\u00ed\u00e7as, pelo que a temperatura \u00e9 um pouco mais fresca por estar um pouco mais elevada. \u00c9 produzida por produtores apaixonados nas regi\u00f5es montanhosas da Su\u00ed\u00e7a.<\/p>\n<p><strong>Aspeto<\/strong> Bot\u00f5es leves, grandes e em forma de pompom. Um pouco mais frondoso e arejado do que um interior, o que lhe confere o seu encanto.<\/p>\n<p><strong style=\"font-size: 14.4px;\">Odor \/ Sabor<\/strong><span style=\"font-size: 14.4px;\"> Proveniente de uma variedade estreitamente relacionada com a Hawaiian Haze, \u00e9 muito frutada (notas de manga e frutos ex\u00f3ticos) e floralmente poderosa. O HSD (isolado de CBN, CBC e p\u00f3len natural legal poderoso) ilumina esta flor forte.<\/span><\/p>\n<p><strong>N\u00edveis e efeitos do CBD<\/strong> : Cette fleur affiche un taux de CBD de 16%, et 10% de CBN.<\/p>","protected":false},"featured_media":19303,"comment_status":"open","ping_status":"closed","template":"","meta":{"inline_featured_image":false},"product_cat":[360,361],"product_tag":[227,482],"class_list":{"0":"post-19297","1":"product","2":"type-product","3":"status-publish","4":"has-post-thumbnail","6":"product_cat-thcp","7":"product_cat-fleurs-de-thcp","8":"product_tag-greenhouse","9":"product_tag-hsd","11":"first","12":"outofstock","13":"sale","14":"taxable","15":"shipping-taxable","16":"purchasable","17":"product-type-variable"},"jetpack_sharing_enabled":true,"_links":{"self":[{"href":"https:\/\/mariswiss.com\/pt\/wp-json\/wp\/v2\/product\/19297","targetHints":{"allow":["GET"]}}],"collection":[{"href":"https:\/\/mariswiss.com\/pt\/wp-json\/wp\/v2\/product"}],"about":[{"href":"https:\/\/mariswiss.com\/pt\/wp-json\/wp\/v2\/types\/product"}],"replies":[{"embeddable":true,"href":"https:\/\/mariswiss.com\/pt\/wp-json\/wp\/v2\/comments?post=19297"}],"wp:featuredmedia":[{"embeddable":true,"href":"https:\/\/mariswiss.com\/pt\/wp-json\/wp\/v2\/media\/19303"}],"wp:attachment":[{"href":"https:\/\/mariswiss.com\/pt\/wp-json\/wp\/v2\/media?parent=19297"}],"wp:term":[{"taxonomy":"product_cat","embeddable":true,"href":"https:\/\/mariswiss.com\/pt\/wp-json\/wp\/v2\/product_cat?post=19297"},{"taxonomy":"product_tag","embeddable":true,"href":"https:\/\/mariswiss.com\/pt\/wp-json\/wp\/v2\/product_tag?post=19297"}],"curies":[{"name":"wp","href":"https:\/\/api.w.org\/{rel}","templated":true}]}}