{"id":19651,"date":"2024-11-05T14:25:55","date_gmt":"2024-11-05T14:25:55","guid":{"rendered":"https:\/\/mariswiss.com\/?post_type=product&#038;p=19651"},"modified":"2026-04-17T09:03:54","modified_gmt":"2026-04-17T09:03:54","slug":"king-hassan-hsd","status":"publish","type":"product","link":"https:\/\/mariswiss.com\/pt\/product\/king-hassan-hsd\/","title":{"rendered":"Rei Hassan"},"content":{"rendered":"<p>Uma nova adi\u00e7\u00e3o \u00e0 nossa gama de resinas e produtos HSD.<\/p>\n<p>O King Hassan \u00e9 um haxixe poderoso e muito perfumado, com fortes notas de especiarias. Tamb\u00e9m o temos na nossa gama CBD, sem infus\u00e3o.<\/p>\n<p>Se gosta de resinas fortes, escuras e h\u00famidas, ent\u00e3o este haxixe ir\u00e1 delici\u00e1-lo sempre.<\/p>","protected":false},"excerpt":{"rendered":"<p><strong>Rei Hassan HSD<\/strong><\/p>\n<ul>\n<li>Origem: Este produto \u00e9 produzido no laborat\u00f3rio dos nossos produtores na Su\u00ed\u00e7a de l\u00edngua alem\u00e3, utilizando p\u00f3len de flores de interior. Mol\u00e9cula HSD adicionada durante a prepara\u00e7\u00e3o.<\/li>\n<li>Apar\u00eancia: Este haxixe \u00e9 escuro, suave e ligeiramente oleoso.<\/li>\n<li>Cheiro \/ Sabor: O King Hassan \u00e9 um haxixe conhecido em todo o mundo pelo seu cheiro carater\u00edstico, poderoso e apimentado. Quando a queima, sentir\u00e1 esse forte aroma a especiarias e, quando a consome, sentir\u00e1 todo o poder dos seus terpenos.<\/li>\n<li>Conte\u00fado\/efeitos do CBD: Contendo 28% de CBD e 10% de HSD, este haxixe d\u00e1-te um efeito relaxante e agrad\u00e1vel, bastante suave mas n\u00e3o negligenci\u00e1vel.<\/li>\n<\/ul>\n<ul>\n<li style=\"list-style-type: none;\"><\/li>\n<\/ul>","protected":false},"featured_media":19685,"comment_status":"open","ping_status":"closed","template":"","meta":{"inline_featured_image":false},"product_cat":[352,357,360],"product_tag":[244,76],"class_list":{"0":"post-19651","1":"product","2":"type-product","3":"status-publish","4":"has-post-thumbnail","6":"product_brand-mari-swiss","7":"product_cat-cbd","8":"product_cat-resines-de-cbd","9":"product_cat-thcp","10":"product_tag-hash","11":"product_tag-indoor","13":"first","14":"instock","15":"sale","16":"taxable","17":"shipping-taxable","18":"purchasable","19":"product-type-variable","20":"has-default-attributes"},"jetpack_sharing_enabled":true,"_links":{"self":[{"href":"https:\/\/mariswiss.com\/pt\/wp-json\/wp\/v2\/product\/19651","targetHints":{"allow":["GET"]}}],"collection":[{"href":"https:\/\/mariswiss.com\/pt\/wp-json\/wp\/v2\/product"}],"about":[{"href":"https:\/\/mariswiss.com\/pt\/wp-json\/wp\/v2\/types\/product"}],"replies":[{"embeddable":true,"href":"https:\/\/mariswiss.com\/pt\/wp-json\/wp\/v2\/comments?post=19651"}],"wp:featuredmedia":[{"embeddable":true,"href":"https:\/\/mariswiss.com\/pt\/wp-json\/wp\/v2\/media\/19685"}],"wp:attachment":[{"href":"https:\/\/mariswiss.com\/pt\/wp-json\/wp\/v2\/media?parent=19651"}],"wp:term":[{"taxonomy":"product_cat","embeddable":true,"href":"https:\/\/mariswiss.com\/pt\/wp-json\/wp\/v2\/product_cat?post=19651"},{"taxonomy":"product_tag","embeddable":true,"href":"https:\/\/mariswiss.com\/pt\/wp-json\/wp\/v2\/product_tag?post=19651"}],"curies":[{"name":"wp","href":"https:\/\/api.w.org\/{rel}","templated":true}]}}