{"id":8371,"date":"2023-10-13T12:27:19","date_gmt":"2023-10-13T12:27:19","guid":{"rendered":"https:\/\/mariswiss.com\/?post_type=product&#038;p=8371"},"modified":"2025-07-11T08:19:22","modified_gmt":"2025-07-11T08:19:22","slug":"raw-connoisseur-king-size-slim-filtres","status":"publish","type":"product","link":"https:\/\/mariswiss.com\/pt\/product\/raw-connoisseur-king-size-slim-filtres\/","title":{"rendered":"Raw Connoisseur King Size Slim + Filtros"},"content":{"rendered":"<p>RAW King Size Slim + Filtros. 2 elementos essenciais reunidos numa \u00fanica embalagem para facilitar o seu consumo. As folhas cont\u00eam uma mistura h\u00edbrida de fibras n\u00e3o branqueadas (n\u00e3o branqueadas com cloro). O papel tem uma cor castanha clara transl\u00facida natural. O RAW \u00e9 t\u00e3o fino que se pode ver atrav\u00e9s dele. Cada papel tem a marca de \u00e1gua patenteada CrissCross.<\/p>\n<p>Para garantir a melhor experi\u00eancia de degusta\u00e7\u00e3o poss\u00edvel, vendemos apenas produtos da mais alta qualidade, reconhecidos em todo o mundo pela sua estrutura fina e, acima de tudo, fabricados com materiais e mat\u00e9rias-primas de primeira qualidade.<\/p>\n<p>Os pre\u00e7os tamb\u00e9m s\u00e3o muito atractivos para este tipo de produto, por isso n\u00e3o hesite em adicion\u00e1-los \u00e0 sua encomenda!<\/p>","protected":false},"excerpt":{"rendered":"<p><strong>32 folhas e 32 filtros por embalagem<\/strong><\/p>\n<p>Folhas e filtros Raw Connoisseur King Size Slim numa \u00fanica embalagem. O RAW Connoisseur combina dois elementos essenciais para o seu consumo num \u00fanico design.<br \/>\nOs pap\u00e9is RAW cont\u00eam uma mistura h\u00edbrida de fibras n\u00e3o branqueadas (n\u00e3o branqueadas com cloro), o papel tem uma cor castanha clara transl\u00facida natural. O papel RAW \u00e9 t\u00e3o fino que se pode ver atrav\u00e9s dele. Cada papel \u00e9 fornecido com a marca de \u00e1gua patenteada CrissCross. Esta marca de \u00e1gua especial evita a fuga de \u00e1gua e preserva as caracter\u00edsticas de queima uniforme pelas quais somos conhecidos.<br \/>\nOs filtros RAW s\u00e3o fabricados em papel 100% isento de cloro.<\/p>","protected":false},"featured_media":8372,"comment_status":"open","ping_status":"closed","template":"","meta":{"inline_featured_image":false},"product_cat":[15,366,369],"product_tag":[217,218],"class_list":{"0":"post-8371","1":"product","2":"type-product","3":"status-publish","4":"has-post-thumbnail","6":"product_brand-raw","7":"product_cat-uncategorized","8":"product_cat-accessoires","9":"product_cat-feuilles-a-rouler","10":"product_tag-feuilles","11":"product_tag-filtres","13":"first","14":"outofstock","15":"taxable","16":"shipping-taxable","17":"purchasable","18":"product-type-simple"},"jetpack_sharing_enabled":true,"_links":{"self":[{"href":"https:\/\/mariswiss.com\/pt\/wp-json\/wp\/v2\/product\/8371","targetHints":{"allow":["GET"]}}],"collection":[{"href":"https:\/\/mariswiss.com\/pt\/wp-json\/wp\/v2\/product"}],"about":[{"href":"https:\/\/mariswiss.com\/pt\/wp-json\/wp\/v2\/types\/product"}],"replies":[{"embeddable":true,"href":"https:\/\/mariswiss.com\/pt\/wp-json\/wp\/v2\/comments?post=8371"}],"wp:featuredmedia":[{"embeddable":true,"href":"https:\/\/mariswiss.com\/pt\/wp-json\/wp\/v2\/media\/8372"}],"wp:attachment":[{"href":"https:\/\/mariswiss.com\/pt\/wp-json\/wp\/v2\/media?parent=8371"}],"wp:term":[{"taxonomy":"product_cat","embeddable":true,"href":"https:\/\/mariswiss.com\/pt\/wp-json\/wp\/v2\/product_cat?post=8371"},{"taxonomy":"product_tag","embeddable":true,"href":"https:\/\/mariswiss.com\/pt\/wp-json\/wp\/v2\/product_tag?post=8371"}],"curies":[{"name":"wp","href":"https:\/\/api.w.org\/{rel}","templated":true}]}}