{"id":8384,"date":"2023-10-13T12:27:19","date_gmt":"2023-10-13T12:27:19","guid":{"rendered":"https:\/\/mariswiss.com\/?post_type=product&#038;p=8384"},"modified":"2025-11-25T20:04:45","modified_gmt":"2025-11-25T20:04:45","slug":"raw-organic-king-size-slim","status":"publish","type":"product","link":"https:\/\/mariswiss.com\/pt\/product\/raw-organic-king-size-slim\/","title":{"rendered":"King Size Slim cru e org\u00e2nico ( 32 folhas \/ pacote )"},"content":{"rendered":"<p>Os pap\u00e9is RAW Organic s\u00e3o feitos de c\u00e2nhamo natural e n\u00e3o branqueado. Cultivado e colhido atrav\u00e9s de m\u00e9todos sustent\u00e1veis. Cada papel \u00e9 marcado com uma marca de \u00e1gua em forma de cruz. Esta marca de \u00e1gua especial ajuda a evitar pingos e mant\u00e9m a queima o mais suave poss\u00edvel!<\/p>\n<p>Folhas de qualidade superior para uma degusta\u00e7\u00e3o perfeita!<\/p>\n<p>Para garantir a melhor rela\u00e7\u00e3o qualidade-pre\u00e7o poss\u00edvel, vendemos apenas produtos da mais alta qualidade, reconhecidos mundialmente pela sua estrutura fina e, acima de tudo, fabricados com materiais e mat\u00e9rias-primas de primeira qualidade.<\/p>\n<p>Os pre\u00e7os tamb\u00e9m s\u00e3o muito atractivos para este tipo de produto, por isso n\u00e3o hesite em adicion\u00e1-los \u00e0 sua encomenda!<\/p>","protected":false},"excerpt":{"rendered":"<p><strong>32 folhas por embalagem<\/strong><\/p>\n<p>Os pap\u00e9is Raw Organic King Size Slim s\u00e3o feitos de c\u00e2nhamo natural, n\u00e3o branqueado, cultivado e colhido atrav\u00e9s de m\u00e9todos sustent\u00e1veis. Cada papel \u00e9 marcado com uma marca de \u00e1gua em forma de cruz: esta marca de \u00e1gua especial ajuda a evitar pingos e mant\u00e9m a combust\u00e3o o mais suave poss\u00edvel!<\/p>\n<p>Folhas de qualidade superior para uma degusta\u00e7\u00e3o perfeita!<\/p>","protected":false},"featured_media":8385,"comment_status":"open","ping_status":"closed","template":"","meta":{"inline_featured_image":false},"product_cat":[15,366,369],"product_tag":[217,218],"class_list":{"0":"post-8384","1":"product","2":"type-product","3":"status-publish","4":"has-post-thumbnail","6":"product_brand-raw","7":"product_cat-uncategorized","8":"product_cat-accessoires","9":"product_cat-feuilles-a-rouler","10":"product_tag-feuilles","11":"product_tag-filtres","13":"first","14":"instock","15":"taxable","16":"shipping-taxable","17":"purchasable","18":"product-type-simple"},"jetpack_sharing_enabled":true,"_links":{"self":[{"href":"https:\/\/mariswiss.com\/pt\/wp-json\/wp\/v2\/product\/8384","targetHints":{"allow":["GET"]}}],"collection":[{"href":"https:\/\/mariswiss.com\/pt\/wp-json\/wp\/v2\/product"}],"about":[{"href":"https:\/\/mariswiss.com\/pt\/wp-json\/wp\/v2\/types\/product"}],"replies":[{"embeddable":true,"href":"https:\/\/mariswiss.com\/pt\/wp-json\/wp\/v2\/comments?post=8384"}],"wp:featuredmedia":[{"embeddable":true,"href":"https:\/\/mariswiss.com\/pt\/wp-json\/wp\/v2\/media\/8385"}],"wp:attachment":[{"href":"https:\/\/mariswiss.com\/pt\/wp-json\/wp\/v2\/media?parent=8384"}],"wp:term":[{"taxonomy":"product_cat","embeddable":true,"href":"https:\/\/mariswiss.com\/pt\/wp-json\/wp\/v2\/product_cat?post=8384"},{"taxonomy":"product_tag","embeddable":true,"href":"https:\/\/mariswiss.com\/pt\/wp-json\/wp\/v2\/product_tag?post=8384"}],"curies":[{"name":"wp","href":"https:\/\/api.w.org\/{rel}","templated":true}]}}