{"id":8455,"date":"2021-08-10T16:21:44","date_gmt":"2021-08-10T16:21:44","guid":{"rendered":"https:\/\/mariswiss.com\/?post_type=product&#038;p=8455"},"modified":"2025-11-10T17:56:31","modified_gmt":"2025-11-10T17:56:31","slug":"feuilles-a-rouler-greengo-unbleached-slim-rolls","status":"publish","type":"product","link":"https:\/\/mariswiss.com\/pt\/product\/feuilles-a-rouler-greengo-unbleached-slim-rolls\/","title":{"rendered":"Rolos finos n\u00e3o branqueados Greengo"},"content":{"rendered":"<p>Os rolos Greengo Slim s\u00e3o crus, sem cloro e feitos de celulose.<br \/>\nCada rolo cont\u00e9m 4 metros de papel cont\u00ednuo, que pode ser rasgado no comprimento desejado.<br \/>\nLargura: 44 mm.<br \/>\nComprimento: 4m<br \/>\nFabricado na UE.<\/p>\n<p>Para garantir a melhor experi\u00eancia de degusta\u00e7\u00e3o poss\u00edvel, vendemos apenas produtos de alta qualidade. Estes s\u00e3o mundialmente conhecidos pela sua estrutura fina e, acima de tudo, s\u00e3o fabricados com materiais e mat\u00e9rias-primas de primeira qualidade.<\/p>\n<p>Os pre\u00e7os tamb\u00e9m s\u00e3o muito atractivos para este tipo de produto, por isso n\u00e3o hesite em adicion\u00e1-los \u00e0 sua encomenda!<\/p>","protected":false},"excerpt":{"rendered":"<p>Os Rolos Slim N\u00e3o Branqueados Greengo s\u00e3o n\u00e3o branqueados, sem cloro e feitos de celulose.<br \/>\nCada rolo cont\u00e9m 4 metros de papel cont\u00ednuo, que pode ser rasgado no comprimento desejado.<br \/>\nLargura: 44 mm.<br \/>\nComprimento: 4m<br \/>\nFabricado na UE.<\/p>","protected":false},"featured_media":8456,"comment_status":"open","ping_status":"closed","template":"","meta":{"inline_featured_image":false},"product_cat":[15,366,369],"product_tag":[217,218],"class_list":{"0":"post-8455","1":"product","2":"type-product","3":"status-publish","4":"has-post-thumbnail","6":"product_brand-greengo","7":"product_cat-uncategorized","8":"product_cat-accessoires","9":"product_cat-feuilles-a-rouler","10":"product_tag-feuilles","11":"product_tag-filtres","13":"first","14":"outofstock","15":"taxable","16":"shipping-taxable","17":"purchasable","18":"product-type-simple"},"jetpack_sharing_enabled":true,"_links":{"self":[{"href":"https:\/\/mariswiss.com\/pt\/wp-json\/wp\/v2\/product\/8455","targetHints":{"allow":["GET"]}}],"collection":[{"href":"https:\/\/mariswiss.com\/pt\/wp-json\/wp\/v2\/product"}],"about":[{"href":"https:\/\/mariswiss.com\/pt\/wp-json\/wp\/v2\/types\/product"}],"replies":[{"embeddable":true,"href":"https:\/\/mariswiss.com\/pt\/wp-json\/wp\/v2\/comments?post=8455"}],"wp:featuredmedia":[{"embeddable":true,"href":"https:\/\/mariswiss.com\/pt\/wp-json\/wp\/v2\/media\/8456"}],"wp:attachment":[{"href":"https:\/\/mariswiss.com\/pt\/wp-json\/wp\/v2\/media?parent=8455"}],"wp:term":[{"taxonomy":"product_cat","embeddable":true,"href":"https:\/\/mariswiss.com\/pt\/wp-json\/wp\/v2\/product_cat?post=8455"},{"taxonomy":"product_tag","embeddable":true,"href":"https:\/\/mariswiss.com\/pt\/wp-json\/wp\/v2\/product_tag?post=8455"}],"curies":[{"name":"wp","href":"https:\/\/api.w.org\/{rel}","templated":true}]}}