{"id":8460,"date":"2023-10-13T12:27:46","date_gmt":"2023-10-13T12:27:46","guid":{"rendered":"https:\/\/mariswiss.com\/?post_type=product&#038;p=8460"},"modified":"2025-07-11T08:19:22","modified_gmt":"2025-07-11T08:19:22","slug":"filtres-raw-wide-hemp-cotton-25mm","status":"publish","type":"product","link":"https:\/\/mariswiss.com\/pt\/product\/filtres-raw-wide-hemp-cotton-25mm\/","title":{"rendered":"Filtros de 25 mm de algod\u00e3o de c\u00e2nhamo em bruto"},"content":{"rendered":"<p>A Raw sempre produziu excelentes pap\u00e9is sem qu\u00edmicos ou agentes branqueadores. Agora acrescentaram as perfura\u00e7\u00f5es a esta maravilhosa capacidade!<br \/>\nAs pontas perfuradas em bruto significam que j\u00e1 n\u00e3o tem desculpa para enrolar um cigarro de m\u00e1 qualidade. As perfura\u00e7\u00f5es podem ser dobradas para criar uma forma em \"z\" na cafeteira. Isto contribui para o arrefecimento do seu fumo.<br \/>\nAs pontas s\u00e3o mais largas do que o habitual, o que aumenta ainda mais o arrefecimento e as torna ideais para cigarros muito grandes.<br \/>\nFabricado a partir de fibras naturais de c\u00e2nhamo e algod\u00e3o.<\/p>\n<p>Para garantir a melhor experi\u00eancia de degusta\u00e7\u00e3o poss\u00edvel, vendemos apenas produtos de alta qualidade. S\u00e3o reconhecidos mundialmente pela sua estrutura e, acima de tudo, s\u00e3o fabricados com materiais e mat\u00e9rias-primas de primeira qualidade.<\/p>\n<p>Os pre\u00e7os tamb\u00e9m s\u00e3o muito atractivos para este tipo de produto, por isso n\u00e3o hesite em adicion\u00e1-los \u00e0 sua encomenda!<\/p>","protected":false},"excerpt":{"rendered":"<p>Nibs crus extra grandes<br \/>\nPerfurado para facilitar a desloca\u00e7\u00e3o<br \/>\nTamanho: 55x25mm<br \/>\n50 aparos por caderno<\/p>\n<p>Dobra em Z para uma filtragem ainda melhor do fumo<\/p>","protected":false},"featured_media":8461,"comment_status":"open","ping_status":"closed","template":"","meta":{"inline_featured_image":false},"product_cat":[15,366,368],"product_tag":[217,218],"class_list":{"0":"post-8460","1":"product","2":"type-product","3":"status-publish","4":"has-post-thumbnail","6":"product_brand-raw","7":"product_cat-uncategorized","8":"product_cat-accessoires","9":"product_cat-filtres","10":"product_tag-feuilles","11":"product_tag-filtres","13":"first","14":"instock","15":"taxable","16":"shipping-taxable","17":"purchasable","18":"product-type-simple"},"jetpack_sharing_enabled":true,"_links":{"self":[{"href":"https:\/\/mariswiss.com\/pt\/wp-json\/wp\/v2\/product\/8460","targetHints":{"allow":["GET"]}}],"collection":[{"href":"https:\/\/mariswiss.com\/pt\/wp-json\/wp\/v2\/product"}],"about":[{"href":"https:\/\/mariswiss.com\/pt\/wp-json\/wp\/v2\/types\/product"}],"replies":[{"embeddable":true,"href":"https:\/\/mariswiss.com\/pt\/wp-json\/wp\/v2\/comments?post=8460"}],"wp:featuredmedia":[{"embeddable":true,"href":"https:\/\/mariswiss.com\/pt\/wp-json\/wp\/v2\/media\/8461"}],"wp:attachment":[{"href":"https:\/\/mariswiss.com\/pt\/wp-json\/wp\/v2\/media?parent=8460"}],"wp:term":[{"taxonomy":"product_cat","embeddable":true,"href":"https:\/\/mariswiss.com\/pt\/wp-json\/wp\/v2\/product_cat?post=8460"},{"taxonomy":"product_tag","embeddable":true,"href":"https:\/\/mariswiss.com\/pt\/wp-json\/wp\/v2\/product_tag?post=8460"}],"curies":[{"name":"wp","href":"https:\/\/api.w.org\/{rel}","templated":true}]}}