{"id":8817,"date":"2023-10-13T12:28:18","date_gmt":"2023-10-13T12:28:18","guid":{"rendered":"https:\/\/mariswiss.com\/?post_type=product&#038;p=8817"},"modified":"2025-07-11T08:18:41","modified_gmt":"2025-07-11T08:18:41","slug":"blunt-wrap-double-platinum-maroon-french-vanilla","status":"publish","type":"product","link":"https:\/\/mariswiss.com\/pt\/product\/blunt-wrap-double-platinum-maroon-french-vanilla\/","title":{"rendered":"Blunt Wrap Double Platinum Maroon | Wet Cherry"},"content":{"rendered":"<p>Blunt \u00e9 um\u00a0<b>tipo de papel para cigarros<\/b>\u00a0e um termo utilizado para descrever<i>\u00a0grandes articula\u00e7\u00f5es.\u00a0<\/i>Uma folha romba \u00e9 uma\u00a0<b><a href=\"https:\/\/mariswiss.com\/pt\/product\/blunt-wrap-double-platinum-purple\/\">folha de tabaco natural<\/a>,\u00a0<\/b>que podem ser aromatizados para dar um sabor extra aos nossos alimentos. <a href=\"https:\/\/mariswiss.com\/pt\/7808-2\/\">can\u00e1bis<\/a>.<\/p>\n<p>Os rappers e cantores de hip-hop americanos foram os primeiros a utilizar este termo.<b>\u00a0papel de enrolar para fazer as juntas.<\/b>\u00a0Era uma boa maneira de passar despercebida, porque<i>\u00a0parecia-se mais com um charuto Cohiba produzido em Cuba<\/i>.<\/p>","protected":false},"excerpt":{"rendered":"<p><strong><a href=\"https:\/\/mariswiss.com\/pt\/product\/blunt-wrap-double-platinum-yellow-mello-mango\/\">2 cigarros<\/a> por embalagem<\/strong><br \/>\n<strong>Sabor \"Maroon\" - Cereja molhada\u00a0<\/strong><br \/>\nDesfrute dos nossos outros sabores de <a href=\"https:\/\/mariswiss.com\/pt\/product\/blunt-wrap-double-platinum-green-apple-martini\/\">Envolvimento sem corte<\/a>.<br \/>\nFrutado, <a href=\"https:\/\/mariswiss.com\/pt\/product\/blunt-wrap-double-platinum-blue-blueberry-burst\/\">ex\u00f3tico<\/a>doce - h\u00e1 algo para todos!<br \/>\nUm aut\u00eantico prazer de fumar nas Cara\u00edbas, fabricado na Rep\u00fablica Dominicana.<\/p>","protected":false},"featured_media":8979,"comment_status":"open","ping_status":"closed","template":"","meta":{"inline_featured_image":false},"product_cat":[15,366,367],"product_tag":[217,218],"class_list":{"0":"post-8817","1":"product","2":"type-product","3":"status-publish","4":"has-post-thumbnail","6":"product_brand-blunt-wrap-double-platinum","7":"product_brand-mari-swiss","8":"product_cat-uncategorized","9":"product_cat-accessoires","10":"product_cat-blunt","11":"product_tag-feuilles","12":"product_tag-filtres","14":"first","15":"outofstock","16":"taxable","17":"shipping-taxable","18":"purchasable","19":"product-type-variable"},"jetpack_sharing_enabled":true,"_links":{"self":[{"href":"https:\/\/mariswiss.com\/pt\/wp-json\/wp\/v2\/product\/8817","targetHints":{"allow":["GET"]}}],"collection":[{"href":"https:\/\/mariswiss.com\/pt\/wp-json\/wp\/v2\/product"}],"about":[{"href":"https:\/\/mariswiss.com\/pt\/wp-json\/wp\/v2\/types\/product"}],"replies":[{"embeddable":true,"href":"https:\/\/mariswiss.com\/pt\/wp-json\/wp\/v2\/comments?post=8817"}],"wp:featuredmedia":[{"embeddable":true,"href":"https:\/\/mariswiss.com\/pt\/wp-json\/wp\/v2\/media\/8979"}],"wp:attachment":[{"href":"https:\/\/mariswiss.com\/pt\/wp-json\/wp\/v2\/media?parent=8817"}],"wp:term":[{"taxonomy":"product_cat","embeddable":true,"href":"https:\/\/mariswiss.com\/pt\/wp-json\/wp\/v2\/product_cat?post=8817"},{"taxonomy":"product_tag","embeddable":true,"href":"https:\/\/mariswiss.com\/pt\/wp-json\/wp\/v2\/product_tag?post=8817"}],"curies":[{"name":"wp","href":"https:\/\/api.w.org\/{rel}","templated":true}]}}