{"id":8826,"date":"2023-10-13T12:28:58","date_gmt":"2023-10-13T12:28:58","guid":{"rendered":"https:\/\/mariswiss.com\/?post_type=product&#038;p=8826"},"modified":"2026-01-10T15:06:29","modified_gmt":"2026-01-10T15:06:29","slug":"filtres-the-bulldog-natural-brown-slim","status":"publish","type":"product","link":"https:\/\/mariswiss.com\/pt\/product\/filtres-the-bulldog-natural-brown-slim\/","title":{"rendered":"Filtros finos castanhos naturais The Bulldog"},"content":{"rendered":"<p>Para garantir a melhor experi\u00eancia de degusta\u00e7\u00e3o poss\u00edvel, vendemos apenas produtos de alta qualidade. S\u00e3o reconhecidos mundialmente pela sua estrutura e, acima de tudo, s\u00e3o fabricados com materiais e mat\u00e9rias-primas de primeira qualidade.<\/p>\n<p>Os pre\u00e7os tamb\u00e9m s\u00e3o muito atractivos para este tipo de produto, por isso n\u00e3o hesite em adicion\u00e1-los \u00e0 sua encomenda!<\/p>","protected":false},"excerpt":{"rendered":"<p><strong>Os filtros Bulldog Natural Brown Slim.<\/strong><\/p>\n<p>Estes filtros da coffeshop holandesa de culto \"The Bulldog\" n\u00e3o s\u00e3o branqueados, o que lhes confere uma cor castanha natural. S\u00e3o tamb\u00e9m perfurados, o que os torna muito f\u00e1ceis de enrolar. Para um prazer de fumar amigo do ambiente!<\/p>\n<p><strong>Dimens\u00f5es: 59x20mm<\/strong><\/p>\n<p><strong>33 filtros \/ caderno<\/strong><\/p>","protected":false},"featured_media":9094,"comment_status":"open","ping_status":"closed","template":"","meta":{"inline_featured_image":false},"product_cat":[15,366,368],"product_tag":[217,218],"class_list":{"0":"post-8826","1":"product","2":"type-product","3":"status-publish","4":"has-post-thumbnail","6":"product_brand-bulldog","7":"product_cat-uncategorized","8":"product_cat-accessoires","9":"product_cat-filtres","10":"product_tag-feuilles","11":"product_tag-filtres","13":"first","14":"instock","15":"taxable","16":"shipping-taxable","17":"purchasable","18":"product-type-simple"},"jetpack_sharing_enabled":true,"_links":{"self":[{"href":"https:\/\/mariswiss.com\/pt\/wp-json\/wp\/v2\/product\/8826","targetHints":{"allow":["GET"]}}],"collection":[{"href":"https:\/\/mariswiss.com\/pt\/wp-json\/wp\/v2\/product"}],"about":[{"href":"https:\/\/mariswiss.com\/pt\/wp-json\/wp\/v2\/types\/product"}],"replies":[{"embeddable":true,"href":"https:\/\/mariswiss.com\/pt\/wp-json\/wp\/v2\/comments?post=8826"}],"wp:featuredmedia":[{"embeddable":true,"href":"https:\/\/mariswiss.com\/pt\/wp-json\/wp\/v2\/media\/9094"}],"wp:attachment":[{"href":"https:\/\/mariswiss.com\/pt\/wp-json\/wp\/v2\/media?parent=8826"}],"wp:term":[{"taxonomy":"product_cat","embeddable":true,"href":"https:\/\/mariswiss.com\/pt\/wp-json\/wp\/v2\/product_cat?post=8826"},{"taxonomy":"product_tag","embeddable":true,"href":"https:\/\/mariswiss.com\/pt\/wp-json\/wp\/v2\/product_tag?post=8826"}],"curies":[{"name":"wp","href":"https:\/\/api.w.org\/{rel}","templated":true}]}}