{"id":8844,"date":"2023-10-13T12:28:58","date_gmt":"2023-10-13T12:28:58","guid":{"rendered":"https:\/\/mariswiss.com\/?post_type=product&#038;p=8844"},"modified":"2025-07-11T08:18:31","modified_gmt":"2025-07-11T08:18:31","slug":"filtres-a-charbon-active-actitube-slim-compact-travel-size","status":"publish","type":"product","link":"https:\/\/mariswiss.com\/pt\/product\/filtres-a-charbon-active-actitube-slim-compact-travel-size\/","title":{"rendered":"Filtros de carv\u00e3o ativado Actitube | Slim Compact Travel Size"},"content":{"rendered":"<p>Filtros de carv\u00e3o Actitube<\/p>\n<p>- Dimens\u00f5es do filtro: 7 x 27 mm<br \/>\n- Tampas de cer\u00e2mica em ambos os lados<br \/>\n- Dimens\u00f5es da embalagem: aprox. 19 x 36 x 36 mm<br \/>\n- 10 filtros por embalagem<\/p>","protected":false},"excerpt":{"rendered":"<p>Este novo produto da actiTube cabe em qualquer bolso, por mais pequeno que seja!<\/p>\n<p>Aqui est\u00e3o os filtros de carv\u00e3o ativado testados e comprovados da actiTube (anteriormente TUNE) num novo formato de embalagem, permitindo-lhe fazer embalagens extremamente econ\u00f3micas em termos de espa\u00e7o.<br \/>\nAs embalagens extra-pequenas cont\u00eam 10 filtros actiTube slim cada e cabem muito facilmente em qualquer mochila, bolso ou bolsa de tabaco.<\/p>\n<p>Estes filtros prometem?<br \/>\n- reduzir a absor\u00e7\u00e3o de alcatr\u00e3o no trato respirat\u00f3rio.<br \/>\n- que cada baforada tem um sabor agradavelmente fresco, doce e seco.<br \/>\n- para que n\u00e3o fiquem bloqueados nem deixem escapar a condensa\u00e7\u00e3o.<\/p>","protected":false},"featured_media":9973,"comment_status":"open","ping_status":"closed","template":"","meta":{"inline_featured_image":false},"product_cat":[15,366,368],"product_tag":[217,218],"class_list":{"0":"post-8844","1":"product","2":"type-product","3":"status-publish","4":"has-post-thumbnail","6":"product_brand-actitube","7":"product_cat-uncategorized","8":"product_cat-accessoires","9":"product_cat-filtres","10":"product_tag-feuilles","11":"product_tag-filtres","13":"first","14":"instock","15":"taxable","16":"shipping-taxable","17":"purchasable","18":"product-type-simple"},"jetpack_sharing_enabled":true,"_links":{"self":[{"href":"https:\/\/mariswiss.com\/pt\/wp-json\/wp\/v2\/product\/8844","targetHints":{"allow":["GET"]}}],"collection":[{"href":"https:\/\/mariswiss.com\/pt\/wp-json\/wp\/v2\/product"}],"about":[{"href":"https:\/\/mariswiss.com\/pt\/wp-json\/wp\/v2\/types\/product"}],"replies":[{"embeddable":true,"href":"https:\/\/mariswiss.com\/pt\/wp-json\/wp\/v2\/comments?post=8844"}],"wp:featuredmedia":[{"embeddable":true,"href":"https:\/\/mariswiss.com\/pt\/wp-json\/wp\/v2\/media\/9973"}],"wp:attachment":[{"href":"https:\/\/mariswiss.com\/pt\/wp-json\/wp\/v2\/media?parent=8844"}],"wp:term":[{"taxonomy":"product_cat","embeddable":true,"href":"https:\/\/mariswiss.com\/pt\/wp-json\/wp\/v2\/product_cat?post=8844"},{"taxonomy":"product_tag","embeddable":true,"href":"https:\/\/mariswiss.com\/pt\/wp-json\/wp\/v2\/product_tag?post=8844"}],"curies":[{"name":"wp","href":"https:\/\/api.w.org\/{rel}","templated":true}]}}