{"id":8847,"date":"2023-10-13T12:28:58","date_gmt":"2023-10-13T12:28:58","guid":{"rendered":"https:\/\/mariswiss.com\/?post_type=product&#038;p=8847"},"modified":"2025-07-11T08:18:32","modified_gmt":"2025-07-11T08:18:32","slug":"filtres-a-charbon-active-actitube-extra-slim-6mm","status":"publish","type":"product","link":"https:\/\/mariswiss.com\/pt\/product\/filtres-a-charbon-active-actitube-extra-slim-6mm\/","title":{"rendered":"Actitube| Extra Slim 6mm filtros de carv\u00e3o ativado"},"content":{"rendered":"<p>- Dimens\u00f5es do filtro: 6 x 27 mm<br \/>\n- Tampas de cer\u00e2mica em ambos os lados<br \/>\n- 50 filtros por embalagem<\/p>\n<p><strong>Conselhos de inverno :<\/strong><\/p>\n<p>A temperaturas inferiores a 5\u00b0C, o filtro pode ficar bloqueado. Esta situa\u00e7\u00e3o \u00e9 causada pela condensa\u00e7\u00e3o de fumo no interior do filtro.<\/p>\n<p>\u00c9 por isso que \u00e9 aconselh\u00e1vel fumar dentro de casa durante a esta\u00e7\u00e3o fria, ou manter o fumo fora de casa.\u00a0<a href=\"https:\/\/mariswiss.com\/pt\/product-category\/accessoires\/filtres\/\">filtro<\/a>\u00a0at\u00e9 o ligar.<\/p>\n<p>Para garantir a melhor experi\u00eancia de degusta\u00e7\u00e3o poss\u00edvel, vendemos apenas produtos da mais alta qualidade. S\u00e3o utilizados materiais de primeira qualidade para os fabricar e s\u00e3o reconhecidos em todo o mundo.<\/p>\n<p>Os pre\u00e7os tamb\u00e9m s\u00e3o muito atractivos para este tipo de produto, por isso n\u00e3o hesite em adicion\u00e1-los \u00e0 sua encomenda!<\/p>","protected":false},"excerpt":{"rendered":"<p>Filtros de carbono <a href=\"https:\/\/mariswiss.com\/pt\/product\/filtres-a-charbon-active-actitube-slim-compact-travel-size\/\"><strong>ActiTube<\/strong><\/a> <strong>Extra<\/strong> <strong>Magro<\/strong>\u00a0foram concebidos para filtrar uma grande parte das subst\u00e2ncias nocivas utilizando carv\u00e3o ativado.<\/p>\n<p>Para estes filtros, o actiTube reduziu o grau de enchimento. Como resultado, a prote\u00e7\u00e3o do trato respirat\u00f3rio \u00e9 reduzida, mas continua a obter o SABOR COMPLETO de fumar os seus roll-ups.<\/p>\n<p>Tem a particularidade de reter certos elementos como a nicotina e o alcatr\u00e3o, que se formam quando os cigarros s\u00e3o queimados, bem como outras subst\u00e2ncias nocivas.<\/p>\n<p>Quando o fumo passa por um filtro de carv\u00e3o ativado, grande parte do alcatr\u00e3o nocivo do fumo adere ao carv\u00e3o ativado.<\/p>\n<p>O fumo \u00e9 menos nocivo, arrefecido por uma ponta de cer\u00e2mica, o que o torna mais suave, o sabor do tabaco \u00e9 atenuado, mas n\u00e3o o da erva, e o efeito de \"batida\" n\u00e3o \u00e9 alterado.<\/p>","protected":false},"featured_media":9974,"comment_status":"open","ping_status":"closed","template":"","meta":{"inline_featured_image":false},"product_cat":[15,366,368],"product_tag":[217,218],"class_list":{"0":"post-8847","1":"product","2":"type-product","3":"status-publish","4":"has-post-thumbnail","6":"product_brand-actitube","7":"product_cat-uncategorized","8":"product_cat-accessoires","9":"product_cat-filtres","10":"product_tag-feuilles","11":"product_tag-filtres","13":"first","14":"instock","15":"sale","16":"taxable","17":"shipping-taxable","18":"purchasable","19":"product-type-simple"},"jetpack_sharing_enabled":true,"_links":{"self":[{"href":"https:\/\/mariswiss.com\/pt\/wp-json\/wp\/v2\/product\/8847","targetHints":{"allow":["GET"]}}],"collection":[{"href":"https:\/\/mariswiss.com\/pt\/wp-json\/wp\/v2\/product"}],"about":[{"href":"https:\/\/mariswiss.com\/pt\/wp-json\/wp\/v2\/types\/product"}],"replies":[{"embeddable":true,"href":"https:\/\/mariswiss.com\/pt\/wp-json\/wp\/v2\/comments?post=8847"}],"wp:featuredmedia":[{"embeddable":true,"href":"https:\/\/mariswiss.com\/pt\/wp-json\/wp\/v2\/media\/9974"}],"wp:attachment":[{"href":"https:\/\/mariswiss.com\/pt\/wp-json\/wp\/v2\/media?parent=8847"}],"wp:term":[{"taxonomy":"product_cat","embeddable":true,"href":"https:\/\/mariswiss.com\/pt\/wp-json\/wp\/v2\/product_cat?post=8847"},{"taxonomy":"product_tag","embeddable":true,"href":"https:\/\/mariswiss.com\/pt\/wp-json\/wp\/v2\/product_tag?post=8847"}],"curies":[{"name":"wp","href":"https:\/\/api.w.org\/{rel}","templated":true}]}}