{"id":8850,"date":"2023-10-13T12:28:57","date_gmt":"2023-10-13T12:28:57","guid":{"rendered":"https:\/\/mariswiss.com\/?post_type=product&#038;p=8850"},"modified":"2025-07-11T08:18:33","modified_gmt":"2025-07-11T08:18:33","slug":"filtres-gizeh-slim","status":"publish","type":"product","link":"https:\/\/mariswiss.com\/pt\/product\/filtres-gizeh-slim\/","title":{"rendered":"Filtros GIZEH Slim"},"content":{"rendered":"<p>A Gizeh \u00e9 uma marca alem\u00e3 especializada em tudo o que se destina aos fumadores. A sua presen\u00e7a no mercado h\u00e1 d\u00e9cadas permitiu-lhes adquirir uma experi\u00eancia inigual\u00e1vel neste dom\u00ednio.<\/p>\n<p>Para garantir a melhor experi\u00eancia de degusta\u00e7\u00e3o poss\u00edvel, vendemos apenas produtos de alta qualidade. S\u00e3o reconhecidos mundialmente pela sua estrutura e, acima de tudo, s\u00e3o fabricados com materiais e mat\u00e9rias-primas de primeira qualidade.<\/p>\n<p>Os pre\u00e7os tamb\u00e9m s\u00e3o muito atractivos para este tipo de produto, por isso n\u00e3o hesite em adicion\u00e1-los \u00e0 sua encomenda!<\/p>","protected":false},"excerpt":{"rendered":"<p>- Dimens\u00f5es: 20 x 60 mm<br \/>\n- Perfurado<br \/>\n- Sem cloro ou produtos qu\u00edmicos<br \/>\n- 35 filtros \/ embalagem<\/p>","protected":false},"featured_media":9092,"comment_status":"open","ping_status":"closed","template":"","meta":{"inline_featured_image":false},"product_cat":[15,366,368],"product_tag":[217,218],"class_list":{"0":"post-8850","1":"product","2":"type-product","3":"status-publish","4":"has-post-thumbnail","6":"product_brand-gizeh","7":"product_cat-uncategorized","8":"product_cat-accessoires","9":"product_cat-filtres","10":"product_tag-feuilles","11":"product_tag-filtres","13":"first","14":"instock","15":"taxable","16":"shipping-taxable","17":"purchasable","18":"product-type-simple"},"jetpack_sharing_enabled":true,"_links":{"self":[{"href":"https:\/\/mariswiss.com\/pt\/wp-json\/wp\/v2\/product\/8850","targetHints":{"allow":["GET"]}}],"collection":[{"href":"https:\/\/mariswiss.com\/pt\/wp-json\/wp\/v2\/product"}],"about":[{"href":"https:\/\/mariswiss.com\/pt\/wp-json\/wp\/v2\/types\/product"}],"replies":[{"embeddable":true,"href":"https:\/\/mariswiss.com\/pt\/wp-json\/wp\/v2\/comments?post=8850"}],"wp:featuredmedia":[{"embeddable":true,"href":"https:\/\/mariswiss.com\/pt\/wp-json\/wp\/v2\/media\/9092"}],"wp:attachment":[{"href":"https:\/\/mariswiss.com\/pt\/wp-json\/wp\/v2\/media?parent=8850"}],"wp:term":[{"taxonomy":"product_cat","embeddable":true,"href":"https:\/\/mariswiss.com\/pt\/wp-json\/wp\/v2\/product_cat?post=8850"},{"taxonomy":"product_tag","embeddable":true,"href":"https:\/\/mariswiss.com\/pt\/wp-json\/wp\/v2\/product_tag?post=8850"}],"curies":[{"name":"wp","href":"https:\/\/api.w.org\/{rel}","templated":true}]}}