{"id":9739,"date":"2023-10-12T13:52:56","date_gmt":"2023-10-12T13:52:56","guid":{"rendered":"https:\/\/mariswiss.com\/?post_type=product&#038;p=9739"},"modified":"2025-07-11T08:19:28","modified_gmt":"2025-07-11T08:19:28","slug":"seda-filtres-bio","status":"publish","type":"product","link":"https:\/\/mariswiss.com\/pt\/product\/seda-filtres-bio\/","title":{"rendered":"Biofiltros SEDA"},"content":{"rendered":"<p>Os filtros SEDA Bio s\u00e3o totalmente org\u00e2nicos. Fabricados a partir de sementes de amaranto, s\u00e3o amigos do planeta e tornam a sua degusta\u00e7\u00e3o ainda mais especial.<\/p>\n<p>Cerca de 35 filtros por embalagem.<\/p>\n<p>Um pequeno pre\u00e7o para um acess\u00f3rio simb\u00f3lico.<\/p>\n<p>Todos os nossos acess\u00f3rios e produtos relacionados s\u00e3o cuidadosamente seleccionados de acordo com a sua composi\u00e7\u00e3o, reputa\u00e7\u00e3o e utiliza\u00e7\u00e3o. No nosso s\u00edtio, s\u00f3 encontrar\u00e1 marcas de refer\u00eancia que lhe trar\u00e3o boas recorda\u00e7\u00f5es.<\/p>","protected":false},"excerpt":{"rendered":"<p>Os filtros SEDA Bio s\u00e3o totalmente org\u00e2nicos. Fabricados a partir de sementes de amaranto, s\u00e3o amigos do planeta e tornam a sua degusta\u00e7\u00e3o ainda mais especial.<\/p>\n<p>Cerca de 35 filtros por embalagem.<\/p>\n<p>Um pequeno pre\u00e7o para um acess\u00f3rio simb\u00f3lico.<\/p>","protected":false},"featured_media":0,"comment_status":"open","ping_status":"closed","template":"","meta":{"inline_featured_image":false},"product_cat":[15,366,368],"product_tag":[218],"class_list":{"0":"post-9739","1":"product","2":"type-product","3":"status-publish","5":"product_brand-seda","6":"product_cat-uncategorized","7":"product_cat-accessoires","8":"product_cat-filtres","9":"product_tag-filtres","11":"first","12":"instock","13":"taxable","14":"shipping-taxable","15":"purchasable","16":"product-type-simple"},"jetpack_sharing_enabled":true,"_links":{"self":[{"href":"https:\/\/mariswiss.com\/pt\/wp-json\/wp\/v2\/product\/9739","targetHints":{"allow":["GET"]}}],"collection":[{"href":"https:\/\/mariswiss.com\/pt\/wp-json\/wp\/v2\/product"}],"about":[{"href":"https:\/\/mariswiss.com\/pt\/wp-json\/wp\/v2\/types\/product"}],"replies":[{"embeddable":true,"href":"https:\/\/mariswiss.com\/pt\/wp-json\/wp\/v2\/comments?post=9739"}],"wp:attachment":[{"href":"https:\/\/mariswiss.com\/pt\/wp-json\/wp\/v2\/media?parent=9739"}],"wp:term":[{"taxonomy":"product_cat","embeddable":true,"href":"https:\/\/mariswiss.com\/pt\/wp-json\/wp\/v2\/product_cat?post=9739"},{"taxonomy":"product_tag","embeddable":true,"href":"https:\/\/mariswiss.com\/pt\/wp-json\/wp\/v2\/product_tag?post=9739"}],"curies":[{"name":"wp","href":"https:\/\/api.w.org\/{rel}","templated":true}]}}