{"id":9750,"date":"2023-10-12T13:52:55","date_gmt":"2023-10-12T13:52:55","guid":{"rendered":"https:\/\/mariswiss.com\/?post_type=product&#038;p=9750"},"modified":"2025-07-11T08:19:33","modified_gmt":"2025-07-11T08:19:33","slug":"gizeh-feuilles-bio","status":"publish","type":"product","link":"https:\/\/mariswiss.com\/pt\/product\/gizeh-feuilles-bio\/","title":{"rendered":"Gizeh 100% Folhas org\u00e2nicas King size slim + filtros"},"content":{"rendered":"<p>Estes len\u00e7\u00f3is org\u00e2nicos Gizeh 100% s\u00e3o uma mistura subtil de len\u00e7\u00f3is King Size Slim, feitos de c\u00e2nhamo n\u00e3o branqueado proveniente de agricultura biol\u00f3gica certificada, e pontas a condizer da gama GIZEH pure.<\/p>\n<p>As pontas das caixas de cart\u00e3o podem ser dobradas para tornar a filtragem mais eficiente.<\/p>\n<p>Ultra-finos e ligeiramente transparentes, os pap\u00e9is ardem lenta e uniformemente, oferecendo um sabor perfeito.<\/p>\n<p>Produto amigo do ambiente VEGAN.<\/p>","protected":false},"excerpt":{"rendered":"<p>Estes len\u00e7\u00f3is org\u00e2nicos Gizeh 100% s\u00e3o uma mistura subtil de len\u00e7\u00f3is King Size Slim, feitos de c\u00e2nhamo n\u00e3o branqueado proveniente de agricultura biol\u00f3gica certificada, e pontas a condizer da gama GIZEH pure.<\/p>\n<ul>\n<li>tamanho da folha: 44*107 mm<\/li>\n<li>dimens\u00f5es do filtro: 24*54 mm<\/li>\n<li>34 folhas e filtros \/ embalagem<\/li>\n<\/ul>","protected":false},"featured_media":9751,"comment_status":"open","ping_status":"closed","template":"","meta":{"inline_featured_image":false},"product_cat":[15,366,369],"product_tag":[217],"class_list":{"0":"post-9750","1":"product","2":"type-product","3":"status-publish","4":"has-post-thumbnail","6":"product_brand-gizeh","7":"product_cat-uncategorized","8":"product_cat-accessoires","9":"product_cat-feuilles-a-rouler","10":"product_tag-feuilles","12":"first","13":"instock","14":"taxable","15":"shipping-taxable","16":"purchasable","17":"product-type-simple"},"jetpack_sharing_enabled":true,"_links":{"self":[{"href":"https:\/\/mariswiss.com\/pt\/wp-json\/wp\/v2\/product\/9750","targetHints":{"allow":["GET"]}}],"collection":[{"href":"https:\/\/mariswiss.com\/pt\/wp-json\/wp\/v2\/product"}],"about":[{"href":"https:\/\/mariswiss.com\/pt\/wp-json\/wp\/v2\/types\/product"}],"replies":[{"embeddable":true,"href":"https:\/\/mariswiss.com\/pt\/wp-json\/wp\/v2\/comments?post=9750"}],"wp:featuredmedia":[{"embeddable":true,"href":"https:\/\/mariswiss.com\/pt\/wp-json\/wp\/v2\/media\/9751"}],"wp:attachment":[{"href":"https:\/\/mariswiss.com\/pt\/wp-json\/wp\/v2\/media?parent=9750"}],"wp:term":[{"taxonomy":"product_cat","embeddable":true,"href":"https:\/\/mariswiss.com\/pt\/wp-json\/wp\/v2\/product_cat?post=9750"},{"taxonomy":"product_tag","embeddable":true,"href":"https:\/\/mariswiss.com\/pt\/wp-json\/wp\/v2\/product_tag?post=9750"}],"curies":[{"name":"wp","href":"https:\/\/api.w.org\/{rel}","templated":true}]}}