{"id":9752,"date":"2023-10-12T13:52:56","date_gmt":"2023-10-12T13:52:56","guid":{"rendered":"https:\/\/mariswiss.com\/?post_type=product&#038;p=9752"},"modified":"2025-07-11T08:19:30","modified_gmt":"2025-07-11T08:19:30","slug":"gizeh-extra-fine-king-size-slim","status":"publish","type":"product","link":"https:\/\/mariswiss.com\/pt\/product\/gizeh-extra-fine-king-size-slim\/","title":{"rendered":"Gizeh extra fino King size slim"},"content":{"rendered":"<p>GIZEH len\u00e7\u00f3is extra finos king size slim, com fecho magn\u00e9tico.<\/p>\n<p>Estas folhas Gizeh distinguem-se pelo seu papel fino \u00fanico e pela combust\u00e3o lenta.<\/p>\n<p>S\u00e3o feitas de celulose e t\u00eam uma grande superf\u00edcie pegajosa. O fecho magn\u00e9tico oferece uma prote\u00e7\u00e3o \u00f3ptima para as suas folhas!<\/p>","protected":false},"excerpt":{"rendered":"<p>GIZEH len\u00e7\u00f3is extra finos king size slim, com fecho magn\u00e9tico.<\/p>\n<p>Estas folhas Gizeh apresentam um papel fino \u00fanico e uma combust\u00e3o lenta. S\u00e3o feitas de celulose e t\u00eam uma grande superf\u00edcie pegajosa. O fecho magn\u00e9tico oferece uma prote\u00e7\u00e3o \u00f3ptima para as suas folhas!<\/p>\n<ul>\n<li>Tamanho: 107*44 mm<\/li>\n<li>Gramagem: 14g\/qm2<\/li>\n<li>33 folhas por embalagem<\/li>\n<\/ul>","protected":false},"featured_media":9771,"comment_status":"open","ping_status":"closed","template":"","meta":{"inline_featured_image":false},"product_cat":[15,366,369],"product_tag":[217],"class_list":{"0":"post-9752","1":"product","2":"type-product","3":"status-publish","4":"has-post-thumbnail","6":"product_brand-gizeh","7":"product_cat-uncategorized","8":"product_cat-accessoires","9":"product_cat-feuilles-a-rouler","10":"product_tag-feuilles","12":"first","13":"instock","14":"taxable","15":"shipping-taxable","16":"purchasable","17":"product-type-simple"},"jetpack_sharing_enabled":true,"_links":{"self":[{"href":"https:\/\/mariswiss.com\/pt\/wp-json\/wp\/v2\/product\/9752","targetHints":{"allow":["GET"]}}],"collection":[{"href":"https:\/\/mariswiss.com\/pt\/wp-json\/wp\/v2\/product"}],"about":[{"href":"https:\/\/mariswiss.com\/pt\/wp-json\/wp\/v2\/types\/product"}],"replies":[{"embeddable":true,"href":"https:\/\/mariswiss.com\/pt\/wp-json\/wp\/v2\/comments?post=9752"}],"wp:featuredmedia":[{"embeddable":true,"href":"https:\/\/mariswiss.com\/pt\/wp-json\/wp\/v2\/media\/9771"}],"wp:attachment":[{"href":"https:\/\/mariswiss.com\/pt\/wp-json\/wp\/v2\/media?parent=9752"}],"wp:term":[{"taxonomy":"product_cat","embeddable":true,"href":"https:\/\/mariswiss.com\/pt\/wp-json\/wp\/v2\/product_cat?post=9752"},{"taxonomy":"product_tag","embeddable":true,"href":"https:\/\/mariswiss.com\/pt\/wp-json\/wp\/v2\/product_tag?post=9752"}],"curies":[{"name":"wp","href":"https:\/\/api.w.org\/{rel}","templated":true}]}}