{"id":10,"date":"2023-10-03T11:47:05","date_gmt":"2023-10-03T11:47:05","guid":{"rendered":"https:\/\/mariswiss.com\/?page_id=10"},"modified":"2024-03-18T11:27:24","modified_gmt":"2024-03-18T11:27:24","slug":"livraison-retour","status":"publish","type":"page","link":"https:\/\/mariswiss.com\/sv\/livraison-retour\/","title":{"rendered":"Leverans + Returer"},"content":{"rendered":"<div class=\"row\"  id=\"row-1675666562\">\n\n\t<div id=\"col-722133391\" class=\"col medium-8 small-12 large-8\"  >\n\t\t\t\t<div class=\"col-inner\"  >\n\t\t\t\n\t\t\t\n<div class=\"container section-title-container\" ><h1 class=\"section-title section-title-bold-center\"><b><\/b><span class=\"section-title-main\" >F\u00f6rberedelse av skiften<\/span><b><\/b><\/h1><\/div>\n<p>Paketen skickas vanligtvis inom 2 (tv\u00e5) dagar efter mottagandet av betalningen och skickas via Colissimo med sp\u00e5rning och utl\u00e4mning utan signatur.<br \/>\n- Paket skickas via Colissimo med sp\u00e5rning och utl\u00e4mning utan underskrift. Paket kan \u00e4ven skickas via Colissimo med sp\u00e5rning och utl\u00e4mning utan underskrift.<br \/>\n- Oavsett vilken leveransmetod du v\u00e4ljer skickar vi dig en l\u00e4nk f\u00f6r att sp\u00e5ra ditt paket.<\/p>\n<div class=\"container section-title-container\" ><h1 class=\"section-title section-title-bold-center\"><b><\/b><span class=\"section-title-main\" >Leverans<\/span><b><\/b><\/h1><\/div>\n<p>Du hittar leveranspriser, villkor f\u00f6r kostnadsfri leverans och f\u00f6rv\u00e4ntade leveranstider nedan:<\/p>\n\t<div id=\"text-2973141280\" class=\"text\">\n\t\t\n<table class=\"shipping-table\" style=\"height: 252px;\" width=\"292\">\n<tbody>\n<tr>\n<th style=\"text-align: center;\">land<\/th>\n<th style=\"text-align: center;\">Leveransavgifter<\/th>\n<th style=\"text-align: center;\">Fri fr\u00e5n<\/th>\n<th style=\"text-align: center;\">Tidsfrister<\/th>\n<\/tr>\n<tr>\n<td style=\"text-align: center;\"><strong>Frankrikes storstadsomr\u00e5de<\/strong><\/td>\n<td class=\"price\" style=\"text-align: center;\"><strong>4.95 \u20ac<\/strong><\/td>\n<td class=\"price\" style=\"text-align: center;\"><strong>50 \u20ac<\/strong><\/td>\n<td class=\"time\" style=\"text-align: center;\"><strong>48 till 72 timmar<\/strong><\/td>\n<\/tr>\n<tr>\n<td style=\"text-align: center;\"><strong>Utomeuropeiska l\u00e4nder<\/strong><\/td>\n<td class=\"price\" style=\"text-align: center;\"><strong>13.10 \u20ac<\/strong><\/td>\n<td class=\"price\" style=\"text-align: center;\"><strong>95 \u20ac<\/strong><\/td>\n<td class=\"time\" style=\"text-align: center;\"><strong>5 till 10 dagar<\/strong><\/td>\n<\/tr>\n<tr>\n<td style=\"text-align: center;\"><strong>Europa<\/strong><\/td>\n<td class=\"price\" style=\"text-align: center;\"><strong>10 \u20ac<\/strong><\/td>\n<td class=\"price\" style=\"text-align: center;\"><strong>70 \u20ac<\/strong><\/td>\n<td class=\"time\" style=\"text-align: center;\"><strong>4 till 7 dagar<\/strong><\/td>\n<\/tr>\n<tr>\n<td style=\"text-align: center;\"><strong>STORBRITANNIEN<\/strong><\/td>\n<td class=\"price\" style=\"text-align: center;\"><strong>10\u20ac<\/strong><\/td>\n<td class=\"price\" style=\"text-align: center;\"><strong>70\u20ac<\/strong><\/td>\n<td class=\"time\" style=\"text-align: center;\"><strong>4 till 8 dagar<\/strong><\/td>\n<\/tr>\n<tr>\n<td style=\"text-align: center;\"><strong>Schweiz<\/strong><\/td>\n<td class=\"price\" style=\"text-align: center;\"><strong>5 \u20ac<\/strong><\/td>\n<td class=\"price\" style=\"text-align: center;\"><strong>50 \u20ac<\/strong><\/td>\n<td class=\"time\" style=\"text-align: center;\"><strong>48 till 72 timmar<\/strong><\/td>\n<\/tr>\n<\/tbody>\n<\/table>\n\t\t\n<style>\n#text-2973141280 {\n  font-size: 0.8rem;\n}\n<\/style>\n\t<\/div>\n\t\n\t\t<\/div>\n\t\t\t\t\t<\/div>\n\n\t\n\n\t<div id=\"col-237496600\" class=\"col medium-4 small-12 large-4\"  >\n\t\t\t\t<div class=\"col-inner\"  >\n\t\t\t\n\t\t\t\n\t<div class=\"img has-hover x md-x lg-x y md-y lg-y\" id=\"image_554073542\">\n\t\t\t\t\t\t\t\t<div class=\"img-inner dark\" >\n\t\t\t<img decoding=\"async\" width=\"800\" height=\"800\" src=\"https:\/\/i0.wp.com\/mariswiss.com\/wp-content\/uploads\/2023\/10\/Untitled-design-13-min.jpg?resize=800%2C800&#038;ssl=1\" class=\"attachment-original size-original\" alt=\"Leverans av CBD\" srcset=\"https:\/\/i0.wp.com\/mariswiss.com\/wp-content\/uploads\/2023\/10\/Untitled-design-13-min.jpg?w=800&amp;ssl=1 800w, https:\/\/i0.wp.com\/mariswiss.com\/wp-content\/uploads\/2023\/10\/Untitled-design-13-min.jpg?resize=400%2C400&amp;ssl=1 400w, https:\/\/i0.wp.com\/mariswiss.com\/wp-content\/uploads\/2023\/10\/Untitled-design-13-min.jpg?resize=280%2C280&amp;ssl=1 280w, https:\/\/i0.wp.com\/mariswiss.com\/wp-content\/uploads\/2023\/10\/Untitled-design-13-min.jpg?resize=768%2C768&amp;ssl=1 768w, https:\/\/i0.wp.com\/mariswiss.com\/wp-content\/uploads\/2023\/10\/Untitled-design-13-min.jpg?resize=510%2C510&amp;ssl=1 510w, https:\/\/i0.wp.com\/mariswiss.com\/wp-content\/uploads\/2023\/10\/Untitled-design-13-min.jpg?resize=100%2C100&amp;ssl=1 100w\" sizes=\"(max-width: 800px) 100vw, 800px\" title=\"\" data-recalc-dims=\"1\">\t\t\t\t\t\t\n\t\t\t\t\t<\/div>\n\t\t\t\t\t\t\t\t\n<style>\n#image_554073542 {\n  width: 100%;\n}\n<\/style>\n\t<\/div>\n\t\n\t\t<\/div>\n\t\t\t\t\t<\/div>\n\n\t\n<\/div>\n<div class=\"container section-title-container\" ><h1 class=\"section-title section-title-bold-center\"><b><\/b><span class=\"section-title-main\" >BETALNING<\/span><b><\/b><\/h1><\/div>\n<div class=\"row\"  id=\"row-1307209861\">\n\n\t<div id=\"col-979538607\" class=\"col medium-4 small-12 large-4\"  >\n\t\t\t\t<div class=\"col-inner\"  >\n\t\t\t\n\t\t\t\n\t<div class=\"img has-hover x md-x lg-x y md-y lg-y\" id=\"image_807598297\">\n\t\t\t\t\t\t\t\t<div class=\"img-inner dark\" >\n\t\t\t<img decoding=\"async\" width=\"768\" height=\"768\" src=\"https:\/\/i0.wp.com\/mariswiss.com\/wp-content\/uploads\/2023\/10\/Untitled-design-14.jpg?fit=768%2C768&amp;ssl=1\" class=\"attachment-medium_large size-medium_large\" alt=\"S\u00e4ker betalning med CBD\" srcset=\"https:\/\/i0.wp.com\/mariswiss.com\/wp-content\/uploads\/2023\/10\/Untitled-design-14.jpg?w=800&amp;ssl=1 800w, https:\/\/i0.wp.com\/mariswiss.com\/wp-content\/uploads\/2023\/10\/Untitled-design-14.jpg?resize=400%2C400&amp;ssl=1 400w, https:\/\/i0.wp.com\/mariswiss.com\/wp-content\/uploads\/2023\/10\/Untitled-design-14.jpg?resize=280%2C280&amp;ssl=1 280w, https:\/\/i0.wp.com\/mariswiss.com\/wp-content\/uploads\/2023\/10\/Untitled-design-14.jpg?resize=768%2C768&amp;ssl=1 768w, https:\/\/i0.wp.com\/mariswiss.com\/wp-content\/uploads\/2023\/10\/Untitled-design-14.jpg?resize=510%2C510&amp;ssl=1 510w, https:\/\/i0.wp.com\/mariswiss.com\/wp-content\/uploads\/2023\/10\/Untitled-design-14.jpg?resize=100%2C100&amp;ssl=1 100w\" sizes=\"(max-width: 768px) 100vw, 768px\" title=\"\">\t\t\t\t\t\t\n\t\t\t\t\t<\/div>\n\t\t\t\t\t\t\t\t\n<style>\n#image_807598297 {\n  width: 73%;\n}\n<\/style>\n\t<\/div>\n\t\n\t\t<\/div>\n\t\t\t\t\t<\/div>\n\n\t\n\n\t<div id=\"col-574056937\" class=\"col medium-8 small-12 large-8\"  >\n\t\t\t\t<div class=\"col-inner\"  >\n\t\t\t\n\t\t\t\n<p>Vi erbjuder f\u00f6ljande betalningsmetoder:<\/p>\n<p>- Kreditkort ( Visa, MasterCard, American Express )<br \/>\n- Bank\u00f6verf\u00f6ring<\/p>\n<p><em>*Ditt kreditkortsnummer skickas till betalningsservrarna. Din betalning g\u00f6rs direkt i en s\u00e4ker milj\u00f6 utan att passera v\u00e5r server, vilket garanterar att ditt kreditkortsnummer endast \u00e4r k\u00e4nt av v\u00e5r bankpartner.<\/em><\/p>\n\t\t<\/div>\n\t\t\t\t\t<\/div>\n\n\t\n<\/div>\n<div class=\"container section-title-container\" ><h1 class=\"section-title section-title-bold-center\"><b><\/b><span class=\"section-title-main\" >RETURER OCH \u00c5TERBETALNINGAR<\/span><b><\/b><\/h1><\/div>\n<div class=\"row row-collapse row-full-width align-middle\"  id=\"row-1594753892\">\n\n\t<div id=\"col-1958281473\" class=\"col medium-6 small-12 large-6\"  >\n\t\t\t\t<div class=\"col-inner\"  >\n\t\t\t\n\t\t\t\n<p>Om du mot f\u00f6rmodan inte skulle vara n\u00f6jd med kvaliteten p\u00e5 v\u00e5ra produkter erbjuder vi en \u00e5terbetalningstj\u00e4nst:<\/p>\n<ul>\n<li>Du m\u00e5ste kontakta oss inom 7 dagar efter mottagandet genom att skicka ett e-postmeddelande till <a href=\"mailto:hello@mariswiss.com\">hello@mariswiss.com<\/a>. Genom att ge oss ditt ordernummer och beskriva sk\u00e4len till varf\u00f6r du vill ha en \u00e5terbetalning.<\/li>\n<li>Returnera produkten i o\u00f6ppnad originalf\u00f6rpackning. Om en vara har anv\u00e4nts\/\u00f6ppnats kan vi inte acceptera returer.<\/li>\n<li>Returnerade varor kommer att inspekteras f\u00f6r defekter och antingen ers\u00e4ttas eller \u00e5terbetalas om en defekt identifieras.<\/li>\n<li>\u00c5terbetalningen avser kostnaden f\u00f6r produkten och exkluderar alla porto-, f\u00f6rpacknings- och fraktkostnader.<\/li>\n<li>\u00c5terbetalningar krediteras med samma betalningsmetod som k\u00f6pet.<\/li>\n<li><strong>Vi accepterar inte returer av produkter om du inte gillar smaken eller lukten.<\/strong><\/li>\n<\/ul>\n<h3 id=\"h-5-remboursement\" class=\"wp-block-heading\"><strong>Ers\u00e4ttning<\/strong><\/h3>\n<ul>\n<li>Om du av n\u00e5gon anledning vill ha pengarna tillbaka, v\u00e4nligen kontakta oss p\u00e5 f\u00f6ljande e-postadress: <a href=\"mailto:hello@mariswiss.com\">hello@mariswiss.com<\/a> s\u00e5 kommer vi att besvara din f\u00f6rfr\u00e5gan. \u00c5terbetalningar kommer att g\u00f6ras fr\u00e5n fall till fall och med obestridliga bevis.<\/li>\n<\/ul>\n\t\t<\/div>\n\t\t\t\t\n<style>\n#col-1958281473 > .col-inner {\n  padding: 5% 5% 5% 5%;\n  max-width: 520px;\n}\n<\/style>\n\t<\/div>\n\n\t\n\n\t<div id=\"col-346794101\" class=\"col medium-6 small-12 large-6\"  >\n\t\t\t\t<div class=\"col-inner\"  >\n\t\t\t\n\t\t\t\n\t<div class=\"img has-hover x md-x lg-x y md-y lg-y\" id=\"image_315537908\">\n\t\t\t\t\t\t\t\t<div class=\"img-inner dark\" >\n\t\t\t<img decoding=\"async\" width=\"800\" height=\"800\" src=\"https:\/\/i0.wp.com\/mariswiss.com\/wp-content\/uploads\/2023\/10\/efund-1.jpg?fit=800%2C800&amp;ssl=1\" class=\"attachment-large size-large\" alt=\"\" srcset=\"https:\/\/i0.wp.com\/mariswiss.com\/wp-content\/uploads\/2023\/10\/efund-1.jpg?w=800&amp;ssl=1 800w, https:\/\/i0.wp.com\/mariswiss.com\/wp-content\/uploads\/2023\/10\/efund-1.jpg?resize=400%2C400&amp;ssl=1 400w, https:\/\/i0.wp.com\/mariswiss.com\/wp-content\/uploads\/2023\/10\/efund-1.jpg?resize=280%2C280&amp;ssl=1 280w, https:\/\/i0.wp.com\/mariswiss.com\/wp-content\/uploads\/2023\/10\/efund-1.jpg?resize=768%2C768&amp;ssl=1 768w, https:\/\/i0.wp.com\/mariswiss.com\/wp-content\/uploads\/2023\/10\/efund-1.jpg?resize=510%2C510&amp;ssl=1 510w, https:\/\/i0.wp.com\/mariswiss.com\/wp-content\/uploads\/2023\/10\/efund-1.jpg?resize=100%2C100&amp;ssl=1 100w\" sizes=\"(max-width: 800px) 100vw, 800px\" title=\"\">\t\t\t\t\t\t\n\t\t\t\t\t<\/div>\n\t\t\t\t\t\t\t\t\n<style>\n#image_315537908 {\n  width: 100%;\n}\n<\/style>\n\t<\/div>\n\t\n\t\t<\/div>\n\t\t\t\t\t<\/div>\n\n\t\n<\/div>","protected":false},"excerpt":{"rendered":"","protected":false},"author":2,"featured_media":0,"parent":0,"menu_order":0,"comment_status":"closed","ping_status":"closed","template":"","meta":{"inline_featured_image":false,"footnotes":""},"class_list":["post-10","page","type-page","status-publish","hentry"],"jetpack_sharing_enabled":true,"_links":{"self":[{"href":"https:\/\/mariswiss.com\/sv\/wp-json\/wp\/v2\/pages\/10","targetHints":{"allow":["GET"]}}],"collection":[{"href":"https:\/\/mariswiss.com\/sv\/wp-json\/wp\/v2\/pages"}],"about":[{"href":"https:\/\/mariswiss.com\/sv\/wp-json\/wp\/v2\/types\/page"}],"author":[{"embeddable":true,"href":"https:\/\/mariswiss.com\/sv\/wp-json\/wp\/v2\/users\/2"}],"replies":[{"embeddable":true,"href":"https:\/\/mariswiss.com\/sv\/wp-json\/wp\/v2\/comments?post=10"}],"version-history":[{"count":15,"href":"https:\/\/mariswiss.com\/sv\/wp-json\/wp\/v2\/pages\/10\/revisions"}],"predecessor-version":[{"id":17591,"href":"https:\/\/mariswiss.com\/sv\/wp-json\/wp\/v2\/pages\/10\/revisions\/17591"}],"wp:attachment":[{"href":"https:\/\/mariswiss.com\/sv\/wp-json\/wp\/v2\/media?parent=10"}],"curies":[{"name":"wp","href":"https:\/\/api.w.org\/{rel}","templated":true}]}}