{"id":16180,"date":"2023-10-02T06:59:01","date_gmt":"2023-10-02T06:59:01","guid":{"rendered":"https:\/\/mariswiss.com\/?page_id=16180"},"modified":"2024-12-05T15:25:42","modified_gmt":"2024-12-05T15:25:42","slug":"qui-sommes-nous","status":"publish","type":"page","link":"https:\/\/mariswiss.com\/sv\/qui-sommes-nous\/","title":{"rendered":"Vilka \u00e4r vi?"},"content":{"rendered":"<h1>Om MariSwiss : Din p\u00e5litliga k\u00e4lla f\u00f6r schweizisk och v\u00e4rldskvalitet Legal Cannabis<\/h1>\n<p>V\u00e4lkommen till MariSwiss, ett europeiskt f\u00f6retag som har \u00e5tagit sig att tillhandah\u00e5lla lagliga cannabisprodukter av h\u00f6g kvalitet sedan 2022. Vi \u00e4r stolta \u00f6ver v\u00e5rt engagemang f\u00f6r excellens, h\u00e5llbarhet och kundn\u00f6jdhet. P\u00e5 den h\u00e4r sidan inbjuder vi dig att l\u00e4ra dig mer om v\u00e5r historia, v\u00e5rt engagemang f\u00f6r schweizisk kvalitet, v\u00e5rt produktsortiment, v\u00e5r europeiska frakttj\u00e4nst, v\u00e5rt passionerade team och hur du kontaktar oss med fr\u00e5gor eller f\u00f6rfr\u00e5gningar.<\/p>\n<div class=\"ux-logo has-hover align-middle ux_logo inline-block\" style=\"max-width: 100%!important; width: 230px!important\"><a class=\"ux-logo-link block image-\" title=\"\" href=\"https:\/\/mariswiss.com\/sv\/\" style=\"padding: 15px;\"><img decoding=\"async\" src=\"https:\/\/i0.wp.com\/mariswiss.com\/wp-content\/uploads\/2023\/10\/MariSwiss-B-scaled.jpg?w=1020&#038;ssl=1\" title=\"\" alt=\"\" class=\"ux-logo-image block\" style=\"height:200px;\" data-recalc-dims=\"1\"><\/a><\/div>\n<h2>Historien om MariSwiss<\/h2>\n<p>MariSwiss-ber\u00e4ttelsen b\u00f6rjade 2022 med en tydlig vision: att bli ledande inom den lagliga cannabisindustrin. Grundat av cannabisentusiaster med en passion f\u00f6r schweizisk kvalitet utvecklades v\u00e5rt f\u00f6retag snabbt f\u00f6r att m\u00f6ta marknadens v\u00e4xande behov av h\u00f6gkvalitativa lagliga cannabisprodukter.<\/p>\n<h2>V\u00e5rt engagemang f\u00f6r kvalitet<\/h2>\n<p>P\u00e5 MariSwiss \u00e4r kvalitet v\u00e5rt ledord. Vi tror p\u00e5 naturens renhet i Schweiz och p\u00e5 andra h\u00e5ll, varf\u00f6r n\u00e5gra av v\u00e5ra lagliga cannabisprodukter kommer fr\u00e5n schweizisk organisk odling. Andra kommer fr\u00e5n andra delar av v\u00e4rlden (Uruguay, Frankrike, Italien), med produktionsstr\u00e4nghet som vi handplockar. Vi \u00e4r fast beslutna att uppr\u00e4tth\u00e5lla de h\u00f6gsta standarderna f\u00f6r kvalitetskontroll f\u00f6r varje produkt vi erbjuder. Vi har ett n\u00e4ra samarbete med lokala odlare som delar v\u00e5r passion f\u00f6r h\u00e5llbar och milj\u00f6v\u00e4nlig odling.<\/p>\n<h2>V\u00e5rt sortiment av produkter<\/h2>\n<p>Vi \u00e4r stolta \u00f6ver att kunna erbjuda dig ett varierat utbud av lagliga cannabisprodukter, utformade f\u00f6r att tillgodose dina individuella behov. Oavsett om du letar efter premium cannabisblommor, potenta extrakt, raffinerade oljor eller l\u00e4ckra \u00e4tbara produkter, har MariSwiss det du beh\u00f6ver. Var och en av v\u00e5ra produkter \u00e4r noggrant utvald f\u00f6r sin kvalitet och potential att leverera en exceptionell konsumtionsupplevelse.<\/p>\n<h2>Frakt i Europa<\/h2>\n<p>P\u00e5 MariSwiss \u00e4r v\u00e5rt uppdrag att g\u00f6ra v\u00e5ra lagliga cannabisprodukter tillg\u00e4ngliga f\u00f6r en bredare publik i Europa. Vi \u00e4r glada att kunna meddela att vi erbjuder en p\u00e5litlig och s\u00e4ker frakttj\u00e4nst till m\u00e5nga europeiska l\u00e4nder. Med v\u00e5r erfarenhet av logistik \u00e4r vi engagerade i att se till att dina best\u00e4llningar kommer s\u00e4kert fram till din tr\u00f6skel.<\/p>\n<h2>V\u00e5rt team<\/h2>\n<p>V\u00e5rt team best\u00e5r av passionerade och engagerade medarbetare som delar samma vision om kvalitet och innovation. Fr\u00e5n odling till distribution bidrar varje medlem av v\u00e5rt team med v\u00e4rdefull expertis f\u00f6r att s\u00e4kerst\u00e4lla att MariSwiss forts\u00e4tter att vara ett riktm\u00e4rke inom den lagliga cannabisindustrin.<\/p>\n<h2>\u00c5tagande f\u00f6r h\u00e5llbarhet<\/h2>\n<p>P\u00e5 MariSwiss f\u00f6rst\u00e5r vi vikten av h\u00e5llbarhet inom cannabisindustrin. Det \u00e4r d\u00e4rf\u00f6r vi \u00e4r fast beslutna att minska v\u00e5rt milj\u00f6avtryck s\u00e5 mycket som m\u00f6jligt. V\u00e5ra odlare anv\u00e4nder milj\u00f6v\u00e4nliga jordbruksmetoder, och vi anv\u00e4nder \u00e5tervinningsbara f\u00f6rpackningar f\u00f6r att minska plastavfallet. Vi \u00e4r fast beslutna att bidra till en gr\u00f6nare framtid samtidigt som vi ger dig de b\u00e4sta lagliga cannabisprodukterna.<\/p>\n<h2>Innovation och forskning<\/h2>\n<p>Vi tror p\u00e5 kontinuerlig innovation f\u00f6r att f\u00f6rb\u00e4ttra v\u00e5ra produkter och m\u00f6ta v\u00e5ra kunders f\u00f6r\u00e4nderliga behov. V\u00e5rt forsknings- och utvecklingsteam arbetar outtr\u00f6ttligt f\u00f6r att utveckla nya cannabissorter, avancerade extraktionsmetoder och innovativa produkter. Vi forts\u00e4tter att ligga i framkant inom den lagliga cannabisindustrin.<\/p>\n<h2>Gemenskap och socialt ansvar<\/h2>\n<p>MariSwiss \u00e4r stolta \u00f6ver att vara en integrerad del av samh\u00e4llet. Vi \u00e4r fast beslutna att st\u00f6dja lokala initiativ och bidra positivt till v\u00e5rt samh\u00e4lle. Dessutom f\u00f6respr\u00e5kar vi ansvarsfull anv\u00e4ndning av laglig cannabis och fr\u00e4mjar utbildningsinformation f\u00f6r att hj\u00e4lpa v\u00e5ra kunder att fatta v\u00e4lgrundade beslut.<\/p>\n<h2>Kontakta oss<\/h2>\n<p>Vi \u00e4r alltid glada att h\u00f6ra fr\u00e5n v\u00e5ra kunder och svara p\u00e5 deras fr\u00e5gor. Tveka inte att kontakta oss om du har fr\u00e5gor om information, support eller produkter. Du kan n\u00e5 oss via e-post p\u00e5 [e-postadress] eller via telefon p\u00e5 [telefonnummer]. Vi finns ocks\u00e5 p\u00e5 sociala medier, d\u00e4r du kan f\u00f6lja oss f\u00f6r de senaste nyheterna och uppdateringarna.<\/p>\n<p>Tack f\u00f6r att du valde MariSwiss f\u00f6r dina schweiziska kvalitetsbehov av juridiska cannabisprodukter. Vi ser fram emot att betj\u00e4na dig och ge dig en exceptionell upplevelse varje steg p\u00e5 v\u00e4gen.<\/p>","protected":false},"excerpt":{"rendered":"<p>\u00c0 propos de MariSwiss : Votre Source de Confiance pour le Cannabis L\u00e9gal de Qualit\u00e9 Suisse et Monde Bienvenue chez MariSwiss, une soci\u00e9t\u00e9 europ\u00e9enne d\u00e9di\u00e9e \u00e0 l&#8217;offre de produits de cannabis l\u00e9gal de qualit\u00e9 depuis 2022. Nous sommes fiers de notre engagement envers l&#8217;excellence, la durabilit\u00e9 et la satisfaction de nos clients. Dans cette page, [&#8230;]","protected":false},"author":2,"featured_media":16175,"parent":0,"menu_order":0,"comment_status":"closed","ping_status":"closed","template":"","meta":{"inline_featured_image":false,"footnotes":""},"class_list":["post-16180","page","type-page","status-publish","has-post-thumbnail","hentry"],"jetpack_sharing_enabled":true,"_links":{"self":[{"href":"https:\/\/mariswiss.com\/sv\/wp-json\/wp\/v2\/pages\/16180","targetHints":{"allow":["GET"]}}],"collection":[{"href":"https:\/\/mariswiss.com\/sv\/wp-json\/wp\/v2\/pages"}],"about":[{"href":"https:\/\/mariswiss.com\/sv\/wp-json\/wp\/v2\/types\/page"}],"author":[{"embeddable":true,"href":"https:\/\/mariswiss.com\/sv\/wp-json\/wp\/v2\/users\/2"}],"replies":[{"embeddable":true,"href":"https:\/\/mariswiss.com\/sv\/wp-json\/wp\/v2\/comments?post=16180"}],"version-history":[{"count":13,"href":"https:\/\/mariswiss.com\/sv\/wp-json\/wp\/v2\/pages\/16180\/revisions"}],"predecessor-version":[{"id":19797,"href":"https:\/\/mariswiss.com\/sv\/wp-json\/wp\/v2\/pages\/16180\/revisions\/19797"}],"wp:featuredmedia":[{"embeddable":true,"href":"https:\/\/mariswiss.com\/sv\/wp-json\/wp\/v2\/media\/16175"}],"wp:attachment":[{"href":"https:\/\/mariswiss.com\/sv\/wp-json\/wp\/v2\/media?parent=16180"}],"curies":[{"name":"wp","href":"https:\/\/api.w.org\/{rel}","templated":true}]}}