{"id":16212,"date":"2023-10-03T12:59:53","date_gmt":"2023-10-03T12:59:53","guid":{"rendered":"https:\/\/mariswiss.com\/?page_id=16212"},"modified":"2024-12-05T15:16:10","modified_gmt":"2024-12-05T15:16:10","slug":"conditions-generales","status":"publish","type":"page","link":"https:\/\/mariswiss.com\/sv\/conditions-generales\/","title":{"rendered":"Allm\u00e4nna villkor (GTC)"},"content":{"rendered":"<h1>Allm\u00e4nna villkor (GTC)<\/h1>\n<p>Genom att anv\u00e4nda v\u00e5r webbplats och k\u00f6pa produkter eller tj\u00e4nster fr\u00e5n den godk\u00e4nner du automatiskt v\u00e5ra villkor och bekr\u00e4ftar att du \u00e4r minst 18 \u00e5r gammal.<\/p>\n<p><strong>1. Registrering<\/strong><br \/>\nDu \u00e4r ensam ansvarig f\u00f6r riktigheten och fullst\u00e4ndigheten i de uppgifter du l\u00e4mnar n\u00e4r du registrerar dig p\u00e5 webbplatsen.<br \/>\nVid behov ska du informera oss om eventuella \u00e4ndringar av de uppgifter som l\u00e4mnats genom att uppdatera profilen s\u00e5 snart som m\u00f6jligt.<br \/>\nN\u00e4r du registrerar dig m\u00e5ste du v\u00e4lja ett l\u00f6senord som g\u00f6r att du kan anv\u00e4nda v\u00e5r webbplats. Detta l\u00f6senord \u00e4r str\u00e4ngt konfidentiellt. Det f\u00e5r inte l\u00e4mnas ut till tredje part.<br \/>\nDu \u00e4r ensam ansvarig f\u00f6r anv\u00e4ndning, lagring och s\u00e4kerhet av ditt l\u00f6senord.<br \/>\nOm du vet eller misst\u00e4nker att en tredje part har tillg\u00e5ng till ditt l\u00f6senord ska du omedelbart informera oss om detta.<\/p>\n<p><strong>2. Utm\u00e4rkelser<\/strong><br \/>\nDe priser som visas p\u00e5 v\u00e5r webbplats \u00e4r i euro (EUR), schweiziska franc (CHF) och brittiska pund (\u00a3).<br \/>\nDet pris som anges p\u00e5 produktbladen inkluderar inte transport.<br \/>\n<em>Priserna kan komma att \u00e4ndras utan f\u00f6reg\u00e5ende meddelande.<\/em><\/p>\n<p><strong>3. Leverans<\/strong><br \/>\nDin best\u00e4llning skickas inom 24 till 48 timmar efter mottagandet av betalningen. N\u00e4r din best\u00e4llning har skickats kommer du att f\u00e5 ett e-postmeddelande med ditt sp\u00e5rningsnummer.<br \/>\nDu kan ocks\u00e5 hitta ditt sp\u00e5rningsnummer i din personliga del p\u00e5 v\u00e5r webbplats, under \"best\u00e4llningar\".<br \/>\nDin best\u00e4llning kommer att levereras till den adress som anges i best\u00e4llningen.<br \/>\nVi skickar din best\u00e4llning med prioriterad post med ett sp\u00e5rningsnummer.<br \/>\nDin best\u00e4llning kan skickas i flera paket.<br \/>\nLeveranstiden \u00e4r 3 (tre) till 5 (fem) arbetsdagar, eller l\u00e4ngre beroende p\u00e5 omst\u00e4ndigheterna.<\/p>\n<p><strong>4. Returpolicy<\/strong><br \/>\nOm du mot f\u00f6rmodan inte skulle vara n\u00f6jd med kvaliteten p\u00e5 v\u00e5ra produkter erbjuder vi en \u00e5terbetalningstj\u00e4nst:<\/p>\n<p>Du m\u00e5ste kontakta oss inom 7 dagar efter mottagandet genom att skicka ett e-postmeddelande till <a href=\"mailto:hello@mariswiss.com\">hello@mariswiss.com<\/a> . Genom att ge oss din orderreferens och beskriva varf\u00f6r du vill ha en \u00e5terbetalning. Vi ansvarar inte f\u00f6r eventuella f\u00f6rluster eller skador om du inte g\u00f6r detta.<br \/>\nReturnera produkten i o\u00f6ppnad originalf\u00f6rpackning. Om en vara har anv\u00e4nts\/\u00f6ppnats kan vi inte acceptera returer.<br \/>\nReturnerade varor kommer att inspekteras f\u00f6r defekter och antingen ers\u00e4ttas eller \u00e5terbetalas om en defekt identifieras.<br \/>\n\u00c5terbetalningen avser kostnaden f\u00f6r produkten och exkluderar alla porto-, f\u00f6rpacknings- och fraktkostnader.<br \/>\n\u00c5terbetalningar krediteras i allm\u00e4nhet med samma betalningsmetod som k\u00f6pet.<br \/>\nVi accepterar inte returer av produkter om du inte gillar smaken eller lukten.<\/p>\n<p><strong>5. \u00c5terbetalning<\/strong><\/p>\n<p>Om du av n\u00e5gon anledning vill ha pengarna tillbaka, v\u00e4nligen kontakta oss p\u00e5 f\u00f6ljande e-postadress: <a href=\"mailto:hello@mariswiss.com\">hello@mariswiss.com<\/a> s\u00e5 kommer vi att besvara din f\u00f6rfr\u00e5gan. \u00c5terbetalningar kommer att g\u00f6ras fr\u00e5n fall till fall och med obestridliga bevis.<\/p>\n<p><strong>6. Fel vid leverans<\/strong><br \/>\n- Du m\u00e5ste omedelbart kontrollera den levererade ordern.<\/p>\n<p>- Om varan inte motsvarar den best\u00e4llda varan kan det bero p\u00e5 ett leveransfel. Du har d\u00e5 tre (3) arbetsdagar p\u00e5 dig att meddela oss om felet.<\/p>\n<p>- I h\u00e4ndelse av ett fraktfel som vi \u00e4r ansvariga f\u00f6r kommer vi att f\u00f6resl\u00e5 en kompensationsl\u00f6sning fr\u00e5n fall till fall.<\/p>\n<p><strong>7. Betalningsmetoder<\/strong><br \/>\nVi f\u00f6resl\u00e5r f\u00f6ljande betalningsmetod:<\/p>\n<p>Kreditkort (Visa, MasterCard, American Express)<br \/>\nBank\u00f6verf\u00f6ring: IBAN : FR76 3000 4006 8300 0102 5141 293. BIC : BNPAFRPPXXX<br \/>\n* Ditt kreditkortsnummer skickas till betalningsservrarna. Din betalning g\u00f6rs direkt i en s\u00e4ker milj\u00f6 utan att passera www.mariswiss.com-servern, vilket garanterar att ditt kreditkortsnummer endast \u00e4r k\u00e4nt av v\u00e5r bankpartner.<\/p>\n<p><strong>8. Kundens ansvar<\/strong><br \/>\nObservera att vi inte \u00e4r auktoriserade att ge medicinsk r\u00e5dgivning eller diagnos. Vi r\u00e5der dig att konsultera din l\u00e4kare innan du b\u00f6rjar konsumera produkter som inneh\u00e5ller CBD. Vi p\u00e5minner dig ocks\u00e5 om att n\u00e4r du f\u00f6rbinder dig att g\u00f6ra ett k\u00f6p f\u00f6rbinder du dig att respektera reglerna, att vara myndig och att k\u00e4nna till de lagar som g\u00e4ller i ditt land avseende CBD.<\/p>\n<p>Kunden accepterar ansvar f\u00f6r:<\/p>\n<p>Personskada,<br \/>\nSkadest\u00e5nd och r\u00e4nta,<br \/>\nBestraffnings\u00e5tg\u00e4rder,<br \/>\nF\u00f6rlust av vinst eller int\u00e4kter,<br \/>\nF\u00f6rlust av anv\u00e4ndning av en produkt eller utrustning,<br \/>\nF\u00f6rlust av egendom till f\u00f6ljd av k\u00f6p, anv\u00e4ndning eller felaktig anv\u00e4ndning av en produkt.<br \/>\nMariswiss.com, dess \u00e4gare, agenter och anst\u00e4llda kan inte h\u00e5llas ansvariga f\u00f6r sina kunders handlingar.<\/p>\n<p><strong>9. Datapolicy<\/strong><br \/>\nV\u00e4nligen l\u00e4s v\u00e5r integritetspolicy noggrant.<\/p>\n<p><strong>10. \u00c4ndring av v\u00e5ra allm\u00e4nna villkor<\/strong><br \/>\nVi kan komma att \u00e4ndra (uppdatera) v\u00e5ra villkor fr\u00e5n tid till annan. Vi kommer att meddela dig om eventuella \u00e4ndringar genom att publicera den nya sekretesspolicyn p\u00e5 denna sida.<br \/>\nV\u00e4nligen l\u00e4s denna sida ofta n\u00e4r du anv\u00e4nder v\u00e5r tj\u00e4nst.<br \/>\nVi rekommenderar att du regelbundet l\u00e4ser denna sekretesspolicy f\u00f6r att ta del av eventuella \u00e4ndringar. \u00c4ndringar i denna sekretesspolicy tr\u00e4der i kraft s\u00e5 snart de har publicerats p\u00e5 denna sida.<\/p>\n<p><strong>11. Kontakt och kundservice<\/strong><br \/>\nF\u00f6r ytterligare information, v\u00e4nligen kontakta oss via e-post p\u00e5 <a href=\"mailto:contact@mariswiss.com\">contatc@mariswiss.com<\/a> eller p\u00e5 v\u00e5r <a href=\"https:\/\/ticket.mariswiss.com\/\">Kontakta oss om du vill ha mer information.<\/a><\/p>","protected":false},"excerpt":{"rendered":"<p>Conditions g\u00e9n\u00e9rales (CVG) L\u2019utilisation de notre site web et l\u2019achat de produits ou services sur celui-ci, confirme automatiquement que vous acceptez nos conditions g\u00e9n\u00e9rales et que vous confirmez que vous avez au moins 18 ans. 1. Inscription Vous \u00eates seul responsable de l\u2019exactitude et de l\u2019exhaustivit\u00e9 des donn\u00e9es que vous fournissez lors de votre inscription [&#8230;]","protected":false},"author":2,"featured_media":0,"parent":0,"menu_order":0,"comment_status":"closed","ping_status":"closed","template":"","meta":{"inline_featured_image":false,"footnotes":""},"class_list":["post-16212","page","type-page","status-publish","hentry"],"jetpack_sharing_enabled":true,"_links":{"self":[{"href":"https:\/\/mariswiss.com\/sv\/wp-json\/wp\/v2\/pages\/16212","targetHints":{"allow":["GET"]}}],"collection":[{"href":"https:\/\/mariswiss.com\/sv\/wp-json\/wp\/v2\/pages"}],"about":[{"href":"https:\/\/mariswiss.com\/sv\/wp-json\/wp\/v2\/types\/page"}],"author":[{"embeddable":true,"href":"https:\/\/mariswiss.com\/sv\/wp-json\/wp\/v2\/users\/2"}],"replies":[{"embeddable":true,"href":"https:\/\/mariswiss.com\/sv\/wp-json\/wp\/v2\/comments?post=16212"}],"version-history":[{"count":7,"href":"https:\/\/mariswiss.com\/sv\/wp-json\/wp\/v2\/pages\/16212\/revisions"}],"predecessor-version":[{"id":19794,"href":"https:\/\/mariswiss.com\/sv\/wp-json\/wp\/v2\/pages\/16212\/revisions\/19794"}],"wp:attachment":[{"href":"https:\/\/mariswiss.com\/sv\/wp-json\/wp\/v2\/media?parent=16212"}],"curies":[{"name":"wp","href":"https:\/\/api.w.org\/{rel}","templated":true}]}}